{"id":3928,"date":"2025-06-17T16:02:37","date_gmt":"2025-06-17T16:02:37","guid":{"rendered":"https:\/\/urban-clothingstore.com\/?page_id=3928"},"modified":"2025-09-08T15:20:18","modified_gmt":"2025-09-08T15:20:18","slug":"about-us","status":"publish","type":"page","link":"https:\/\/urban-clothingstore.com\/en\/about-us\/","title":{"rendered":"About us"},"content":{"rendered":"<div data-elementor-type=\"wp-page\" data-elementor-id=\"3928\" class=\"elementor elementor-3928\">\n\t\t\t\t<div class=\"elementor-element elementor-element-8a61fc7 e-con-full e-flex e-con e-parent\" data-id=\"8a61fc7\" data-element_type=\"container\" data-e-type=\"container\">\n\t\t\t\t<div class=\"elementor-element elementor-element-1937533 elementor-widget elementor-widget-heading\" data-id=\"1937533\" data-element_type=\"widget\" data-e-type=\"widget\" data-widget_type=\"heading.default\">\n\t\t\t\t<div class=\"elementor-widget-container\">\n\t\t\t\t\t<h3 class=\"elementor-heading-title elementor-size-default\">RRETH NESH<\/h3>\t\t\t\t<\/div>\n\t\t\t\t<\/div>\n\t\t\t\t<div class=\"elementor-element elementor-element-d061e99 elementor-widget elementor-widget-image\" data-id=\"d061e99\" data-element_type=\"widget\" data-e-type=\"widget\" data-widget_type=\"image.default\">\n\t\t\t\t<div class=\"elementor-widget-container\">\n\t\t\t\t\t\t\t\t\t\t\t\t\t\t\t<img fetchpriority=\"high\" decoding=\"async\" width=\"2560\" height=\"792\" src=\"https:\/\/urban-clothingstore.com\/wp-content\/uploads\/2025\/06\/urunler-title-bars.jpg\" class=\"attachment-full size-full wp-image-3931\" alt=\"\" srcset=\"https:\/\/urban-clothingstore.com\/wp-content\/uploads\/2025\/06\/urunler-title-bars.jpg 2560w, https:\/\/urban-clothingstore.com\/wp-content\/uploads\/2025\/06\/urunler-title-bars-300x93.jpg 300w, https:\/\/urban-clothingstore.com\/wp-content\/uploads\/2025\/06\/urunler-title-bars-1024x317.jpg 1024w, https:\/\/urban-clothingstore.com\/wp-content\/uploads\/2025\/06\/urunler-title-bars-1536x475.jpg 1536w, https:\/\/urban-clothingstore.com\/wp-content\/uploads\/2025\/06\/urunler-title-bars-2048x634.jpg 2048w, https:\/\/urban-clothingstore.com\/wp-content\/uploads\/2025\/06\/urunler-title-bars-600x186.jpg 600w, https:\/\/urban-clothingstore.com\/wp-content\/uploads\/2025\/06\/urunler-title-bars-18x6.jpg 18w\" sizes=\"(max-width: 2560px) 100vw, 2560px\" \/>\t\t\t\t\t\t\t\t\t\t\t\t\t\t\t<\/div>\n\t\t\t\t<\/div>\n\t\t\t\t<\/div>\n\t\t<div class=\"elementor-element elementor-element-7a53d74 e-grid e-con-boxed e-con e-parent\" data-id=\"7a53d74\" data-element_type=\"container\" data-e-type=\"container\">\n\t\t\t\t\t<div class=\"e-con-inner\">\n\t\t<div class=\"elementor-element elementor-element-75330d4 e-con-full e-flex e-con e-child\" data-id=\"75330d4\" data-element_type=\"container\" data-e-type=\"container\">\n\t\t\t\t<div class=\"elementor-element elementor-element-e75e638 elementor-widget elementor-widget-text-editor\" data-id=\"e75e638\" data-element_type=\"widget\" data-e-type=\"widget\" data-widget_type=\"text-editor.default\">\n\t\t\t\t<div class=\"elementor-widget-container\">\n\t\t\t\t\t\t\t\t\t<p><strong data-start=\"131\" data-end=\"155\">Urban Clothing Store<\/strong> \u00ebsht\u00eb destinacioni i preferuar i stilit urban dhe premium n\u00eb Kosov\u00eb. Me nj\u00eb p\u00ebrkushtim t\u00eb vazhduesh\u00ebm ndaj cil\u00ebsis\u00eb dhe mod\u00ebs, ne ofrojm\u00eb koleksione q\u00eb p\u00ebrfaq\u00ebsojn\u00eb stilin modern, komoditetin dhe origjinalitetin.<\/p><p>N\u00eb dyqanet tona do t\u00eb gjeni brende ekskluzive si <strong data-start=\"419\" data-end=\"433\">2Y Premium<\/strong> dhe <strong data-start=\"438\" data-end=\"457\">FC Plus Fashion<\/strong>, t\u00eb njohura p\u00ebr dizajnin e ve\u00e7ant\u00eb dhe p\u00ebrdorimin e <strong data-start=\"510\" data-end=\"533\">materialeve premium<\/strong>, q\u00eb i japin \u00e7do veshje nj\u00eb ndjesi luksi dhe q\u00ebndrueshm\u00ebrie.<\/p>\t\t\t\t\t\t\t\t<\/div>\n\t\t\t\t<\/div>\n\t\t\t\t<\/div>\n\t\t\t\t\t<\/div>\n\t\t\t\t<\/div>\n\t\t<div class=\"elementor-element elementor-element-99f4996 e-grid e-con-boxed e-con e-parent\" data-id=\"99f4996\" data-element_type=\"container\" data-e-type=\"container\">\n\t\t\t\t\t<div class=\"e-con-inner\">\n\t\t\t\t<div class=\"elementor-element elementor-element-b57dd93 elementor-widget elementor-widget-google_maps\" data-id=\"b57dd93\" data-element_type=\"widget\" data-e-type=\"widget\" data-widget_type=\"google_maps.default\">\n\t\t\t\t<div class=\"elementor-widget-container\">\n\t\t\t\t\t\t\t<div class=\"elementor-custom-embed\">\n\t\t\t<iframe loading=\"lazy\"\n\t\t\t\t\tsrc=\"https:\/\/maps.google.com\/maps?q=Prishtina%20Kosovo&#038;t=m&#038;z=20&#038;output=embed&#038;iwloc=near\"\n\t\t\t\t\ttitle=\"Prishtina Kosovo\"\n\t\t\t\t\taria-label=\"Prishtina Kosovo\"\n\t\t\t><\/iframe>\n\t\t<\/div>\n\t\t\t\t\t\t<\/div>\n\t\t\t\t<\/div>\n\t\t\t\t<div class=\"elementor-element elementor-element-3e7b726 elementor-widget elementor-widget-text-editor\" data-id=\"3e7b726\" data-element_type=\"widget\" data-e-type=\"widget\" data-widget_type=\"text-editor.default\">\n\t\t\t\t<div class=\"elementor-widget-container\">\n\t\t\t\t\t\t\t\t\t<p>\u00a0<\/p><p style=\"padding-left: 40px;\"><span style=\"font-size: 24px;\"><strong>LOKACIONET TONA<\/strong><\/span><\/p><p style=\"padding-left: 40px;\">\ud83d\udccd Bulevardi Bill Klinton, af\u00ebr nd\u00ebrtes\u00ebs s\u00eb KEDS-it \u2013 Prishtin\u00eb <br \/>\ud83d\udccd N\u00ebnkalimi, tek Katedralja \u2013 Prishtin\u00eb<\/p>\t\t\t\t\t\t\t\t<\/div>\n\t\t\t\t<\/div>\n\t\t\t\t\t<\/div>\n\t\t\t\t<\/div>\n\t\t\t\t<\/div>","protected":false},"excerpt":{"rendered":"<p>RRETH NESH Urban Clothing Store \u00ebsht\u00eb destinacioni i preferuar i stilit urban dhe premium n\u00eb Kosov\u00eb. Me nj\u00eb p\u00ebrkushtim t\u00eb vazhduesh\u00ebm ndaj cil\u00ebsis\u00eb dhe mod\u00ebs, ne ofrojm\u00eb koleksione q\u00eb p\u00ebrfaq\u00ebsojn\u00eb stilin modern, komoditetin dhe origjinalitetin. N\u00eb dyqanet tona do t\u00eb gjeni brende ekskluzive si 2Y Premium dhe FC Plus Fashion, t\u00eb njohura p\u00ebr dizajnin e [&hellip;]<\/p>","protected":false},"author":2,"featured_media":0,"parent":0,"menu_order":0,"comment_status":"closed","ping_status":"closed","template":"","meta":{"footnotes":""},"class_list":["post-3928","page","type-page","status-publish","hentry"],"jetpack_sharing_enabled":true,"_links":{"self":[{"href":"https:\/\/urban-clothingstore.com\/en\/wp-json\/wp\/v2\/pages\/3928","targetHints":{"allow":["GET"]}}],"collection":[{"href":"https:\/\/urban-clothingstore.com\/en\/wp-json\/wp\/v2\/pages"}],"about":[{"href":"https:\/\/urban-clothingstore.com\/en\/wp-json\/wp\/v2\/types\/page"}],"author":[{"embeddable":true,"href":"https:\/\/urban-clothingstore.com\/en\/wp-json\/wp\/v2\/users\/2"}],"replies":[{"embeddable":true,"href":"https:\/\/urban-clothingstore.com\/en\/wp-json\/wp\/v2\/comments?post=3928"}],"version-history":[{"count":37,"href":"https:\/\/urban-clothingstore.com\/en\/wp-json\/wp\/v2\/pages\/3928\/revisions"}],"predecessor-version":[{"id":6108,"href":"https:\/\/urban-clothingstore.com\/en\/wp-json\/wp\/v2\/pages\/3928\/revisions\/6108"}],"wp:attachment":[{"href":"https:\/\/urban-clothingstore.com\/en\/wp-json\/wp\/v2\/media?parent=3928"}],"curies":[{"name":"wp","href":"https:\/\/api.w.org\/{rel}","templated":true}]}}