{"id":9,"date":"2024-10-25T23:14:54","date_gmt":"2024-10-25T23:14:54","guid":{"rendered":"https:\/\/urban-clothingstore.com\/cart\/"},"modified":"2024-10-25T23:14:54","modified_gmt":"2024-10-25T23:14:54","slug":"cart","status":"publish","type":"page","link":"https:\/\/urban-clothingstore.com\/en\/cart\/","title":{"rendered":"Cart"},"content":{"rendered":"<div data-block-name=\"woocommerce\/cart\" class=\"wp-block-woocommerce-cart alignwide is-loading\">\n<div data-block-name=\"woocommerce\/filled-cart-block\" class=\"wp-block-woocommerce-filled-cart-block\">\n<div data-block-name=\"woocommerce\/cart-items-block\" class=\"wp-block-woocommerce-cart-items-block\">\n<div data-block-name=\"woocommerce\/cart-line-items-block\" class=\"wp-block-woocommerce-cart-line-items-block\"><\/div>\n\n\n\n<div data-block-name=\"woocommerce\/cart-cross-sells-block\" class=\"wp-block-woocommerce-cart-cross-sells-block\">\n<h2 class=\"wp-block-heading has-large-font-size\">You may be interested in\u2026<\/h2>\n\n\n\n<div data-block-name=\"woocommerce\/cart-cross-sells-products-block\" class=\"wp-block-woocommerce-cart-cross-sells-products-block\"><\/div>\n<\/div>\n<\/div>\n\n\n\n<div data-block-name=\"woocommerce\/cart-totals-block\" class=\"wp-block-woocommerce-cart-totals-block\">\n<div data-block-name=\"woocommerce\/cart-order-summary-block\" class=\"wp-block-woocommerce-cart-order-summary-block\">\n<div data-block-name=\"woocommerce\/cart-order-summary-heading-block\" class=\"wp-block-woocommerce-cart-order-summary-heading-block\"><\/div><div data-block-name=\"woocommerce\/cart-order-summary-coupon-form-block\" class=\"wp-block-woocommerce-cart-order-summary-coupon-form-block\"><\/div><div data-block-name=\"woocommerce\/cart-order-summary-totals-block\" class=\"wp-block-woocommerce-cart-order-summary-totals-block\">\n<div data-block-name=\"woocommerce\/cart-order-summary-subtotal-block\" class=\"wp-block-woocommerce-cart-order-summary-subtotal-block\"><\/div>\n<div data-block-name=\"woocommerce\/cart-order-summary-discount-block\" class=\"wp-block-woocommerce-cart-order-summary-discount-block\"><\/div>\n<div data-block-name=\"woocommerce\/cart-order-summary-fee-block\" class=\"wp-block-woocommerce-cart-order-summary-fee-block\"><\/div>\n<div data-block-name=\"woocommerce\/cart-order-summary-shipping-block\" class=\"wp-block-woocommerce-cart-order-summary-shipping-block\"><\/div>\n<div data-block-name=\"woocommerce\/cart-order-summary-taxes-block\" class=\"wp-block-woocommerce-cart-order-summary-taxes-block\"><\/div><\/div>\n<\/div>\n\n\n\n<div data-block-name=\"woocommerce\/cart-express-payment-block\" class=\"wp-block-woocommerce-cart-express-payment-block\"><\/div>\n\n\n\n<div data-block-name=\"woocommerce\/proceed-to-checkout-block\" class=\"wp-block-woocommerce-proceed-to-checkout-block\"><\/div>\n\n\n\n<div data-block-name=\"woocommerce\/cart-accepted-payment-methods-block\" class=\"wp-block-woocommerce-cart-accepted-payment-methods-block\"><\/div>\n<\/div>\n<\/div>\n\n\n\n<div data-block-name=\"woocommerce\/empty-cart-block\" class=\"wp-block-woocommerce-empty-cart-block\">\n<h2 class=\"wp-block-heading has-text-align-center with-empty-cart-icon wc-block-cart__empty-cart__title\">Your cart is currently empty!<\/h2>\n\n\n\n<hr class=\"wp-block-separator has-alpha-channel-opacity is-style-dots\"\/>\n\n\n\n<h2 class=\"wp-block-heading has-text-align-center\">New in store<\/h2>\n\n\n<div data-block-name=\"woocommerce\/product-new\" data-columns=\"4\" data-rows=\"1\" class=\"wc-block-grid wp-block-product-new wp-block-woocommerce-product-new wc-block-product-new has-4-columns\"><ul class=\"wc-block-grid__products\"><li class=\"wc-block-grid__product\">\n\t\t\t\t<a href=\"https:\/\/urban-clothingstore.com\/en\/product\/xhinse-blu-per-meshkuj-stil-klasik-komfort-i-perditshem\/\" class=\"wc-block-grid__product-link\">\n\t\t\t\t\t\n\t\t\t\t\t<div class=\"wc-block-grid__product-image\"><img fetchpriority=\"high\" decoding=\"async\" width=\"300\" height=\"300\" src=\"https:\/\/urban-clothingstore.com\/wp-content\/uploads\/2026\/04\/675458543_18528053179077418_8655946778509166033_n-300x300.jpg\" class=\"attachment-woocommerce_thumbnail size-woocommerce_thumbnail\" alt=\"Xhinse Blu p\u00ebr Meshkuj \u2013 Stil Klasik &amp; Komfort i P\u00ebrditsh\u00ebm\" srcset=\"https:\/\/urban-clothingstore.com\/wp-content\/uploads\/2026\/04\/675458543_18528053179077418_8655946778509166033_n-300x300.jpg 300w, https:\/\/urban-clothingstore.com\/wp-content\/uploads\/2026\/04\/675458543_18528053179077418_8655946778509166033_n-150x150.jpg 150w\" sizes=\"(max-width: 300px) 100vw, 300px\" itemprop=\"image\" \/><\/div>\n\t\t\t\t\t<div class=\"wc-block-grid__product-title\">Xhinse Blu p\u00ebr Meshkuj \u2013 Stil Klasik &amp; Komfort i P\u00ebrditsh\u00ebm<\/div>\n\t\t\t\t<\/a>\n\t\t\t\t<div class=\"wc-block-grid__product-price price\"><span class=\"woocommerce-Price-amount amount\"><span class=\"woocommerce-Price-currencySymbol\">&euro;<\/span>45.00<\/span><\/div>\n\t\t\t\t\n\t\t\t\t<div class=\"wp-block-button wc-block-grid__product-add-to-cart\"><a href=\"https:\/\/urban-clothingstore.com\/en\/product\/xhinse-blu-per-meshkuj-stil-klasik-komfort-i-perditshem\/\" aria-label=\"P\u00ebrzgjidhni mund\u00ebsi p\u00ebr \u201cXhinse Blu p\u00ebr Meshkuj \u2013 Stil Klasik &amp; Komfort i P\u00ebrditsh\u00ebm\u201d\" data-quantity=\"1\" data-product_id=\"19027\" data-product_sku=\"\" data-price=\"45\" rel=\"nofollow\" class=\"wp-block-button__link  add_to_cart_button\" data-no-translation=\"\" data-trp-gettext=\"\" data-no-translation-aria-label=\"\">Zgjidh madh\u00ebsin\u00eb<\/a><\/div>\n\t\t\t<\/li><li class=\"wc-block-grid__product\">\n\t\t\t\t<a href=\"https:\/\/urban-clothingstore.com\/en\/product\/xhinse-per-meshkuj-stil-modern-komoditet-maksimal\/\" class=\"wc-block-grid__product-link\">\n\t\t\t\t\t\n\t\t\t\t\t<div class=\"wc-block-grid__product-image\"><img decoding=\"async\" width=\"300\" height=\"300\" src=\"data:image\/svg+xml;charset=utf-8,%3Csvg xmlns%3D&#039;http%3A%2F%2Fwww.w3.org%2F2000%2Fsvg&#039; viewBox%3D&#039;0 0 300 300&#039;%2F%3E\" class=\"attachment-woocommerce_thumbnail size-woocommerce_thumbnail ld-lazyload\" alt=\"Xhinse p\u00ebr Meshkuj \u2013 Stil Modern &amp; Komoditet Maksimal\" itemprop=\"image\" data-src=\"https:\/\/urban-clothingstore.com\/wp-content\/uploads\/2026\/04\/682378170_18528068617077418_8181081786578463429_n-300x300.jpg\" data-srcset=\"https:\/\/urban-clothingstore.com\/wp-content\/uploads\/2026\/04\/682378170_18528068617077418_8181081786578463429_n-300x300.jpg 300w, https:\/\/urban-clothingstore.com\/wp-content\/uploads\/2026\/04\/682378170_18528068617077418_8181081786578463429_n-150x150.jpg 150w\" data-sizes=\"(max-width: 300px) 100vw, 300px\" data-aspect=\"1\" \/><\/div>\n\t\t\t\t\t<div class=\"wc-block-grid__product-title\">Xhinse p\u00ebr Meshkuj \u2013 Stil Modern &amp; Komoditet Maksimal<\/div>\n\t\t\t\t<\/a>\n\t\t\t\t<div class=\"wc-block-grid__product-price price\"><span class=\"woocommerce-Price-amount amount\"><span class=\"woocommerce-Price-currencySymbol\">&euro;<\/span>45.00<\/span><\/div>\n\t\t\t\t\n\t\t\t\t<div class=\"wp-block-button wc-block-grid__product-add-to-cart\"><a href=\"https:\/\/urban-clothingstore.com\/en\/product\/xhinse-per-meshkuj-stil-modern-komoditet-maksimal\/\" aria-label=\"P\u00ebrzgjidhni mund\u00ebsi p\u00ebr \u201cXhinse p\u00ebr Meshkuj \u2013 Stil Modern &amp; Komoditet Maksimal\u201d\" data-quantity=\"1\" data-product_id=\"19017\" data-product_sku=\"\" data-price=\"45\" rel=\"nofollow\" class=\"wp-block-button__link  add_to_cart_button\" data-no-translation=\"\" data-trp-gettext=\"\" data-no-translation-aria-label=\"\">Zgjidh madh\u00ebsin\u00eb<\/a><\/div>\n\t\t\t<\/li><li class=\"wc-block-grid__product\">\n\t\t\t\t<a href=\"https:\/\/urban-clothingstore.com\/en\/product\/kemishe-elegante-me-vija-per-meshkuj-slim-fit-stil-modern\/\" class=\"wc-block-grid__product-link\">\n\t\t\t\t\t\n\t\t\t\t\t<div class=\"wc-block-grid__product-image\"><img decoding=\"async\" width=\"300\" height=\"300\" src=\"data:image\/svg+xml;charset=utf-8,%3Csvg xmlns%3D&#039;http%3A%2F%2Fwww.w3.org%2F2000%2Fsvg&#039; viewBox%3D&#039;0 0 300 300&#039;%2F%3E\" class=\"attachment-woocommerce_thumbnail size-woocommerce_thumbnail ld-lazyload\" alt=\"K\u00ebmish\u00eb Elegante me Vija p\u00ebr Meshkuj \u2013 Slim Fit &amp; Stil Modern\" itemprop=\"image\" data-src=\"https:\/\/urban-clothingstore.com\/wp-content\/uploads\/2026\/04\/ME-VIJA-VISHNJE-300x300.jpg\" data-srcset=\"https:\/\/urban-clothingstore.com\/wp-content\/uploads\/2026\/04\/ME-VIJA-VISHNJE-300x300.jpg 300w, https:\/\/urban-clothingstore.com\/wp-content\/uploads\/2026\/04\/ME-VIJA-VISHNJE-150x150.jpg 150w\" data-sizes=\"(max-width: 300px) 100vw, 300px\" data-aspect=\"1\" \/><\/div>\n\t\t\t\t\t<div class=\"wc-block-grid__product-title\">K\u00ebmish\u00eb Elegante me Vija p\u00ebr Meshkuj \u2013 Slim Fit &amp; Stil Modern<\/div>\n\t\t\t\t<\/a>\n\t\t\t\t<div class=\"wc-block-grid__product-price price\"><span class=\"woocommerce-Price-amount amount\"><span class=\"woocommerce-Price-currencySymbol\">&euro;<\/span>37.00<\/span><\/div>\n\t\t\t\t\n\t\t\t\t<div class=\"wp-block-button wc-block-grid__product-add-to-cart\"><a href=\"https:\/\/urban-clothingstore.com\/en\/product\/kemishe-elegante-me-vija-per-meshkuj-slim-fit-stil-modern\/\" aria-label=\"P\u00ebrzgjidhni mund\u00ebsi p\u00ebr \u201cK\u00ebmish\u00eb Elegante me Vija p\u00ebr Meshkuj \u2013 Slim Fit &amp; Stil Modern\u201d\" data-quantity=\"1\" data-product_id=\"18961\" data-product_sku=\"\" data-price=\"37\" rel=\"nofollow\" class=\"wp-block-button__link  add_to_cart_button\" data-no-translation=\"\" data-trp-gettext=\"\" data-no-translation-aria-label=\"\">Zgjidh madh\u00ebsin\u00eb<\/a><\/div>\n\t\t\t<\/li><li class=\"wc-block-grid__product\">\n\t\t\t\t<a href=\"https:\/\/urban-clothingstore.com\/en\/product\/set-veror-premium-per-meshkuj-kemishe-pantallona-stil-elegant-casual\/\" class=\"wc-block-grid__product-link\">\n\t\t\t\t\t\n\t\t\t\t\t<div class=\"wc-block-grid__product-image\"><img loading=\"lazy\" decoding=\"async\" width=\"300\" height=\"300\" src=\"data:image\/svg+xml;charset=utf-8,%3Csvg xmlns%3D&#039;http%3A%2F%2Fwww.w3.org%2F2000%2Fsvg&#039; viewBox%3D&#039;0 0 300 300&#039;%2F%3E\" class=\"attachment-woocommerce_thumbnail size-woocommerce_thumbnail ld-lazyload\" alt=\"Set Veror Premium p\u00ebr Meshkuj (K\u00ebmish\u00eb + Pantallona) \u2013 Stil Elegant &amp; Casual\" itemprop=\"image\" data-src=\"https:\/\/urban-clothingstore.com\/wp-content\/uploads\/2026\/04\/SET-BEZH-1-300x300.jpg\" data-srcset=\"https:\/\/urban-clothingstore.com\/wp-content\/uploads\/2026\/04\/SET-BEZH-1-300x300.jpg 300w, https:\/\/urban-clothingstore.com\/wp-content\/uploads\/2026\/04\/SET-BEZH-1-150x150.jpg 150w\" data-sizes=\"(max-width: 300px) 100vw, 300px\" data-aspect=\"1\" \/><\/div>\n\t\t\t\t\t<div class=\"wc-block-grid__product-title\">Set Veror Premium p\u00ebr Meshkuj (K\u00ebmish\u00eb + Pantallona) \u2013 Stil Elegant &amp; Casual<\/div>\n\t\t\t\t<\/a>\n\t\t\t\t<div class=\"wc-block-grid__product-price price\"><span class=\"woocommerce-Price-amount amount\"><span class=\"woocommerce-Price-currencySymbol\">&euro;<\/span>65.00<\/span><\/div>\n\t\t\t\t\n\t\t\t\t<div class=\"wp-block-button wc-block-grid__product-add-to-cart\"><a href=\"https:\/\/urban-clothingstore.com\/en\/product\/set-veror-premium-per-meshkuj-kemishe-pantallona-stil-elegant-casual\/\" aria-label=\"P\u00ebrzgjidhni mund\u00ebsi p\u00ebr \u201cSet Veror Premium p\u00ebr Meshkuj (K\u00ebmish\u00eb + Pantallona) \u2013 Stil Elegant &amp; Casual\u201d\" data-quantity=\"1\" data-product_id=\"18930\" data-product_sku=\"\" data-price=\"65\" rel=\"nofollow\" class=\"wp-block-button__link  add_to_cart_button\" data-no-translation=\"\" data-trp-gettext=\"\" data-no-translation-aria-label=\"\">Zgjidh madh\u00ebsin\u00eb<\/a><\/div>\n\t\t\t<\/li><\/ul><\/div><\/div>\n<\/div>","protected":false},"excerpt":{"rendered":"","protected":false},"author":1,"featured_media":0,"parent":0,"menu_order":0,"comment_status":"closed","ping_status":"closed","template":"","meta":{"footnotes":""},"class_list":["post-9","page","type-page","status-publish","hentry"],"jetpack_sharing_enabled":true,"_links":{"self":[{"href":"https:\/\/urban-clothingstore.com\/en\/wp-json\/wp\/v2\/pages\/9","targetHints":{"allow":["GET"]}}],"collection":[{"href":"https:\/\/urban-clothingstore.com\/en\/wp-json\/wp\/v2\/pages"}],"about":[{"href":"https:\/\/urban-clothingstore.com\/en\/wp-json\/wp\/v2\/types\/page"}],"author":[{"embeddable":true,"href":"https:\/\/urban-clothingstore.com\/en\/wp-json\/wp\/v2\/users\/1"}],"replies":[{"embeddable":true,"href":"https:\/\/urban-clothingstore.com\/en\/wp-json\/wp\/v2\/comments?post=9"}],"version-history":[{"count":0,"href":"https:\/\/urban-clothingstore.com\/en\/wp-json\/wp\/v2\/pages\/9\/revisions"}],"wp:attachment":[{"href":"https:\/\/urban-clothingstore.com\/en\/wp-json\/wp\/v2\/media?parent=9"}],"curies":[{"name":"wp","href":"https:\/\/api.w.org\/{rel}","templated":true}]}}