{"id":1009,"date":"2025-02-11T21:29:17","date_gmt":"2025-02-11T21:29:17","guid":{"rendered":"https:\/\/urban-clothingstore.com\/?post_type=product&#038;p=1009"},"modified":"2025-09-03T12:13:24","modified_gmt":"2025-09-03T12:13:24","slug":"classic-brown-button-up-jacket","status":"publish","type":"product","link":"https:\/\/urban-clothingstore.com\/en\/product\/classic-brown-button-up-jacket\/","title":{"rendered":"Xhaket\u00eb Klasike Ngjyr\u00eb Kafe me Pulla"},"content":{"rendered":"<p><span class=\"jCAhz ChMk0b\"><span class=\"ryNqvb\">Xhaketa klasike kafe me kopsa \u00ebsht\u00eb nj\u00eb pjes\u00eb thelb\u00ebsore p\u00ebr \u00e7do gard\u00ebrob\u00eb.<\/span><\/span> <span class=\"jCAhz ChMk0b\"><span class=\"ryNqvb\">Dizajni i saj i gjithansh\u00ebm lejon kombinimin e leht\u00eb me veshje t\u00eb ndryshme, duke e b\u00ebr\u00eb at\u00eb nj\u00eb element baz\u00eb si p\u00ebr raste t\u00eb rast\u00ebsishme ashtu edhe p\u00ebr raste formale.<\/span><\/span><\/p>\n<p><strong><span class=\"jCAhz ChMk0b\"><span class=\"ryNqvb\">Mjesht\u00ebri Cil\u00ebsore <\/span><\/span><\/strong><\/p>\n<p><span class=\"jCAhz ChMk0b\"><span class=\"ryNqvb\">E b\u00ebr\u00eb nga materiale me cil\u00ebsi t\u00eb lart\u00eb, kjo xhaket\u00eb ofron q\u00ebndrueshm\u00ebri dhe rehati.<\/span><\/span> <span class=\"jCAhz ChMk0b\"><span class=\"ryNqvb\">Ngjyra klasike kafe shton nj\u00eb prekje sofistikimi, nd\u00ebrsa stili me pulla siguron nj\u00eb p\u00ebrshtatje perfekte.<\/span><\/span><\/p>\n<p><strong><span class=\"jCAhz ChMk0b\"><span class=\"ryNqvb\">Ideale p\u00ebr t\u00eb gjitha stin\u00ebt <\/span><\/span><\/strong><\/p>\n<p><span class=\"jCAhz ChMk0b\"><span class=\"ryNqvb\">Pavar\u00ebsisht n\u00ebse visheni p\u00ebr nj\u00eb dalje n\u00eb mbr\u00ebmje apo visheni me shtresa p\u00ebr muajt e ftoht\u00eb, xhaketa klasike kafe p\u00ebrshtatet me nevojat tuaja pa mundim.<\/span><\/span> <span class=\"jCAhz ChMk0b\"><span class=\"ryNqvb\">P\u00ebrqafoni dukjen e p\u00ebrjetshme dhe b\u00ebjeni at\u00eb nj\u00eb pjes\u00eb ky\u00e7e t\u00eb stilit tuaj sot!<\/span><\/span><\/p>","protected":false},"excerpt":{"rendered":"<p>Xhaketa klasike kafe me kopsa \u00ebsht\u00eb nj\u00eb pjes\u00eb thelb\u00ebsore p\u00ebr \u00e7do gard\u00ebrob\u00eb. Dizajni i saj i gjithansh\u00ebm lejon kombinimin e leht\u00eb me veshje t\u00eb ndryshme, duke e b\u00ebr\u00eb at\u00eb nj\u00eb element baz\u00eb si p\u00ebr raste t\u00eb rast\u00ebsishme ashtu edhe p\u00ebr raste formale. Mjesht\u00ebri Cil\u00ebsore E b\u00ebr\u00eb nga materiale me cil\u00ebsi t\u00eb lart\u00eb, kjo xhaket\u00eb ofron [&hellip;]<\/p>","protected":false},"featured_media":1015,"comment_status":"open","ping_status":"closed","template":"","meta":[],"product_brand":[],"product_cat":[25],"product_tag":[],"class_list":{"0":"post-1009","1":"product","2":"type-product","3":"status-publish","4":"has-post-thumbnail","6":"product_cat-jackets","8":"first","9":"instock","10":"taxable","11":"shipping-taxable","12":"purchasable","13":"product-type-simple"},"jetpack_sharing_enabled":true,"_links":{"self":[{"href":"https:\/\/urban-clothingstore.com\/en\/wp-json\/wp\/v2\/product\/1009","targetHints":{"allow":["GET"]}}],"collection":[{"href":"https:\/\/urban-clothingstore.com\/en\/wp-json\/wp\/v2\/product"}],"about":[{"href":"https:\/\/urban-clothingstore.com\/en\/wp-json\/wp\/v2\/types\/product"}],"replies":[{"embeddable":true,"href":"https:\/\/urban-clothingstore.com\/en\/wp-json\/wp\/v2\/comments?post=1009"}],"wp:featuredmedia":[{"embeddable":true,"href":"https:\/\/urban-clothingstore.com\/en\/wp-json\/wp\/v2\/media\/1015"}],"wp:attachment":[{"href":"https:\/\/urban-clothingstore.com\/en\/wp-json\/wp\/v2\/media?parent=1009"}],"wp:term":[{"taxonomy":"product_brand","embeddable":true,"href":"https:\/\/urban-clothingstore.com\/en\/wp-json\/wp\/v2\/product_brand?post=1009"},{"taxonomy":"product_cat","embeddable":true,"href":"https:\/\/urban-clothingstore.com\/en\/wp-json\/wp\/v2\/product_cat?post=1009"},{"taxonomy":"product_tag","embeddable":true,"href":"https:\/\/urban-clothingstore.com\/en\/wp-json\/wp\/v2\/product_tag?post=1009"}],"curies":[{"name":"wp","href":"https:\/\/api.w.org\/{rel}","templated":true}]}}