{"id":10147,"date":"2025-12-09T18:23:03","date_gmt":"2025-12-09T18:23:03","guid":{"rendered":"https:\/\/urban-clothingstore.com\/?post_type=product&#038;p=10147"},"modified":"2026-03-09T21:12:52","modified_gmt":"2026-03-09T21:12:52","slug":"urban-ribbed-knit-sweater-deep-navy-edition","status":"publish","type":"product","link":"https:\/\/urban-clothingstore.com\/en\/product\/urban-ribbed-knit-sweater-deep-navy-edition\/","title":{"rendered":"Urban Ribbed Knit Sweater \u2013 Deep Navy Edition"},"content":{"rendered":"<p data-start=\"180\" data-end=\"448\">Pulovra <strong data-start=\"188\" data-end=\"214\">Urban Ribbed Deep Navy<\/strong> ofron nj\u00eb kombinim perfekt mes thjesht\u00ebsis\u00eb, eleganc\u00ebs dhe komoditetit. Tekstura ribbed i jep materialit form\u00eb dhe q\u00ebndrueshm\u00ebri, nd\u00ebrsa ngjyra navy sjell nj\u00eb pamje t\u00eb thell\u00eb, luksoze dhe shum\u00eb t\u00eb leht\u00eb p\u00ebr t\u2019u kombinuar me \u00e7do stil.<\/p>\n<p data-start=\"450\" data-end=\"665\">Prerja e past\u00ebr dhe qafa rrumbullake e b\u00ebjn\u00eb k\u00ebt\u00eb pulov\u00ebr ideal p\u00ebr outfit-e urbane, veshje smart casual apo p\u00ebrditshm\u00ebri t\u00eb stiluar. Materiali i but\u00eb dhe elastik siguron rehati gjat\u00eb gjith\u00eb dit\u00ebs, pa humbur form\u00ebn.<\/p>\n<p data-start=\"667\" data-end=\"688\"><strong data-start=\"667\" data-end=\"686\">Pikat kryesore:<\/strong><\/p>\n<ul data-start=\"689\" data-end=\"888\">\n<li data-start=\"689\" data-end=\"717\">\n<p data-start=\"691\" data-end=\"717\">Struktur\u00eb premium ribbed<\/p>\n<\/li>\n<li data-start=\"718\" data-end=\"754\">\n<p data-start=\"720\" data-end=\"754\">Ngjyr\u00eb navy elegante dhe moderne<\/p>\n<\/li>\n<li data-start=\"755\" data-end=\"793\">\n<p data-start=\"757\" data-end=\"793\">Material i but\u00eb, komod dhe elastik<\/p>\n<\/li>\n<li data-start=\"794\" data-end=\"822\">\n<p data-start=\"796\" data-end=\"822\">Qaf\u00eb rrumbullake klasike<\/p>\n<\/li>\n<li data-start=\"823\" data-end=\"888\">\n<p data-start=\"825\" data-end=\"888\">Kombinohet leht\u00ebsisht me xhinse, pantallona t\u00eb err\u00ebt apo pallto<\/p>\n<\/li>\n<\/ul>","protected":false},"excerpt":{"rendered":"<p>Pulovra Urban Ribbed Deep Navy ofron nj\u00eb kombinim perfekt mes thjesht\u00ebsis\u00eb, eleganc\u00ebs dhe komoditetit. Tekstura ribbed i jep materialit form\u00eb dhe q\u00ebndrueshm\u00ebri, nd\u00ebrsa ngjyra navy sjell nj\u00eb pamje t\u00eb thell\u00eb, luksoze dhe shum\u00eb t\u00eb leht\u00eb p\u00ebr t\u2019u kombinuar me \u00e7do stil. Prerja e past\u00ebr dhe qafa rrumbullake e b\u00ebjn\u00eb k\u00ebt\u00eb pulov\u00ebr ideal p\u00ebr outfit-e urbane, [&hellip;]<\/p>","protected":false},"featured_media":10148,"comment_status":"open","ping_status":"closed","template":"","meta":[],"product_brand":[],"product_cat":[26],"product_tag":[484,481],"class_list":{"0":"post-10147","1":"product","2":"type-product","3":"status-publish","4":"has-post-thumbnail","6":"product_cat-sweater","7":"product_tag-deep-navy-edition","8":"product_tag-urban-ribbed-knit-sweater","10":"first","11":"instock","12":"sale","13":"taxable","14":"shipping-taxable","15":"purchasable","16":"product-type-variable"},"jetpack_sharing_enabled":true,"_links":{"self":[{"href":"https:\/\/urban-clothingstore.com\/en\/wp-json\/wp\/v2\/product\/10147","targetHints":{"allow":["GET"]}}],"collection":[{"href":"https:\/\/urban-clothingstore.com\/en\/wp-json\/wp\/v2\/product"}],"about":[{"href":"https:\/\/urban-clothingstore.com\/en\/wp-json\/wp\/v2\/types\/product"}],"replies":[{"embeddable":true,"href":"https:\/\/urban-clothingstore.com\/en\/wp-json\/wp\/v2\/comments?post=10147"}],"wp:featuredmedia":[{"embeddable":true,"href":"https:\/\/urban-clothingstore.com\/en\/wp-json\/wp\/v2\/media\/10148"}],"wp:attachment":[{"href":"https:\/\/urban-clothingstore.com\/en\/wp-json\/wp\/v2\/media?parent=10147"}],"wp:term":[{"taxonomy":"product_brand","embeddable":true,"href":"https:\/\/urban-clothingstore.com\/en\/wp-json\/wp\/v2\/product_brand?post=10147"},{"taxonomy":"product_cat","embeddable":true,"href":"https:\/\/urban-clothingstore.com\/en\/wp-json\/wp\/v2\/product_cat?post=10147"},{"taxonomy":"product_tag","embeddable":true,"href":"https:\/\/urban-clothingstore.com\/en\/wp-json\/wp\/v2\/product_tag?post=10147"}],"curies":[{"name":"wp","href":"https:\/\/api.w.org\/{rel}","templated":true}]}}