{"id":10154,"date":"2025-12-09T18:25:26","date_gmt":"2025-12-09T18:25:26","guid":{"rendered":"https:\/\/urban-clothingstore.com\/?post_type=product&#038;p=10154"},"modified":"2026-03-09T21:12:18","modified_gmt":"2026-03-09T21:12:18","slug":"urban-ribbed-knit-sweater-taupe-classic-fit","status":"publish","type":"product","link":"https:\/\/urban-clothingstore.com\/en\/product\/urban-ribbed-knit-sweater-taupe-classic-fit\/","title":{"rendered":"Urban Ribbed Knit Sweater \u2013 Taupe Classic Fit"},"content":{"rendered":"<p data-start=\"189\" data-end=\"492\">Pulovra <strong data-start=\"197\" data-end=\"219\">Urban Ribbed Taupe<\/strong> kombinon eleganc\u00ebn natyrale me komoditetin e p\u00ebrditsh\u00ebm. Tekstura ribbed i jep materialit nj\u00eb form\u00eb moderne dhe premium, nd\u00ebrsa ngjyra taupe (bezh\u00eb e tok\u00ebs) e b\u00ebn k\u00ebt\u00eb pjes\u00eb tep\u00ebr t\u00eb leht\u00eb p\u00ebr t\u2019u kombinuar me \u00e7do outfit \u2013 nga pantallonat e bardha deri te xhinset e err\u00ebt.<\/p>\n<p data-start=\"494\" data-end=\"707\">Materiali \u00ebsht\u00eb i but\u00eb, elastik dhe ofron nj\u00eb ndjesi t\u00eb ngroht\u00eb pa e r\u00ebnduar trupin. Prerja klasike me qaf\u00eb rrumbullake jep nj\u00eb stil minimalist, perfekt p\u00ebr veshje urbane, smart casual apo p\u00ebrditshm\u00ebri t\u00eb stiluar.<\/p>\n<p data-start=\"709\" data-end=\"730\"><strong data-start=\"709\" data-end=\"728\">Pikat kryesore:<\/strong><\/p>\n<ul data-start=\"731\" data-end=\"903\">\n<li data-start=\"731\" data-end=\"758\">\n<p data-start=\"733\" data-end=\"758\">Tekstur\u00eb premium ribbed<\/p>\n<\/li>\n<li data-start=\"759\" data-end=\"797\">\n<p data-start=\"761\" data-end=\"797\">Ngjyr\u00eb taupe elegante dhe neutrale<\/p>\n<\/li>\n<li data-start=\"798\" data-end=\"827\">\n<p data-start=\"800\" data-end=\"827\">Material i but\u00eb dhe komod<\/p>\n<\/li>\n<li data-start=\"828\" data-end=\"856\">\n<p data-start=\"830\" data-end=\"856\">Qaf\u00eb rrumbullake klasike<\/p>\n<\/li>\n<li data-start=\"857\" data-end=\"903\">\n<p data-start=\"859\" data-end=\"903\">Kombinohet leht\u00ebsisht me \u00e7do stil dhe ngjyr\u00eb<\/p>\n<\/li>\n<\/ul>","protected":false},"excerpt":{"rendered":"<p>Pulovra Urban Ribbed Taupe kombinon eleganc\u00ebn natyrale me komoditetin e p\u00ebrditsh\u00ebm. Tekstura ribbed i jep materialit nj\u00eb form\u00eb moderne dhe premium, nd\u00ebrsa ngjyra taupe (bezh\u00eb e tok\u00ebs) e b\u00ebn k\u00ebt\u00eb pjes\u00eb tep\u00ebr t\u00eb leht\u00eb p\u00ebr t\u2019u kombinuar me \u00e7do outfit \u2013 nga pantallonat e bardha deri te xhinset e err\u00ebt. Materiali \u00ebsht\u00eb i but\u00eb, elastik [&hellip;]<\/p>","protected":false},"featured_media":10155,"comment_status":"open","ping_status":"closed","template":"","meta":[],"product_brand":[],"product_cat":[26],"product_tag":[485,481],"class_list":{"0":"post-10154","1":"product","2":"type-product","3":"status-publish","4":"has-post-thumbnail","6":"product_cat-sweater","7":"product_tag-taupe-classic-fit","8":"product_tag-urban-ribbed-knit-sweater","10":"first","11":"instock","12":"sale","13":"taxable","14":"shipping-taxable","15":"purchasable","16":"product-type-variable"},"jetpack_sharing_enabled":true,"_links":{"self":[{"href":"https:\/\/urban-clothingstore.com\/en\/wp-json\/wp\/v2\/product\/10154","targetHints":{"allow":["GET"]}}],"collection":[{"href":"https:\/\/urban-clothingstore.com\/en\/wp-json\/wp\/v2\/product"}],"about":[{"href":"https:\/\/urban-clothingstore.com\/en\/wp-json\/wp\/v2\/types\/product"}],"replies":[{"embeddable":true,"href":"https:\/\/urban-clothingstore.com\/en\/wp-json\/wp\/v2\/comments?post=10154"}],"wp:featuredmedia":[{"embeddable":true,"href":"https:\/\/urban-clothingstore.com\/en\/wp-json\/wp\/v2\/media\/10155"}],"wp:attachment":[{"href":"https:\/\/urban-clothingstore.com\/en\/wp-json\/wp\/v2\/media?parent=10154"}],"wp:term":[{"taxonomy":"product_brand","embeddable":true,"href":"https:\/\/urban-clothingstore.com\/en\/wp-json\/wp\/v2\/product_brand?post=10154"},{"taxonomy":"product_cat","embeddable":true,"href":"https:\/\/urban-clothingstore.com\/en\/wp-json\/wp\/v2\/product_cat?post=10154"},{"taxonomy":"product_tag","embeddable":true,"href":"https:\/\/urban-clothingstore.com\/en\/wp-json\/wp\/v2\/product_tag?post=10154"}],"curies":[{"name":"wp","href":"https:\/\/api.w.org\/{rel}","templated":true}]}}