{"id":10211,"date":"2025-12-11T23:44:52","date_gmt":"2025-12-11T23:44:52","guid":{"rendered":"https:\/\/urban-clothingstore.com\/?post_type=product&#038;p=10211"},"modified":"2026-03-09T21:07:34","modified_gmt":"2026-03-09T21:07:34","slug":"pulover-premium-half-zip-per-meshkuj-pambuk-i-bute-dizajn-elegant","status":"publish","type":"product","link":"https:\/\/urban-clothingstore.com\/en\/product\/pulover-premium-half-zip-per-meshkuj-pambuk-i-bute-dizajn-elegant\/","title":{"rendered":"Pulov\u00ebr Premium Half-Zip p\u00ebr Meshkuj \u2013 Pambuk i But\u00eb &#038; Dizajn Elegant"},"content":{"rendered":"<p data-start=\"257\" data-end=\"604\">Kjo pulov\u00ebr half-zip p\u00ebr meshkuj \u00ebsht\u00eb kombinimi perfekt mes stilit modern dhe rehatis\u00eb s\u00eb p\u00ebrditshme. E punuar nga material cil\u00ebsor me struktur\u00eb t\u00eb but\u00eb dhe t\u00eb ngroht\u00eb, ofron ndjesi komode dhe pamje elegante. Dizajni me jak\u00eb dhe zinxhir e b\u00ebn t\u00eb leht\u00eb p\u00ebr kombinime casual apo smart-casual, ideale p\u00ebr veshje t\u00eb p\u00ebrditshme, pun\u00eb apo dalje urbane.<\/p>\n<p data-start=\"606\" data-end=\"726\">Fundi dhe m\u00ebng\u00ebt me elastik sigurojn\u00eb p\u00ebrshtatje t\u00eb rregullt, nd\u00ebrsa prerja klasike i jep nj\u00eb look t\u00eb past\u00ebr dhe modern.<\/p>\n<hr data-start=\"728\" data-end=\"731\" \/>\n<h2 data-start=\"733\" data-end=\"762\"><strong data-start=\"736\" data-end=\"762\">Ngjyrat e disponueshme<\/strong><\/h2>\n<ul data-start=\"763\" data-end=\"1037\">\n<li data-start=\"763\" data-end=\"831\">\n<p data-start=\"765\" data-end=\"831\">\ud83d\udda4 <strong data-start=\"768\" data-end=\"778\">E zez\u00eb<\/strong> \u2013 klasike, elegante dhe shum\u00eb leht\u00eb e kombinueshme<\/p>\n<\/li>\n<li data-start=\"832\" data-end=\"886\">\n<p data-start=\"834\" data-end=\"886\">\ud83e\udd0d <strong data-start=\"837\" data-end=\"861\">E bardh\u00eb \/ Off-white<\/strong> \u2013 e past\u00ebr dhe luksoze<\/p>\n<\/li>\n<li data-start=\"887\" data-end=\"946\">\n<p data-start=\"889\" data-end=\"946\">\ud83d\udfe6 <strong data-start=\"892\" data-end=\"914\">Blu e err\u00ebt (Navy)<\/strong> \u2013 elegante dhe shum\u00eb praktike<\/p>\n<\/li>\n<li data-start=\"947\" data-end=\"999\">\n<p data-start=\"949\" data-end=\"999\">\ud83d\udfe8 <strong data-start=\"952\" data-end=\"967\">Bezh \/ Krem<\/strong> \u2013 ngjyr\u00eb e ngroht\u00eb dhe trendi<\/p>\n<\/li>\n<li data-start=\"1000\" data-end=\"1037\">\n<p data-start=\"1002\" data-end=\"1037\">\ud83c\udf2b <strong data-start=\"1005\" data-end=\"1012\">Gri<\/strong> \u2013 neutrale dhe moderne<\/p>\n<\/li>\n<\/ul>","protected":false},"excerpt":{"rendered":"<p>Kjo pulov\u00ebr half-zip p\u00ebr meshkuj \u00ebsht\u00eb kombinimi perfekt mes stilit modern dhe rehatis\u00eb s\u00eb p\u00ebrditshme. E punuar nga material cil\u00ebsor me struktur\u00eb t\u00eb but\u00eb dhe t\u00eb ngroht\u00eb, ofron ndjesi komode dhe pamje elegante. Dizajni me jak\u00eb dhe zinxhir e b\u00ebn t\u00eb leht\u00eb p\u00ebr kombinime casual apo smart-casual, ideale p\u00ebr veshje t\u00eb p\u00ebrditshme, pun\u00eb apo dalje [&hellip;]<\/p>","protected":false},"featured_media":10216,"comment_status":"open","ping_status":"closed","template":"","meta":[],"product_brand":[],"product_cat":[26],"product_tag":[492,59,344,337,339,304,302,33,376],"class_list":{"0":"post-10211","1":"product","2":"type-product","3":"status-publish","4":"has-post-thumbnail","6":"product_cat-sweater","7":"product_tag-half-zip","8":"product_tag-navyblue","9":"product_tag-ngjyr-bezhe","10":"product_tag-ngjyr-hiri","11":"product_tag-ngjyr-teget","12":"product_tag-ngjyre-e-bardhe","13":"product_tag-ngjyre-e-zeze","14":"product_tag-oversize","15":"product_tag-xhemper","17":"first","18":"instock","19":"sale","20":"taxable","21":"shipping-taxable","22":"purchasable","23":"product-type-variable"},"jetpack_sharing_enabled":true,"_links":{"self":[{"href":"https:\/\/urban-clothingstore.com\/en\/wp-json\/wp\/v2\/product\/10211","targetHints":{"allow":["GET"]}}],"collection":[{"href":"https:\/\/urban-clothingstore.com\/en\/wp-json\/wp\/v2\/product"}],"about":[{"href":"https:\/\/urban-clothingstore.com\/en\/wp-json\/wp\/v2\/types\/product"}],"replies":[{"embeddable":true,"href":"https:\/\/urban-clothingstore.com\/en\/wp-json\/wp\/v2\/comments?post=10211"}],"wp:featuredmedia":[{"embeddable":true,"href":"https:\/\/urban-clothingstore.com\/en\/wp-json\/wp\/v2\/media\/10216"}],"wp:attachment":[{"href":"https:\/\/urban-clothingstore.com\/en\/wp-json\/wp\/v2\/media?parent=10211"}],"wp:term":[{"taxonomy":"product_brand","embeddable":true,"href":"https:\/\/urban-clothingstore.com\/en\/wp-json\/wp\/v2\/product_brand?post=10211"},{"taxonomy":"product_cat","embeddable":true,"href":"https:\/\/urban-clothingstore.com\/en\/wp-json\/wp\/v2\/product_cat?post=10211"},{"taxonomy":"product_tag","embeddable":true,"href":"https:\/\/urban-clothingstore.com\/en\/wp-json\/wp\/v2\/product_tag?post=10211"}],"curies":[{"name":"wp","href":"https:\/\/api.w.org\/{rel}","templated":true}]}}