{"id":1025,"date":"2025-02-11T21:34:14","date_gmt":"2025-02-11T21:34:14","guid":{"rendered":"https:\/\/urban-clothingstore.com\/?post_type=product&#038;p=1025"},"modified":"2025-09-03T12:05:45","modified_gmt":"2025-09-03T12:05:45","slug":"classic-white-button-up-jacket","status":"publish","type":"product","link":"https:\/\/urban-clothingstore.com\/en\/product\/classic-white-button-up-jacket\/","title":{"rendered":"Xhaket\u00eb Klasike e Bardh\u00eb me Pulla"},"content":{"rendered":"<p><strong><span class=\"jCAhz ChMk0b\"><span class=\"ryNqvb\">Eleganc\u00eb e P\u00ebrjetshme <\/span><\/span><\/strong><\/p>\n<p><span class=\"jCAhz ChMk0b\"><span class=\"ryNqvb\">Xhaketa klasike e bardh\u00eb me kopsa \u00ebsht\u00eb nj\u00eb element baz\u00eb q\u00eb tejkalon stin\u00ebt dhe trendet.<\/span><\/span> <span class=\"jCAhz ChMk0b\"><span class=\"ryNqvb\">E punuar nga p\u00eblhur\u00eb cil\u00ebsore, kjo xhaket\u00eb ofron rehati dhe stil, duke e b\u00ebr\u00eb at\u00eb nj\u00eb shtes\u00eb thelb\u00ebsore p\u00ebr \u00e7do gard\u00ebrob\u00eb.<\/span><\/span><\/p>\n<p><strong><span class=\"jCAhz ChMk0b\"><span class=\"ryNqvb\">Artikull Mode i Gjithansh\u00ebm <\/span><\/span><\/strong><\/p>\n<p><span class=\"jCAhz ChMk0b\"><span class=\"ryNqvb\">Qoft\u00eb e kombinuar me xhinse p\u00ebr nj\u00eb pamje t\u00eb rast\u00ebsishme apo e veshur me pantallona, xhaketa klasike e bardh\u00eb me kopsa p\u00ebrshtatet pa probleme n\u00eb raste t\u00eb ndryshme.<\/span><\/span> <span class=\"jCAhz ChMk0b\"><span class=\"ryNqvb\">Toni i saj neutral plot\u00ebson ngjyrat e tjera, duke siguruar q\u00eb gjithmon\u00eb t\u00eb dukeni t\u00eb l\u00ebmuar.<\/span><\/span><\/p>\n<p><strong><span class=\"jCAhz ChMk0b\"><span class=\"ryNqvb\">Mjesht\u00ebri Cil\u00ebsore <\/span><\/span><\/strong><\/p>\n<p><span class=\"jCAhz ChMk0b\"><span class=\"ryNqvb\">Kjo xhaket\u00eb paraqet linja t\u00eb qarta e dizajnuar p\u00ebr t&#8217;iu p\u00ebrshtatur \u00e7do forme trupi.<\/span><\/span> <span class=\"jCAhz ChMk0b\"><span class=\"ryNqvb\">Investoni n\u00eb nj\u00eb xhaket\u00eb klasike t\u00eb bardh\u00eb q\u00eb kombinon pamjen e p\u00ebrjetshme me sofistikimin modern, duke siguruar q\u00eb t\u00eb bini n\u00eb sy pa mundim.<\/span><\/span><\/p>","protected":false},"excerpt":{"rendered":"<p>Eleganc\u00eb e P\u00ebrjetshme Xhaketa klasike e bardh\u00eb me kopsa \u00ebsht\u00eb nj\u00eb element baz\u00eb q\u00eb tejkalon stin\u00ebt dhe trendet. E punuar nga p\u00eblhur\u00eb cil\u00ebsore, kjo xhaket\u00eb ofron rehati dhe stil, duke e b\u00ebr\u00eb at\u00eb nj\u00eb shtes\u00eb thelb\u00ebsore p\u00ebr \u00e7do gard\u00ebrob\u00eb. Artikull Mode i Gjithansh\u00ebm Qoft\u00eb e kombinuar me xhinse p\u00ebr nj\u00eb pamje t\u00eb rast\u00ebsishme apo e [&hellip;]<\/p>","protected":false},"featured_media":1031,"comment_status":"open","ping_status":"closed","template":"","meta":[],"product_brand":[],"product_cat":[25],"product_tag":[],"class_list":{"0":"post-1025","1":"product","2":"type-product","3":"status-publish","4":"has-post-thumbnail","6":"product_cat-jackets","8":"first","9":"instock","10":"taxable","11":"shipping-taxable","12":"purchasable","13":"product-type-simple"},"jetpack_sharing_enabled":true,"_links":{"self":[{"href":"https:\/\/urban-clothingstore.com\/en\/wp-json\/wp\/v2\/product\/1025","targetHints":{"allow":["GET"]}}],"collection":[{"href":"https:\/\/urban-clothingstore.com\/en\/wp-json\/wp\/v2\/product"}],"about":[{"href":"https:\/\/urban-clothingstore.com\/en\/wp-json\/wp\/v2\/types\/product"}],"replies":[{"embeddable":true,"href":"https:\/\/urban-clothingstore.com\/en\/wp-json\/wp\/v2\/comments?post=1025"}],"wp:featuredmedia":[{"embeddable":true,"href":"https:\/\/urban-clothingstore.com\/en\/wp-json\/wp\/v2\/media\/1031"}],"wp:attachment":[{"href":"https:\/\/urban-clothingstore.com\/en\/wp-json\/wp\/v2\/media?parent=1025"}],"wp:term":[{"taxonomy":"product_brand","embeddable":true,"href":"https:\/\/urban-clothingstore.com\/en\/wp-json\/wp\/v2\/product_brand?post=1025"},{"taxonomy":"product_cat","embeddable":true,"href":"https:\/\/urban-clothingstore.com\/en\/wp-json\/wp\/v2\/product_cat?post=1025"},{"taxonomy":"product_tag","embeddable":true,"href":"https:\/\/urban-clothingstore.com\/en\/wp-json\/wp\/v2\/product_tag?post=1025"}],"curies":[{"name":"wp","href":"https:\/\/api.w.org\/{rel}","templated":true}]}}