{"id":10257,"date":"2025-12-11T23:59:53","date_gmt":"2025-12-11T23:59:53","guid":{"rendered":"https:\/\/urban-clothingstore.com\/?post_type=product&#038;p=10257"},"modified":"2025-12-11T23:59:53","modified_gmt":"2025-12-11T23:59:53","slug":"pallto-elegante-premium-per-meshkuj-stil-klasik-prerje-moderne","status":"publish","type":"product","link":"https:\/\/urban-clothingstore.com\/en\/product\/pallto-elegante-premium-per-meshkuj-stil-klasik-prerje-moderne\/","title":{"rendered":"Pallto Elegante Premium p\u00ebr Meshkuj \u2013 Stil Klasik &#038; Prerje Moderne"},"content":{"rendered":"<p data-start=\"231\" data-end=\"610\">Kjo pallto elegante p\u00ebr meshkuj \u00ebsht\u00eb zgjedhja ideale p\u00ebr nj\u00eb stil t\u00eb past\u00ebr, klasik dhe shum\u00eb luksoz. E dizajnuar me <strong data-start=\"349\" data-end=\"390\">prerje t\u00eb strukturuar double-breasted<\/strong> dhe jaka klasike, ofron nj\u00eb pamje t\u00eb fuqishme dhe tep\u00ebr maskuline. Materiali cil\u00ebsor me tekstur\u00eb fine siguron rehati dhe ngroht\u00ebsi, nd\u00ebrsa linjat e pastra e b\u00ebjn\u00eb perfekte p\u00ebr kombinime <strong data-start=\"577\" data-end=\"593\">smart-casual<\/strong> dhe <strong data-start=\"598\" data-end=\"609\">formale<\/strong>.<\/p>\n<p data-start=\"612\" data-end=\"788\">Ngjyra e zez\u00eb i jep palltos eleganc\u00eb t\u00eb p\u00ebrjetshme dhe e b\u00ebn leht\u00ebsisht t\u00eb kombinueshme me pulovra, golf, k\u00ebmisha apo kostume. Ideale p\u00ebr pun\u00eb, evente apo dalje urbane me stil.<\/p>\n<hr data-start=\"790\" data-end=\"793\" \/>\n<h3 data-start=\"795\" data-end=\"818\"><strong data-start=\"799\" data-end=\"818\">Detaje kryesore<\/strong><\/h3>\n<ul data-start=\"819\" data-end=\"984\">\n<li data-start=\"819\" data-end=\"839\">\n<p data-start=\"821\" data-end=\"839\">Ngjyra: <strong data-start=\"829\" data-end=\"839\">E zez\u00eb<\/strong><\/p>\n<\/li>\n<li data-start=\"840\" data-end=\"867\">\n<p data-start=\"842\" data-end=\"867\">Stil: <strong data-start=\"848\" data-end=\"867\">Double-breasted<\/strong><\/p>\n<\/li>\n<li data-start=\"868\" data-end=\"893\">\n<p data-start=\"870\" data-end=\"893\">Jaka klasike elegante<\/p>\n<\/li>\n<li data-start=\"894\" data-end=\"928\">\n<p data-start=\"896\" data-end=\"928\">Prerje moderne &amp; e strukturuar<\/p>\n<\/li>\n<li data-start=\"929\" data-end=\"960\">\n<p data-start=\"931\" data-end=\"960\">Material cil\u00ebsor, i ngroht\u00eb<\/p>\n<\/li>\n<li data-start=\"961\" data-end=\"984\">\n<p data-start=\"963\" data-end=\"984\">Look urban &amp; formal<\/p>\n<\/li>\n<\/ul>","protected":false},"excerpt":{"rendered":"<p>Kjo pallto elegante p\u00ebr meshkuj \u00ebsht\u00eb zgjedhja ideale p\u00ebr nj\u00eb stil t\u00eb past\u00ebr, klasik dhe shum\u00eb luksoz. E dizajnuar me prerje t\u00eb strukturuar double-breasted dhe jaka klasike, ofron nj\u00eb pamje t\u00eb fuqishme dhe tep\u00ebr maskuline. Materiali cil\u00ebsor me tekstur\u00eb fine siguron rehati dhe ngroht\u00ebsi, nd\u00ebrsa linjat e pastra e b\u00ebjn\u00eb perfekte p\u00ebr kombinime smart-casual dhe [&hellip;]<\/p>","protected":false},"featured_media":10258,"comment_status":"open","ping_status":"closed","template":"","meta":[],"product_brand":[],"product_cat":[293],"product_tag":[335,302,334],"class_list":{"0":"post-10257","1":"product","2":"type-product","3":"status-publish","4":"has-post-thumbnail","6":"product_cat-coat","7":"product_tag-elegante","8":"product_tag-ngjyre-e-zeze","9":"product_tag-pallto","11":"first","12":"instock","13":"sale","14":"taxable","15":"shipping-taxable","16":"purchasable","17":"product-type-variable"},"jetpack_sharing_enabled":true,"_links":{"self":[{"href":"https:\/\/urban-clothingstore.com\/en\/wp-json\/wp\/v2\/product\/10257","targetHints":{"allow":["GET"]}}],"collection":[{"href":"https:\/\/urban-clothingstore.com\/en\/wp-json\/wp\/v2\/product"}],"about":[{"href":"https:\/\/urban-clothingstore.com\/en\/wp-json\/wp\/v2\/types\/product"}],"replies":[{"embeddable":true,"href":"https:\/\/urban-clothingstore.com\/en\/wp-json\/wp\/v2\/comments?post=10257"}],"wp:featuredmedia":[{"embeddable":true,"href":"https:\/\/urban-clothingstore.com\/en\/wp-json\/wp\/v2\/media\/10258"}],"wp:attachment":[{"href":"https:\/\/urban-clothingstore.com\/en\/wp-json\/wp\/v2\/media?parent=10257"}],"wp:term":[{"taxonomy":"product_brand","embeddable":true,"href":"https:\/\/urban-clothingstore.com\/en\/wp-json\/wp\/v2\/product_brand?post=10257"},{"taxonomy":"product_cat","embeddable":true,"href":"https:\/\/urban-clothingstore.com\/en\/wp-json\/wp\/v2\/product_cat?post=10257"},{"taxonomy":"product_tag","embeddable":true,"href":"https:\/\/urban-clothingstore.com\/en\/wp-json\/wp\/v2\/product_tag?post=10257"}],"curies":[{"name":"wp","href":"https:\/\/api.w.org\/{rel}","templated":true}]}}