{"id":1037,"date":"2025-02-11T21:40:06","date_gmt":"2025-02-11T21:40:06","guid":{"rendered":"https:\/\/urban-clothingstore.com\/?post_type=product&#038;p=1037"},"modified":"2025-09-08T13:15:50","modified_gmt":"2025-09-08T13:15:50","slug":"black-jacket-with-orange-fur-collar","status":"publish","type":"product","link":"https:\/\/urban-clothingstore.com\/en\/product\/black-jacket-with-orange-fur-collar\/","title":{"rendered":"Xhaket\u00eb e Zez\u00eb me Jak\u00eb Portokalli me G\u00ebzof"},"content":{"rendered":"<p><span class=\"jCAhz ChMk0b\"><span class=\"ryNqvb\">Kjo xhaket\u00eb e zez\u00eb mahnit\u00ebse \u00ebsht\u00eb nj\u00eb shtes\u00eb e domosdoshme n\u00eb gard\u00ebrob\u00ebn tuaj.<\/span><\/span> <span class=\"jCAhz ChMk0b\"><span class=\"ryNqvb\">Jaka e saj t\u00ebrheq\u00ebse prej g\u00ebzofi portokalli jo vet\u00ebm q\u00eb shton nj\u00eb shk\u00eblqim ngjyre, por gjithashtu ofron nj\u00eb prekje komode, perfekte p\u00ebr ato dit\u00eb t\u00eb ftohta.<\/span><\/span> <span class=\"jCAhz ChMk0b\"><span class=\"ryNqvb\">E projektuar p\u00ebr t\u00eb qen\u00eb e gjithanshme, kjo xhaket\u00eb mund t\u00eb vishet elegante ose jo, duke e b\u00ebr\u00eb t\u00eb p\u00ebrshtatshme p\u00ebr nj\u00eb s\u00ebr\u00eb rastesh.<\/span><\/span><\/p>\n<p><strong><span class=\"jCAhz ChMk0b\"><span class=\"ryNqvb\">Mjesht\u00ebri Cil\u00ebsore <\/span><\/span><\/strong><\/p>\n<p><span class=\"jCAhz ChMk0b\"><span class=\"ryNqvb\">Duke paraqitur materiale me cil\u00ebsi t\u00eb lart\u00eb, kjo xhaket\u00eb e zez\u00eb siguron q\u00ebndrueshm\u00ebri nd\u00ebrsa ofron nj\u00eb p\u00ebrshtatje t\u00eb rehatshme.<\/span><\/span> <span class=\"jCAhz ChMk0b\"><span class=\"ryNqvb\">Jaka \u00ebsht\u00eb projektuar t\u00eb jet\u00eb si elegante ashtu edhe funksionale, duke ofruar ngroht\u00ebsi pa b\u00ebr\u00eb kompromis me eleganc\u00ebn.<\/span><\/span> <span class=\"jCAhz ChMk0b\"><span class=\"ryNqvb\">Pavar\u00ebsisht n\u00ebse po dilni p\u00ebr nj\u00eb dit\u00eb t\u00eb rast\u00ebsishme apo nj\u00eb mbr\u00ebmje, kjo xhaket\u00eb ofron si stil ashtu edhe rehati.<\/span><\/span><\/p>\n<p><strong><span class=\"jCAhz\"><span class=\"ryNqvb\">Ide e P\u00ebrsosur p\u00ebr Dhurat\u00eb <\/span><\/span><\/strong><\/p>\n<p><span class=\"jCAhz\"><span class=\"ryNqvb\">Duke k\u00ebrkuar nj\u00eb dhurat\u00eb t\u00eb menduar mir\u00eb?<\/span><\/span> <span class=\"jCAhz ChMk0b\"><span class=\"ryNqvb\">Kjo xhaket\u00eb e zez\u00eb me nj\u00eb jak\u00eb g\u00ebzofi portokalli \u00ebsht\u00eb nj\u00eb zgjedhje e shk\u00eblqyer p\u00ebr miqt\u00eb ose t\u00eb dashurit.<\/span><\/span> <span class=\"jCAhz ChMk0b\"><span class=\"ryNqvb\">Dizajni i saj unik dhe praktikaliteti e b\u00ebjn\u00eb at\u00eb nj\u00eb cop\u00eb t\u00eb spikatur q\u00eb me siguri do t\u00eb impresionoj\u00eb k\u00ebdo q\u00eb e merr.<\/span><\/span><\/p>","protected":false},"excerpt":{"rendered":"<p>Kjo xhaket\u00eb e zez\u00eb mahnit\u00ebse \u00ebsht\u00eb nj\u00eb shtes\u00eb e domosdoshme n\u00eb gard\u00ebrob\u00ebn tuaj. Jaka e saj t\u00ebrheq\u00ebse prej g\u00ebzofi portokalli jo vet\u00ebm q\u00eb shton nj\u00eb shk\u00eblqim ngjyre, por gjithashtu ofron nj\u00eb prekje komode, perfekte p\u00ebr ato dit\u00eb t\u00eb ftohta. E projektuar p\u00ebr t\u00eb qen\u00eb e gjithanshme, kjo xhaket\u00eb mund t\u00eb vishet elegante ose jo, duke [&hellip;]<\/p>","protected":false},"featured_media":1038,"comment_status":"open","ping_status":"closed","template":"","meta":[],"product_brand":[],"product_cat":[25],"product_tag":[],"class_list":{"0":"post-1037","1":"product","2":"type-product","3":"status-publish","4":"has-post-thumbnail","6":"product_cat-jackets","8":"first","9":"instock","10":"taxable","11":"shipping-taxable","12":"purchasable","13":"product-type-simple"},"jetpack_sharing_enabled":true,"_links":{"self":[{"href":"https:\/\/urban-clothingstore.com\/en\/wp-json\/wp\/v2\/product\/1037","targetHints":{"allow":["GET"]}}],"collection":[{"href":"https:\/\/urban-clothingstore.com\/en\/wp-json\/wp\/v2\/product"}],"about":[{"href":"https:\/\/urban-clothingstore.com\/en\/wp-json\/wp\/v2\/types\/product"}],"replies":[{"embeddable":true,"href":"https:\/\/urban-clothingstore.com\/en\/wp-json\/wp\/v2\/comments?post=1037"}],"wp:featuredmedia":[{"embeddable":true,"href":"https:\/\/urban-clothingstore.com\/en\/wp-json\/wp\/v2\/media\/1038"}],"wp:attachment":[{"href":"https:\/\/urban-clothingstore.com\/en\/wp-json\/wp\/v2\/media?parent=1037"}],"wp:term":[{"taxonomy":"product_brand","embeddable":true,"href":"https:\/\/urban-clothingstore.com\/en\/wp-json\/wp\/v2\/product_brand?post=1037"},{"taxonomy":"product_cat","embeddable":true,"href":"https:\/\/urban-clothingstore.com\/en\/wp-json\/wp\/v2\/product_cat?post=1037"},{"taxonomy":"product_tag","embeddable":true,"href":"https:\/\/urban-clothingstore.com\/en\/wp-json\/wp\/v2\/product_tag?post=1037"}],"curies":[{"name":"wp","href":"https:\/\/api.w.org\/{rel}","templated":true}]}}