{"id":10411,"date":"2025-12-15T15:02:23","date_gmt":"2025-12-15T15:02:23","guid":{"rendered":"https:\/\/urban-clothingstore.com\/?post_type=product&#038;p=10411"},"modified":"2026-03-09T21:04:48","modified_gmt":"2026-03-09T21:04:48","slug":"kemishe-premium-slim-fit-per-meshkuj-chocolate-brown-edition","status":"publish","type":"product","link":"https:\/\/urban-clothingstore.com\/en\/product\/kemishe-premium-slim-fit-per-meshkuj-chocolate-brown-edition\/","title":{"rendered":"K\u00ebmish\u00eb Premium Slim Fit p\u00ebr Meshkuj \u2013 Chocolate Brown Edition"},"content":{"rendered":"<p data-start=\"79\" data-end=\"360\">Kjo <strong data-start=\"101\" data-end=\"129\">k\u00ebmish\u00eb premium slim fit<\/strong> n\u00eb ngjyr\u00eb <strong data-start=\"140\" data-end=\"158\">kafe chocolate<\/strong> \u00ebsht\u00eb zgjedhja ideale p\u00ebr nj\u00eb stil elegant dhe modern. E punuar nga material cil\u00ebsor, i but\u00eb dhe i rehatsh\u00ebm, ofron p\u00ebrshtatje perfekte me trupin duke theksuar linjat mashkullore pa humbur komoditetin.<\/p>\n<p data-start=\"362\" data-end=\"630\">Dizajni minimalist me <strong data-start=\"384\" data-end=\"400\">jak\u00eb klasike<\/strong> dhe mbyllje me pulla e b\u00ebn k\u00ebmish\u00ebn t\u00eb p\u00ebrshtatshme si p\u00ebr kombinime <strong data-start=\"470\" data-end=\"486\">smart-casual<\/strong>, ashtu edhe p\u00ebr veshje m\u00eb formale. Kombinohet leht\u00ebsisht me pantallona bezh, t\u00eb bardha, t\u00eb zeza apo xhinse p\u00ebr nj\u00eb pamje t\u00eb past\u00ebr dhe luksoze.<\/p>\n<p data-start=\"632\" data-end=\"681\">Ideale p\u00ebr zyr\u00eb, takime, evente apo dalje urbane.<\/p>\n<p data-start=\"683\" data-end=\"703\"><strong data-start=\"683\" data-end=\"703\">Detaje kryesore:<\/strong><\/p>\n<ul data-start=\"704\" data-end=\"867\">\n<li data-start=\"704\" data-end=\"725\">\n<p data-start=\"706\" data-end=\"725\">Prerje <strong data-start=\"713\" data-end=\"725\">Slim Fit<\/strong><\/p>\n<\/li>\n<li data-start=\"726\" data-end=\"766\">\n<p data-start=\"728\" data-end=\"766\">Material premium, i but\u00eb dhe rezistent<\/p>\n<\/li>\n<li data-start=\"767\" data-end=\"799\">\n<p data-start=\"769\" data-end=\"799\">Ngjyr\u00eb kafe chocolate elegante<\/p>\n<\/li>\n<li data-start=\"800\" data-end=\"831\">\n<p data-start=\"802\" data-end=\"831\">Jak\u00eb klasike dhe dizajn clean<\/p>\n<\/li>\n<li data-start=\"832\" data-end=\"867\">\n<p data-start=\"834\" data-end=\"867\">P\u00ebrshtatje perfekte p\u00ebr \u00e7do sezon<\/p>\n<\/li>\n<\/ul>","protected":false},"excerpt":{"rendered":"<p>Kjo k\u00ebmish\u00eb premium slim fit n\u00eb ngjyr\u00eb kafe chocolate \u00ebsht\u00eb zgjedhja ideale p\u00ebr nj\u00eb stil elegant dhe modern. E punuar nga material cil\u00ebsor, i but\u00eb dhe i rehatsh\u00ebm, ofron p\u00ebrshtatje perfekte me trupin duke theksuar linjat mashkullore pa humbur komoditetin. Dizajni minimalist me jak\u00eb klasike dhe mbyllje me pulla e b\u00ebn k\u00ebmish\u00ebn t\u00eb p\u00ebrshtatshme si [&hellip;]<\/p>","protected":false},"featured_media":10410,"comment_status":"open","ping_status":"closed","template":"","meta":[],"product_brand":[],"product_cat":[705],"product_tag":[498,497],"class_list":{"0":"post-10411","1":"product","2":"type-product","3":"status-publish","4":"has-post-thumbnail","6":"product_cat-slim-fit-elegant-shirt","7":"product_tag-chocolate-brown-edition","8":"product_tag-emishe-premium-slim-fit-per-meshkuj","10":"first","11":"instock","12":"taxable","13":"shipping-taxable","14":"purchasable","15":"product-type-variable"},"jetpack_sharing_enabled":true,"_links":{"self":[{"href":"https:\/\/urban-clothingstore.com\/en\/wp-json\/wp\/v2\/product\/10411","targetHints":{"allow":["GET"]}}],"collection":[{"href":"https:\/\/urban-clothingstore.com\/en\/wp-json\/wp\/v2\/product"}],"about":[{"href":"https:\/\/urban-clothingstore.com\/en\/wp-json\/wp\/v2\/types\/product"}],"replies":[{"embeddable":true,"href":"https:\/\/urban-clothingstore.com\/en\/wp-json\/wp\/v2\/comments?post=10411"}],"wp:featuredmedia":[{"embeddable":true,"href":"https:\/\/urban-clothingstore.com\/en\/wp-json\/wp\/v2\/media\/10410"}],"wp:attachment":[{"href":"https:\/\/urban-clothingstore.com\/en\/wp-json\/wp\/v2\/media?parent=10411"}],"wp:term":[{"taxonomy":"product_brand","embeddable":true,"href":"https:\/\/urban-clothingstore.com\/en\/wp-json\/wp\/v2\/product_brand?post=10411"},{"taxonomy":"product_cat","embeddable":true,"href":"https:\/\/urban-clothingstore.com\/en\/wp-json\/wp\/v2\/product_cat?post=10411"},{"taxonomy":"product_tag","embeddable":true,"href":"https:\/\/urban-clothingstore.com\/en\/wp-json\/wp\/v2\/product_tag?post=10411"}],"curies":[{"name":"wp","href":"https:\/\/api.w.org\/{rel}","templated":true}]}}