{"id":10424,"date":"2025-12-15T17:24:54","date_gmt":"2025-12-15T17:24:54","guid":{"rendered":"https:\/\/urban-clothingstore.com\/?post_type=product&#038;p=10424"},"modified":"2026-03-09T21:03:24","modified_gmt":"2026-03-09T21:03:24","slug":"kemishe-premium-slim-fit-per-meshkuj-white-mandarin-collar","status":"publish","type":"product","link":"https:\/\/urban-clothingstore.com\/en\/product\/kemishe-premium-slim-fit-per-meshkuj-white-mandarin-collar\/","title":{"rendered":"K\u00ebmish\u00eb Premium Slim Fit p\u00ebr Meshkuj \u2013 White Mandarin Collar"},"content":{"rendered":"<p data-start=\"77\" data-end=\"408\">Kjo <strong data-start=\"99\" data-end=\"127\">k\u00ebmish\u00eb premium slim fit<\/strong><strong data-start=\"131\" data-end=\"166\">\u00a0(pa jaka klasike)<\/strong> n\u00eb ngjyr\u00eb t\u00eb bardh\u00eb ofron nj\u00eb stil modern, minimalist dhe shum\u00eb elegant. E dizajnuar p\u00ebr meshkujt q\u00eb duan t\u00eb dallohen me nj\u00eb pamje clean dhe luksoze, kjo k\u00ebmish\u00eb p\u00ebrshtatet perfekt me trupin dhe thekson linjat mashkullore pa humbur rehatin\u00eb.<\/p>\n<p data-start=\"410\" data-end=\"710\">Materiali cil\u00ebsor \u00ebsht\u00eb i but\u00eb, i ajrossh\u00ebm dhe rezistent, ideal p\u00ebr p\u00ebrdorim gjat\u00eb gjith\u00eb dit\u00ebs. Dizajni me <strong data-start=\"519\" data-end=\"538\">jak\u00eb t\u00eb ngritur<\/strong> i jep nj\u00eb karakter unik, perfekt p\u00ebr kombinime <strong data-start=\"586\" data-end=\"602\">smart-casual<\/strong>, evente, darka apo veshje urbane elegante. Kombinohet shk\u00eblqyesh\u00ebm me pantallona klasike, chino apo xhinse.<\/p>\n<p data-start=\"712\" data-end=\"732\"><strong data-start=\"712\" data-end=\"732\">Detaje kryesore:<\/strong><\/p>\n<ul data-start=\"733\" data-end=\"891\">\n<li data-start=\"733\" data-end=\"754\">\n<p data-start=\"735\" data-end=\"754\">Prerje <strong data-start=\"742\" data-end=\"754\">Slim Fit<\/strong><\/p>\n<\/li>\n<li data-start=\"755\" data-end=\"791\">\n<p data-start=\"757\" data-end=\"791\">Material premium, i but\u00eb dhe komod<\/p>\n<\/li>\n<li data-start=\"820\" data-end=\"855\">\n<p data-start=\"822\" data-end=\"855\">Ngjyr\u00eb e bardh\u00eb \u2013 clean &amp; luksoze<\/p>\n<\/li>\n<li data-start=\"856\" data-end=\"891\">\n<p data-start=\"858\" data-end=\"891\">Ideale p\u00ebr stil urban dhe elegant<\/p>\n<\/li>\n<\/ul>","protected":false},"excerpt":{"rendered":"<p>Kjo k\u00ebmish\u00eb premium slim fit\u00a0(pa jaka klasike) n\u00eb ngjyr\u00eb t\u00eb bardh\u00eb ofron nj\u00eb stil modern, minimalist dhe shum\u00eb elegant. E dizajnuar p\u00ebr meshkujt q\u00eb duan t\u00eb dallohen me nj\u00eb pamje clean dhe luksoze, kjo k\u00ebmish\u00eb p\u00ebrshtatet perfekt me trupin dhe thekson linjat mashkullore pa humbur rehatin\u00eb. Materiali cil\u00ebsor \u00ebsht\u00eb i but\u00eb, i ajrossh\u00ebm dhe rezistent, [&hellip;]<\/p>","protected":false},"featured_media":10425,"comment_status":"open","ping_status":"closed","template":"","meta":[],"product_brand":[],"product_cat":[705],"product_tag":[499],"class_list":{"0":"post-10424","1":"product","2":"type-product","3":"status-publish","4":"has-post-thumbnail","6":"product_cat-slim-fit-elegant-shirt","7":"product_tag-kemishe-premium-slim-fit-per-meshkuj","9":"first","10":"instock","11":"taxable","12":"shipping-taxable","13":"purchasable","14":"product-type-variable"},"jetpack_sharing_enabled":true,"_links":{"self":[{"href":"https:\/\/urban-clothingstore.com\/en\/wp-json\/wp\/v2\/product\/10424","targetHints":{"allow":["GET"]}}],"collection":[{"href":"https:\/\/urban-clothingstore.com\/en\/wp-json\/wp\/v2\/product"}],"about":[{"href":"https:\/\/urban-clothingstore.com\/en\/wp-json\/wp\/v2\/types\/product"}],"replies":[{"embeddable":true,"href":"https:\/\/urban-clothingstore.com\/en\/wp-json\/wp\/v2\/comments?post=10424"}],"wp:featuredmedia":[{"embeddable":true,"href":"https:\/\/urban-clothingstore.com\/en\/wp-json\/wp\/v2\/media\/10425"}],"wp:attachment":[{"href":"https:\/\/urban-clothingstore.com\/en\/wp-json\/wp\/v2\/media?parent=10424"}],"wp:term":[{"taxonomy":"product_brand","embeddable":true,"href":"https:\/\/urban-clothingstore.com\/en\/wp-json\/wp\/v2\/product_brand?post=10424"},{"taxonomy":"product_cat","embeddable":true,"href":"https:\/\/urban-clothingstore.com\/en\/wp-json\/wp\/v2\/product_cat?post=10424"},{"taxonomy":"product_tag","embeddable":true,"href":"https:\/\/urban-clothingstore.com\/en\/wp-json\/wp\/v2\/product_tag?post=10424"}],"curies":[{"name":"wp","href":"https:\/\/api.w.org\/{rel}","templated":true}]}}