{"id":10431,"date":"2025-12-15T17:28:41","date_gmt":"2025-12-15T17:28:41","guid":{"rendered":"https:\/\/urban-clothingstore.com\/?post_type=product&#038;p=10431"},"modified":"2026-03-09T21:02:46","modified_gmt":"2026-03-09T21:02:46","slug":"kemishe-premium-slim-fit-per-meshkuj-black-mandarin-collar","status":"publish","type":"product","link":"https:\/\/urban-clothingstore.com\/en\/product\/kemishe-premium-slim-fit-per-meshkuj-black-mandarin-collar\/","title":{"rendered":"K\u00ebmish\u00eb Premium Slim Fit p\u00ebr Meshkuj \u2013 Black Mandarin Collar"},"content":{"rendered":"<p data-start=\"77\" data-end=\"397\">Kjo <strong data-start=\"99\" data-end=\"127\">k\u00ebmish\u00eb premium slim fit<\/strong> n\u00eb ngjyr\u00eb <strong data-start=\"138\" data-end=\"149\">t\u00eb zez\u00eb<\/strong> me <strong data-start=\"153\" data-end=\"188\">jak\u00eb mandarin (pa jaka klasike)<\/strong> ofron nj\u00eb stil modern, minimalist dhe shum\u00eb elegant. E dizajnuar p\u00ebr meshkujt q\u00eb preferojn\u00eb pamje <strong data-start=\"287\" data-end=\"321\">clean, luksoze dhe t\u00eb fuqishme<\/strong>, kjo k\u00ebmish\u00eb p\u00ebrshtatet perfekt me trupin duke theksuar linjat mashkullore.<\/p>\n<p data-start=\"399\" data-end=\"757\">Materiali cil\u00ebsor \u00ebsht\u00eb i but\u00eb, elastik dhe i rehatsh\u00ebm, ideal p\u00ebr p\u00ebrdorim gjat\u00eb gjith\u00eb dit\u00ebs pa humbur form\u00ebn. Dizajni me jak\u00eb t\u00eb ngritur i jep nj\u00eb karakter unik dhe bashk\u00ebkohor, perfekt p\u00ebr kombinime <strong data-start=\"602\" data-end=\"618\">smart-casual<\/strong>, evente, darka apo dalje urbane. Kombinohet shk\u00eblqyesh\u00ebm me pantallona gri, t\u00eb zeza, chino apo xhinse p\u00ebr nj\u00eb look modern dhe t\u00eb rafinuar.<\/p>\n<p data-start=\"759\" data-end=\"779\"><strong data-start=\"759\" data-end=\"779\">Detaje kryesore:<\/strong><\/p>\n<ul data-start=\"780\" data-end=\"951\">\n<li data-start=\"780\" data-end=\"801\">\n<p data-start=\"782\" data-end=\"801\">Prerje <strong data-start=\"789\" data-end=\"801\">Slim Fit<\/strong><\/p>\n<\/li>\n<li data-start=\"802\" data-end=\"838\">\n<p data-start=\"804\" data-end=\"838\">Material premium, i but\u00eb dhe komod<\/p>\n<\/li>\n<li data-start=\"839\" data-end=\"866\">\n<p data-start=\"841\" data-end=\"866\"><strong data-start=\"841\" data-end=\"858\">Jak\u00eb mandarin<\/strong> moderne<\/p>\n<\/li>\n<li data-start=\"867\" data-end=\"902\">\n<p data-start=\"869\" data-end=\"902\">Ngjyr\u00eb e zez\u00eb \u2013 elegante &amp; urbane<\/p>\n<\/li>\n<li data-start=\"903\" data-end=\"951\">\n<p data-start=\"905\" data-end=\"951\">Ideale p\u00ebr stil smart-casual dhe formal modern<\/p>\n<\/li>\n<\/ul>","protected":false},"excerpt":{"rendered":"<p>Kjo k\u00ebmish\u00eb premium slim fit n\u00eb ngjyr\u00eb t\u00eb zez\u00eb me jak\u00eb mandarin (pa jaka klasike) ofron nj\u00eb stil modern, minimalist dhe shum\u00eb elegant. E dizajnuar p\u00ebr meshkujt q\u00eb preferojn\u00eb pamje clean, luksoze dhe t\u00eb fuqishme, kjo k\u00ebmish\u00eb p\u00ebrshtatet perfekt me trupin duke theksuar linjat mashkullore. Materiali cil\u00ebsor \u00ebsht\u00eb i but\u00eb, elastik dhe i rehatsh\u00ebm, ideal [&hellip;]<\/p>","protected":false},"featured_media":10433,"comment_status":"open","ping_status":"closed","template":"","meta":[],"product_brand":[],"product_cat":[705],"product_tag":[],"class_list":{"0":"post-10431","1":"product","2":"type-product","3":"status-publish","4":"has-post-thumbnail","6":"product_cat-slim-fit-elegant-shirt","8":"first","9":"instock","10":"taxable","11":"shipping-taxable","12":"purchasable","13":"product-type-variable"},"jetpack_sharing_enabled":true,"_links":{"self":[{"href":"https:\/\/urban-clothingstore.com\/en\/wp-json\/wp\/v2\/product\/10431","targetHints":{"allow":["GET"]}}],"collection":[{"href":"https:\/\/urban-clothingstore.com\/en\/wp-json\/wp\/v2\/product"}],"about":[{"href":"https:\/\/urban-clothingstore.com\/en\/wp-json\/wp\/v2\/types\/product"}],"replies":[{"embeddable":true,"href":"https:\/\/urban-clothingstore.com\/en\/wp-json\/wp\/v2\/comments?post=10431"}],"wp:featuredmedia":[{"embeddable":true,"href":"https:\/\/urban-clothingstore.com\/en\/wp-json\/wp\/v2\/media\/10433"}],"wp:attachment":[{"href":"https:\/\/urban-clothingstore.com\/en\/wp-json\/wp\/v2\/media?parent=10431"}],"wp:term":[{"taxonomy":"product_brand","embeddable":true,"href":"https:\/\/urban-clothingstore.com\/en\/wp-json\/wp\/v2\/product_brand?post=10431"},{"taxonomy":"product_cat","embeddable":true,"href":"https:\/\/urban-clothingstore.com\/en\/wp-json\/wp\/v2\/product_cat?post=10431"},{"taxonomy":"product_tag","embeddable":true,"href":"https:\/\/urban-clothingstore.com\/en\/wp-json\/wp\/v2\/product_tag?post=10431"}],"curies":[{"name":"wp","href":"https:\/\/api.w.org\/{rel}","templated":true}]}}