{"id":1049,"date":"2025-02-11T21:47:06","date_gmt":"2025-02-11T21:47:06","guid":{"rendered":"https:\/\/urban-clothingstore.com\/?post_type=product&#038;p=1049"},"modified":"2025-09-26T13:02:28","modified_gmt":"2025-09-26T13:02:28","slug":"gray-zippered-jacked","status":"publish","type":"product","link":"https:\/\/urban-clothingstore.com\/en\/product\/gray-zippered-jacked\/","title":{"rendered":"Xhaket\u00eb Gri me Zinxhir"},"content":{"rendered":"<p><strong><span class=\"jCAhz ChMk0b\"><span class=\"ryNqvb\">Dizajn Elegant <\/span><\/span><\/strong><\/p>\n<p><span class=\"jCAhz ChMk0b\"><span class=\"ryNqvb\">Ju prezantojm\u00eb xhaket\u00ebn ton\u00eb elegante gri me zinxhir, p\u00ebrzierja perfekte e mod\u00ebs dhe funksionalitetit.<\/span><\/span> <span class=\"jCAhz\"><span class=\"ryNqvb\">E projektuar duke pasur parasysh estetik\u00ebn moderne, kjo xhaket\u00eb p\u00ebrmir\u00ebson \u00e7do veshje duke siguruar rehati dhe praktik\u00eb.<\/span><\/span><\/p>\n<p><strong><span class=\"jCAhz ChMk0b\"><span class=\"ryNqvb\">Cil\u00ebsi e Jasht\u00ebzakonshme <\/span><\/span><\/strong><\/p>\n<p><span class=\"jCAhz ChMk0b\"><span class=\"ryNqvb\">E punuar nga materiale me cil\u00ebsi t\u00eb lart\u00eb, xhaketa gri me zinxhir premton q\u00ebndrueshm\u00ebri dhe p\u00ebrdorim afatgjat\u00eb.<\/span><\/span> <span class=\"jCAhz ChMk0b\"><span class=\"ryNqvb\">P\u00eblhura e saj e leht\u00eb e b\u00ebn at\u00eb nj\u00eb zgjedhje ideale p\u00ebr veshje t\u00eb shtresuara, perfekte p\u00ebr mot kalimtar.<\/span><\/span><\/p>\n<p><strong><span class=\"jCAhz ChMk0b\"><span class=\"ryNqvb\">P\u00ebrdorim i Gjithansh\u00ebm <\/span><\/span><\/strong><\/p>\n<p><span class=\"jCAhz ChMk0b\"><span class=\"ryNqvb\">Kjo xhaket\u00eb nuk \u00ebsht\u00eb vet\u00ebm elegante, por edhe e gjithanshme, e p\u00ebrshtatshme p\u00ebr dalje t\u00eb rast\u00ebsishme ose evente m\u00eb speciale.<\/span><\/span> <span class=\"jCAhz ChMk0b\"><span class=\"ryNqvb\">Kombinojeni me xhinse p\u00ebr nj\u00eb pamje t\u00eb relaksuar ose visheni p\u00ebr nj\u00eb mbr\u00ebmje &#8211; xhaketa gri me zinxhir p\u00ebrshtatet me stilin tuaj pa mundim.<\/span><\/span><\/p>","protected":false},"excerpt":{"rendered":"<p>Dizajn Elegant Ju prezantojm\u00eb xhaket\u00ebn ton\u00eb elegante gri me zinxhir, p\u00ebrzierja perfekte e mod\u00ebs dhe funksionalitetit. E projektuar duke pasur parasysh estetik\u00ebn moderne, kjo xhaket\u00eb p\u00ebrmir\u00ebson \u00e7do veshje duke siguruar rehati dhe praktik\u00eb. Cil\u00ebsi e Jasht\u00ebzakonshme E punuar nga materiale me cil\u00ebsi t\u00eb lart\u00eb, xhaketa gri me zinxhir premton q\u00ebndrueshm\u00ebri dhe p\u00ebrdorim afatgjat\u00eb. P\u00eblhura e [&hellip;]<\/p>","protected":false},"featured_media":1052,"comment_status":"open","ping_status":"closed","template":"","meta":[],"product_brand":[],"product_cat":[25],"product_tag":[],"class_list":{"0":"post-1049","1":"product","2":"type-product","3":"status-publish","4":"has-post-thumbnail","6":"product_cat-jackets","8":"first","9":"instock","10":"sale","11":"taxable","12":"shipping-taxable","13":"purchasable","14":"product-type-variable"},"jetpack_sharing_enabled":true,"_links":{"self":[{"href":"https:\/\/urban-clothingstore.com\/en\/wp-json\/wp\/v2\/product\/1049","targetHints":{"allow":["GET"]}}],"collection":[{"href":"https:\/\/urban-clothingstore.com\/en\/wp-json\/wp\/v2\/product"}],"about":[{"href":"https:\/\/urban-clothingstore.com\/en\/wp-json\/wp\/v2\/types\/product"}],"replies":[{"embeddable":true,"href":"https:\/\/urban-clothingstore.com\/en\/wp-json\/wp\/v2\/comments?post=1049"}],"wp:featuredmedia":[{"embeddable":true,"href":"https:\/\/urban-clothingstore.com\/en\/wp-json\/wp\/v2\/media\/1052"}],"wp:attachment":[{"href":"https:\/\/urban-clothingstore.com\/en\/wp-json\/wp\/v2\/media?parent=1049"}],"wp:term":[{"taxonomy":"product_brand","embeddable":true,"href":"https:\/\/urban-clothingstore.com\/en\/wp-json\/wp\/v2\/product_brand?post=1049"},{"taxonomy":"product_cat","embeddable":true,"href":"https:\/\/urban-clothingstore.com\/en\/wp-json\/wp\/v2\/product_cat?post=1049"},{"taxonomy":"product_tag","embeddable":true,"href":"https:\/\/urban-clothingstore.com\/en\/wp-json\/wp\/v2\/product_tag?post=1049"}],"curies":[{"name":"wp","href":"https:\/\/api.w.org\/{rel}","templated":true}]}}