{"id":1055,"date":"2025-02-11T21:49:20","date_gmt":"2025-02-11T21:49:20","guid":{"rendered":"https:\/\/urban-clothingstore.com\/?post_type=product&#038;p=1055"},"modified":"2025-09-26T12:59:19","modified_gmt":"2025-09-26T12:59:19","slug":"white-zippered-jacked-2","status":"publish","type":"product","link":"https:\/\/urban-clothingstore.com\/en\/product\/white-zippered-jacked-2\/","title":{"rendered":"Xhaket\u00eb e Bardh\u00eb me Zinxhir"},"content":{"rendered":"<div class=\"lRu31\" dir=\"ltr\"><strong><span class=\"HwtZe\" lang=\"sq\"><span class=\"jCAhz ChMk0b\"><span class=\"ryNqvb\">Material Cil\u00ebsor<\/span><\/span><\/span><\/strong><\/div>\n<div dir=\"ltr\"><\/div>\n<div class=\"lRu31\" dir=\"ltr\"><span class=\"HwtZe\" lang=\"sq\"><span class=\"jCAhz ChMk0b\"><span class=\"ryNqvb\">Xhaketa jon\u00eb e bardh\u00eb me zinxhir \u00ebsht\u00eb punuar nga materiale me cil\u00ebsi t\u00eb lart\u00eb, t\u00eb dizajnuara p\u00ebr t\u00eb ofruar rehati dhe stil.<\/span><\/span> <span class=\"jCAhz ChMk0b\"><span class=\"ryNqvb\">Kjo p\u00eblhur\u00eb e leht\u00eb por e q\u00ebndrueshme siguron q\u00eb ju mund ta vishni gjat\u00eb gjith\u00eb vitit pa b\u00ebr\u00eb kompromis me rehatin\u00eb.<\/span><\/span> <\/span><\/div>\n<div dir=\"ltr\"><\/div>\n<div class=\"lRu31\" dir=\"ltr\"><strong><span class=\"HwtZe\" lang=\"sq\"><span class=\"jCAhz ChMk0b\"><span class=\"ryNqvb\">Mod\u00eb e Shum\u00ebllojshme<\/span><\/span><\/span><\/strong><\/div>\n<div dir=\"ltr\"><\/div>\n<div class=\"lRu31\" dir=\"ltr\"><span class=\"HwtZe\" lang=\"sq\"><span class=\"jCAhz ChMk0b\"><span class=\"ryNqvb\">Kjo xhaket\u00eb e shum\u00ebllojshme \u00ebsht\u00eb perfekte p\u00ebr \u00e7do rast, qoft\u00eb nj\u00eb dit\u00eb e rast\u00ebsishme apo nj\u00eb ngjarje m\u00eb formale.<\/span><\/span> <span class=\"jCAhz ChMk0b\"><span class=\"ryNqvb\">Dizajni klasik i lejon asaj t\u00eb p\u00ebrzihet pa probleme me veshje t\u00eb ndryshme.<\/span><\/span> <span class=\"jCAhz ChMk0b\"><span class=\"ryNqvb\">Kombinojeni me xhinse p\u00ebr nj\u00eb pamje t\u00eb relaksuar ose me pantallona p\u00ebr di\u00e7ka m\u00eb t\u00eb sofistikuar.<\/span><\/span> <\/span><\/div>\n<div dir=\"ltr\"><\/div>\n<div class=\"lRu31\" dir=\"ltr\"><strong><span class=\"HwtZe\" lang=\"sq\"><span class=\"jCAhz ChMk0b\"><span class=\"ryNqvb\">Dizajn Funksional<\/span><\/span><\/span><\/strong><\/div>\n<div class=\"lRu31\" dir=\"ltr\">\n<p><span class=\"HwtZe\" lang=\"sq\"><span class=\"jCAhz ChMk0b\"><span class=\"ryNqvb\">Me nj\u00eb mbyllje t\u00eb sigurt me zinxhir dhe xhepa, kjo xhaket\u00eb kombinon funksionalitetin me mod\u00ebn.<\/span><\/span>\u00a0<span class=\"jCAhz ChMk0b\"><span class=\"ryNqvb\">P\u00ebrgatituni t\u00eb dilni me stil me xhaket\u00ebn ton\u00eb t\u00eb bardh\u00eb me zinxhir!<\/span><\/span><\/span><\/p>\n<div class=\"pw1uU\" tabindex=\"0\" aria-hidden=\"true\"><\/div>\n<div class=\"pw1uU\" tabindex=\"0\" aria-hidden=\"true\"><\/div>\n<div class=\"OvtS8d\"><\/div>\n<div id=\"ow19\" class=\"NQSJo\"><\/div>\n<\/div>\n<div class=\"UdTY9 WdefRb\" aria-hidden=\"true\" data-location=\"2\"><\/div>","protected":false},"excerpt":{"rendered":"<p>Material Cil\u00ebsor Xhaketa jon\u00eb e bardh\u00eb me zinxhir \u00ebsht\u00eb punuar nga materiale me cil\u00ebsi t\u00eb lart\u00eb, t\u00eb dizajnuara p\u00ebr t\u00eb ofruar rehati dhe stil. Kjo p\u00eblhur\u00eb e leht\u00eb por e q\u00ebndrueshme siguron q\u00eb ju mund ta vishni gjat\u00eb gjith\u00eb vitit pa b\u00ebr\u00eb kompromis me rehatin\u00eb. Mod\u00eb e Shum\u00ebllojshme Kjo xhaket\u00eb e shum\u00ebllojshme \u00ebsht\u00eb perfekte p\u00ebr [&hellip;]<\/p>","protected":false},"featured_media":1057,"comment_status":"open","ping_status":"closed","template":"","meta":[],"product_brand":[],"product_cat":[25],"product_tag":[],"class_list":{"0":"post-1055","1":"product","2":"type-product","3":"status-publish","4":"has-post-thumbnail","6":"product_cat-jackets","8":"first","9":"instock","10":"sale","11":"taxable","12":"shipping-taxable","13":"purchasable","14":"product-type-variable"},"jetpack_sharing_enabled":true,"_links":{"self":[{"href":"https:\/\/urban-clothingstore.com\/en\/wp-json\/wp\/v2\/product\/1055","targetHints":{"allow":["GET"]}}],"collection":[{"href":"https:\/\/urban-clothingstore.com\/en\/wp-json\/wp\/v2\/product"}],"about":[{"href":"https:\/\/urban-clothingstore.com\/en\/wp-json\/wp\/v2\/types\/product"}],"replies":[{"embeddable":true,"href":"https:\/\/urban-clothingstore.com\/en\/wp-json\/wp\/v2\/comments?post=1055"}],"wp:featuredmedia":[{"embeddable":true,"href":"https:\/\/urban-clothingstore.com\/en\/wp-json\/wp\/v2\/media\/1057"}],"wp:attachment":[{"href":"https:\/\/urban-clothingstore.com\/en\/wp-json\/wp\/v2\/media?parent=1055"}],"wp:term":[{"taxonomy":"product_brand","embeddable":true,"href":"https:\/\/urban-clothingstore.com\/en\/wp-json\/wp\/v2\/product_brand?post=1055"},{"taxonomy":"product_cat","embeddable":true,"href":"https:\/\/urban-clothingstore.com\/en\/wp-json\/wp\/v2\/product_cat?post=1055"},{"taxonomy":"product_tag","embeddable":true,"href":"https:\/\/urban-clothingstore.com\/en\/wp-json\/wp\/v2\/product_tag?post=1055"}],"curies":[{"name":"wp","href":"https:\/\/api.w.org\/{rel}","templated":true}]}}