{"id":10632,"date":"2025-12-18T11:40:19","date_gmt":"2025-12-18T11:40:19","guid":{"rendered":"https:\/\/urban-clothingstore.com\/?post_type=product&#038;p=10632"},"modified":"2026-03-20T08:03:22","modified_gmt":"2026-03-20T08:03:22","slug":"xhakete-premium-me-pelush-dhe-kapuc-urban-winter-style","status":"publish","type":"product","link":"https:\/\/urban-clothingstore.com\/en\/product\/xhakete-premium-me-pelush-dhe-kapuc-urban-winter-style\/","title":{"rendered":"Xhaket\u00eb Premium me Pelush dhe Kapu\u00e7 \u2013 Urban Winter Style"},"content":{"rendered":"<div class=\"flex flex-col text-sm pb-25\">\n<article class=\"text-token-text-primary w-full focus:outline-none [--shadow-height:45px] has-data-writing-block:pointer-events-none has-data-writing-block:-mt-(--shadow-height) has-data-writing-block:pt-(--shadow-height) [&amp;:has([data-writing-block])&gt;*]:pointer-events-auto scroll-mt-[calc(var(--header-height)+min(200px,max(70px,20svh)))]\" dir=\"auto\" tabindex=\"-1\" data-turn-id=\"40f553f4-c759-4a2f-b1ed-e586d4f273f6\" data-testid=\"conversation-turn-6\" data-scroll-anchor=\"true\" data-turn=\"assistant\">\n<div class=\"text-base my-auto mx-auto pb-10 [--thread-content-margin:--spacing(4)] @w-sm\/main:[--thread-content-margin:--spacing(6)] @w-lg\/main:[--thread-content-margin:--spacing(16)] px-(--thread-content-margin)\">\n<div class=\"[--thread-content-max-width:40rem] @w-lg\/main:[--thread-content-max-width:48rem] mx-auto max-w-(--thread-content-max-width) flex-1 group\/turn-messages focus-visible:outline-hidden relative flex w-full min-w-0 flex-col agent-turn\" tabindex=\"-1\">\n<div class=\"flex max-w-full flex-col grow\">\n<div class=\"min-h-8 text-message relative flex w-full flex-col items-end gap-2 text-start break-words whitespace-normal [.text-message+&amp;]:mt-1\" dir=\"auto\" data-message-author-role=\"assistant\" data-message-id=\"b3162bfb-08d4-4caf-9ed8-d66698766e6c\" data-message-model-slug=\"gpt-5-2-thinking\">\n<div class=\"flex w-full flex-col gap-1 empty:hidden first:pt-[1px]\">\n<div class=\"markdown prose dark:prose-invert w-full break-words light markdown-new-styling\">\n<p data-start=\"132\" data-end=\"582\">Xhaket\u00eb dim\u00ebrore <strong data-start=\"179\" data-end=\"200\">me pelush premium<\/strong>, e dizajnuar p\u00ebr ngroht\u00ebsi maksimale dhe stil urban modern. Materiali i trash\u00eb dhe i but\u00eb ofron izolim t\u00eb shk\u00eblqyer ndaj t\u00eb ftohtit, nd\u00ebrsa kapu\u00e7i i integruar mbron nga era dhe bora. Zinxhiri cil\u00ebsor, xhepat an\u00ebsor\u00eb funksional\u00eb dhe detajet minimaliste i japin nj\u00eb pamje t\u00eb fort\u00eb streetwear.<br data-start=\"491\" data-end=\"494\" \/>Ideale p\u00ebr dit\u00eb t\u00eb ftohta n\u00eb qytet, kombinon komoditetin sportiv me stilin modern urban.<\/p>\n<p data-start=\"584\" data-end=\"615\"><strong data-start=\"584\" data-end=\"613\">Karakteristikat kryesore:<\/strong><\/p>\n<ul data-start=\"616\" data-end=\"749\">\n<li data-start=\"616\" data-end=\"661\">\n<p data-start=\"618\" data-end=\"661\">Material me pelush i trash\u00eb dhe i ngroht\u00eb<\/p>\n<\/li>\n<li data-start=\"662\" data-end=\"682\">\n<p data-start=\"664\" data-end=\"682\">Kapu\u00e7 funksional<\/p>\n<\/li>\n<li data-start=\"683\" data-end=\"702\">\n<p data-start=\"685\" data-end=\"702\">Zinxhir i plot\u00eb<\/p>\n<\/li>\n<li data-start=\"703\" data-end=\"720\">\n<p data-start=\"705\" data-end=\"720\">Xhepa an\u00ebsor\u00eb<\/p>\n<\/li>\n<li data-start=\"721\" data-end=\"749\">\n<p data-start=\"723\" data-end=\"749\">Prerje moderne (urban fit)<\/p>\n<\/li>\n<\/ul>\n<p data-start=\"751\" data-end=\"802\" data-is-last-node=\"\" data-is-only-node=\"\"><strong data-start=\"751\" data-end=\"778\">Ngjyra t\u00eb disponueshme:<\/strong><br data-start=\"778\" data-end=\"781\" \/>Haki (Olive) &amp; E zez\u00eb<\/p>\n<\/div>\n<\/div>\n<\/div>\n<\/div>\n<div class=\"z-0 flex min-h-[46px] justify-start\"><\/div>\n<div class=\"mt-3 w-full empty:hidden\">\n<div class=\"text-center\"><\/div>\n<\/div>\n<\/div>\n<\/div>\n<\/article>\n<\/div>\n<div class=\"pointer-events-none h-px w-px absolute bottom-0\" aria-hidden=\"true\" data-edge=\"true\"><\/div>","protected":false},"excerpt":{"rendered":"<p>Xhaket\u00eb dim\u00ebrore me pelush premium, e dizajnuar p\u00ebr ngroht\u00ebsi maksimale dhe stil urban modern. Materiali i trash\u00eb dhe i but\u00eb ofron izolim t\u00eb shk\u00eblqyer ndaj t\u00eb ftohtit, nd\u00ebrsa kapu\u00e7i i integruar mbron nga era dhe bora. Zinxhiri cil\u00ebsor, xhepat an\u00ebsor\u00eb funksional\u00eb dhe detajet minimaliste i japin nj\u00eb pamje t\u00eb fort\u00eb streetwear.Ideale p\u00ebr dit\u00eb t\u00eb ftohta [&hellip;]<\/p>","protected":false},"featured_media":10634,"comment_status":"open","ping_status":"closed","template":"","meta":[],"product_brand":[],"product_cat":[25],"product_tag":[467,506,312],"class_list":{"0":"post-10632","1":"product","2":"type-product","3":"status-publish","4":"has-post-thumbnail","6":"product_cat-jackets","7":"product_tag-me-pelush-te-zeze","8":"product_tag-me-pelush-ulliri","9":"product_tag-xhakete","11":"first","12":"instock","13":"taxable","14":"shipping-taxable","15":"purchasable","16":"product-type-variable"},"jetpack_sharing_enabled":true,"_links":{"self":[{"href":"https:\/\/urban-clothingstore.com\/en\/wp-json\/wp\/v2\/product\/10632","targetHints":{"allow":["GET"]}}],"collection":[{"href":"https:\/\/urban-clothingstore.com\/en\/wp-json\/wp\/v2\/product"}],"about":[{"href":"https:\/\/urban-clothingstore.com\/en\/wp-json\/wp\/v2\/types\/product"}],"replies":[{"embeddable":true,"href":"https:\/\/urban-clothingstore.com\/en\/wp-json\/wp\/v2\/comments?post=10632"}],"wp:featuredmedia":[{"embeddable":true,"href":"https:\/\/urban-clothingstore.com\/en\/wp-json\/wp\/v2\/media\/10634"}],"wp:attachment":[{"href":"https:\/\/urban-clothingstore.com\/en\/wp-json\/wp\/v2\/media?parent=10632"}],"wp:term":[{"taxonomy":"product_brand","embeddable":true,"href":"https:\/\/urban-clothingstore.com\/en\/wp-json\/wp\/v2\/product_brand?post=10632"},{"taxonomy":"product_cat","embeddable":true,"href":"https:\/\/urban-clothingstore.com\/en\/wp-json\/wp\/v2\/product_cat?post=10632"},{"taxonomy":"product_tag","embeddable":true,"href":"https:\/\/urban-clothingstore.com\/en\/wp-json\/wp\/v2\/product_tag?post=10632"}],"curies":[{"name":"wp","href":"https:\/\/api.w.org\/{rel}","templated":true}]}}