{"id":10844,"date":"2025-12-28T23:43:30","date_gmt":"2025-12-28T23:43:30","guid":{"rendered":"https:\/\/urban-clothingstore.com\/?post_type=product&#038;p=10844"},"modified":"2026-03-09T14:09:39","modified_gmt":"2026-03-09T14:09:39","slug":"xhinse-meshkuj-skinny-fit-denim-i-zi-me-efekt-paint-ripped","status":"publish","type":"product","link":"https:\/\/urban-clothingstore.com\/en\/product\/xhinse-meshkuj-skinny-fit-denim-i-zi-me-efekt-paint-ripped\/","title":{"rendered":"Xhinse Meshkuj Slim Fit \u2013 Denim i Zi me Efekt Paint &#038; Ripped"},"content":{"rendered":"<p data-start=\"218\" data-end=\"495\">Xhinse moderne p\u00ebr meshkuj me <strong data-start=\"248\" data-end=\"269\">prerje slim fit<\/strong>, t\u00eb dizajnuara p\u00ebr nj\u00eb stil urban dhe trendi. Punuar nga <strong data-start=\"327\" data-end=\"344\">denim cil\u00ebsor<\/strong>, k\u00ebto xhinse kan\u00eb <strong data-start=\"363\" data-end=\"391\">ngjyr\u00eb t\u00eb zez\u00eb t\u00eb thell\u00eb<\/strong>, me <strong data-start=\"396\" data-end=\"426\">detaje ripped (t\u00eb grisura)<\/strong> dhe <strong data-start=\"431\" data-end=\"453\">efekt paint splash<\/strong>, q\u00eb i japin nj\u00eb pamje unike dhe dinamike.<\/p>\n<p data-start=\"497\" data-end=\"715\">Modeli p\u00ebrshtatet perfekt me trupin, duke theksuar linjat e k\u00ebmb\u00ebve dhe duke ofruar rehati gjat\u00eb gjith\u00eb dit\u00ebs. Ideale p\u00ebr kombinime casual dhe street style \u2013 duken shk\u00eblqyesh\u00ebm me atlete, bluza basic apo xhupa modern\u00eb.<\/p>\n<p data-start=\"717\" data-end=\"737\"><strong data-start=\"717\" data-end=\"737\">Detaje kryesore:<\/strong><\/p>\n<ul data-start=\"738\" data-end=\"879\">\n<li data-start=\"738\" data-end=\"760\">\n<p data-start=\"740\" data-end=\"760\">Prerje: Slim Fit<\/p>\n<\/li>\n<li data-start=\"761\" data-end=\"779\">\n<p data-start=\"763\" data-end=\"779\">Ngjyr\u00eb: E zez\u00eb<\/p>\n<\/li>\n<li data-start=\"780\" data-end=\"816\">\n<p data-start=\"782\" data-end=\"816\">Material: Denim cil\u00ebsor, elastik<\/p>\n<\/li>\n<li data-start=\"817\" data-end=\"850\">\n<p data-start=\"819\" data-end=\"850\">Dizajn: Ripped + paint splash<\/p>\n<\/li>\n<\/ul>","protected":false},"excerpt":{"rendered":"<p>Xhinse moderne p\u00ebr meshkuj me prerje slim fit, t\u00eb dizajnuara p\u00ebr nj\u00eb stil urban dhe trendi. Punuar nga denim cil\u00ebsor, k\u00ebto xhinse kan\u00eb ngjyr\u00eb t\u00eb zez\u00eb t\u00eb thell\u00eb, me detaje ripped (t\u00eb grisura) dhe efekt paint splash, q\u00eb i japin nj\u00eb pamje unike dhe dinamike. Modeli p\u00ebrshtatet perfekt me trupin, duke theksuar linjat e k\u00ebmb\u00ebve [&hellip;]<\/p>","protected":false},"featured_media":10845,"comment_status":"open","ping_status":"closed","template":"","meta":[],"product_brand":[],"product_cat":[702],"product_tag":[515,516],"class_list":{"0":"post-10844","1":"product","2":"type-product","3":"status-publish","4":"has-post-thumbnail","6":"product_cat-premium-slim-fit-jeans","7":"product_tag-denim-i-zi-me-efekt-paint-ripped","8":"product_tag-xhinse-meshkuj-slim-fit","10":"first","11":"instock","12":"sale","13":"taxable","14":"shipping-taxable","15":"purchasable","16":"product-type-variable"},"jetpack_sharing_enabled":true,"_links":{"self":[{"href":"https:\/\/urban-clothingstore.com\/en\/wp-json\/wp\/v2\/product\/10844","targetHints":{"allow":["GET"]}}],"collection":[{"href":"https:\/\/urban-clothingstore.com\/en\/wp-json\/wp\/v2\/product"}],"about":[{"href":"https:\/\/urban-clothingstore.com\/en\/wp-json\/wp\/v2\/types\/product"}],"replies":[{"embeddable":true,"href":"https:\/\/urban-clothingstore.com\/en\/wp-json\/wp\/v2\/comments?post=10844"}],"wp:featuredmedia":[{"embeddable":true,"href":"https:\/\/urban-clothingstore.com\/en\/wp-json\/wp\/v2\/media\/10845"}],"wp:attachment":[{"href":"https:\/\/urban-clothingstore.com\/en\/wp-json\/wp\/v2\/media?parent=10844"}],"wp:term":[{"taxonomy":"product_brand","embeddable":true,"href":"https:\/\/urban-clothingstore.com\/en\/wp-json\/wp\/v2\/product_brand?post=10844"},{"taxonomy":"product_cat","embeddable":true,"href":"https:\/\/urban-clothingstore.com\/en\/wp-json\/wp\/v2\/product_cat?post=10844"},{"taxonomy":"product_tag","embeddable":true,"href":"https:\/\/urban-clothingstore.com\/en\/wp-json\/wp\/v2\/product_tag?post=10844"}],"curies":[{"name":"wp","href":"https:\/\/api.w.org\/{rel}","templated":true}]}}