{"id":10867,"date":"2025-12-29T00:00:51","date_gmt":"2025-12-29T00:00:51","guid":{"rendered":"https:\/\/urban-clothingstore.com\/?post_type=product&#038;p=10867"},"modified":"2026-03-09T14:04:58","modified_gmt":"2026-03-09T14:04:58","slug":"xhinse-meshkuj-slim-fit-denim-blu-i-erret-me-detaje-ripped-paint","status":"publish","type":"product","link":"https:\/\/urban-clothingstore.com\/en\/product\/xhinse-meshkuj-slim-fit-denim-blu-i-erret-me-detaje-ripped-paint\/","title":{"rendered":"Xhinse Meshkuj Slim Fit \u2013 Denim Blu i Err\u00ebt me Detaje Ripped &#038; Paint"},"content":{"rendered":"<p data-start=\"169\" data-end=\"474\">Xhinse elegante p\u00ebr meshkuj me <strong data-start=\"200\" data-end=\"221\">prerje slim fit<\/strong>, t\u00eb punuara nga <strong data-start=\"238\" data-end=\"267\">denim blu i err\u00ebt cil\u00ebsor<\/strong>, q\u00eb ofron kombinimin perfekt mes stilit modern dhe rehatis\u00eb. Dizajni p\u00ebrfshin <strong data-start=\"346\" data-end=\"372\">detaje ripped diskrete<\/strong> dhe <strong data-start=\"377\" data-end=\"399\">efekt paint splash<\/strong>, t\u00eb shp\u00ebrndara n\u00eb m\u00ebnyr\u00eb t\u00eb balancuar p\u00ebr nj\u00eb pamje urbane, por t\u00eb past\u00ebr.<\/p>\n<p data-start=\"476\" data-end=\"710\">Materiali elastik siguron <strong data-start=\"502\" data-end=\"533\">p\u00ebrshtatje ideale me trupin<\/strong>, duke i b\u00ebr\u00eb t\u00eb rehatshme p\u00ebr p\u00ebrdorim t\u00eb p\u00ebrditsh\u00ebm. T\u00eb p\u00ebrshtatshme p\u00ebr kombinime casual dhe smart-casual \u2013 duken perfekt me atlete t\u00eb bardha, bluza basic apo xhupa minimal\u00eb.<\/p>\n<p data-start=\"712\" data-end=\"732\"><strong data-start=\"712\" data-end=\"732\">Detaje kryesore:<\/strong><\/p>\n<ul data-start=\"733\" data-end=\"883\">\n<li data-start=\"733\" data-end=\"755\">\n<p data-start=\"735\" data-end=\"755\">Prerje: Slim Fit<\/p>\n<\/li>\n<li data-start=\"756\" data-end=\"779\">\n<p data-start=\"758\" data-end=\"779\">Ngjyr\u00eb: Blu e err\u00ebt<\/p>\n<\/li>\n<li data-start=\"780\" data-end=\"816\">\n<p data-start=\"782\" data-end=\"816\">Material: Denim cil\u00ebsor, elastik<\/p>\n<\/li>\n<li data-start=\"817\" data-end=\"858\">\n<p data-start=\"819\" data-end=\"858\">Dizajn: Ripped diskret + paint splash<\/p>\n<\/li>\n<li data-start=\"859\" data-end=\"883\">\n<p data-start=\"861\" data-end=\"883\">Stil: Urban \/ Modern<\/p>\n<\/li>\n<\/ul>","protected":false},"excerpt":{"rendered":"<p>Xhinse elegante p\u00ebr meshkuj me prerje slim fit, t\u00eb punuara nga denim blu i err\u00ebt cil\u00ebsor, q\u00eb ofron kombinimin perfekt mes stilit modern dhe rehatis\u00eb. Dizajni p\u00ebrfshin detaje ripped diskrete dhe efekt paint splash, t\u00eb shp\u00ebrndara n\u00eb m\u00ebnyr\u00eb t\u00eb balancuar p\u00ebr nj\u00eb pamje urbane, por t\u00eb past\u00ebr. Materiali elastik siguron p\u00ebrshtatje ideale me trupin, duke [&hellip;]<\/p>","protected":false},"featured_media":10868,"comment_status":"open","ping_status":"closed","template":"","meta":[],"product_brand":[],"product_cat":[702],"product_tag":[518,516],"class_list":{"0":"post-10867","1":"product","2":"type-product","3":"status-publish","4":"has-post-thumbnail","6":"product_cat-premium-slim-fit-jeans","7":"product_tag-denim-blu-i-erret-me-detaje-ripped-paint","8":"product_tag-xhinse-meshkuj-slim-fit","10":"first","11":"instock","12":"sale","13":"taxable","14":"shipping-taxable","15":"purchasable","16":"product-type-variable"},"jetpack_sharing_enabled":true,"_links":{"self":[{"href":"https:\/\/urban-clothingstore.com\/en\/wp-json\/wp\/v2\/product\/10867","targetHints":{"allow":["GET"]}}],"collection":[{"href":"https:\/\/urban-clothingstore.com\/en\/wp-json\/wp\/v2\/product"}],"about":[{"href":"https:\/\/urban-clothingstore.com\/en\/wp-json\/wp\/v2\/types\/product"}],"replies":[{"embeddable":true,"href":"https:\/\/urban-clothingstore.com\/en\/wp-json\/wp\/v2\/comments?post=10867"}],"wp:featuredmedia":[{"embeddable":true,"href":"https:\/\/urban-clothingstore.com\/en\/wp-json\/wp\/v2\/media\/10868"}],"wp:attachment":[{"href":"https:\/\/urban-clothingstore.com\/en\/wp-json\/wp\/v2\/media?parent=10867"}],"wp:term":[{"taxonomy":"product_brand","embeddable":true,"href":"https:\/\/urban-clothingstore.com\/en\/wp-json\/wp\/v2\/product_brand?post=10867"},{"taxonomy":"product_cat","embeddable":true,"href":"https:\/\/urban-clothingstore.com\/en\/wp-json\/wp\/v2\/product_cat?post=10867"},{"taxonomy":"product_tag","embeddable":true,"href":"https:\/\/urban-clothingstore.com\/en\/wp-json\/wp\/v2\/product_tag?post=10867"}],"curies":[{"name":"wp","href":"https:\/\/api.w.org\/{rel}","templated":true}]}}