{"id":10878,"date":"2025-12-29T00:09:44","date_gmt":"2025-12-29T00:09:44","guid":{"rendered":"https:\/\/urban-clothingstore.com\/?post_type=product&#038;p=10878"},"modified":"2026-02-25T18:21:14","modified_gmt":"2026-02-25T18:21:14","slug":"xhup-puffer-meshkuj-eco-leather-i-zi-slim-fit","status":"publish","type":"product","link":"https:\/\/urban-clothingstore.com\/en\/product\/xhup-puffer-meshkuj-eco-leather-i-zi-slim-fit\/","title":{"rendered":"Xhup Puffer Meshkuj \u2013 Eco Leather i Zi, Slim Fit"},"content":{"rendered":"<p data-start=\"159\" data-end=\"387\">Xhup puffer modern p\u00ebr meshkuj, i realizuar nga <strong data-start=\"207\" data-end=\"248\">eco-l\u00ebkur\u00eb cil\u00ebsore n\u00eb ngjyr\u00eb t\u00eb zez\u00eb<\/strong>, q\u00eb ofron pamje elegante dhe stil urban premium. Dizajni <strong data-start=\"306\" data-end=\"318\">slim fit<\/strong> p\u00ebrshtatet perfekt me trupin, duke theksuar linjat pa humbur rehati.<\/p>\n<p data-start=\"389\" data-end=\"632\">Qepja horizontale puffer siguron <strong data-start=\"422\" data-end=\"456\">izolim t\u00eb mir\u00eb ndaj t\u00eb ftohtit<\/strong>, nd\u00ebrsa <strong data-start=\"465\" data-end=\"485\">zinxhiri metalik<\/strong> dhe xhepat an\u00ebsor\u00eb me zip i shtojn\u00eb funksionalitet dhe stil. Jak\u00eb e drejt\u00eb, minimaliste, ideale p\u00ebr kombinime casual, streetwear dhe smart-casual.<\/p>\n<p data-start=\"634\" data-end=\"731\">Perfekt p\u00ebr vjesht\u00eb dhe dim\u00ebr \u2013 kombinohet leht\u00eb me xhinse, pantallona slim dhe atlete apo \u00e7izme.<\/p>\n<p data-start=\"733\" data-end=\"753\"><strong data-start=\"733\" data-end=\"753\">Detaje kryesore:<\/strong><\/p>\n<ul data-start=\"754\" data-end=\"923\">\n<li data-start=\"754\" data-end=\"774\">\n<p data-start=\"756\" data-end=\"774\">Prerje: Slim Fit<\/p>\n<\/li>\n<li data-start=\"775\" data-end=\"809\">\n<p data-start=\"777\" data-end=\"809\">Material: Eco Leather cil\u00ebsore<\/p>\n<\/li>\n<li data-start=\"810\" data-end=\"828\">\n<p data-start=\"812\" data-end=\"828\">Ngjyr\u00eb: E zez\u00eb<\/p>\n<\/li>\n<li data-start=\"829\" data-end=\"859\">\n<p data-start=\"831\" data-end=\"859\">Dizajn: Puffer, minimalist<\/p>\n<\/li>\n<li data-start=\"860\" data-end=\"888\">\n<p data-start=\"862\" data-end=\"888\">Mbyllje: Zinxhir metalik<\/p>\n<\/li>\n<li data-start=\"889\" data-end=\"923\">\n<p data-start=\"891\" data-end=\"923\">Stil: Urban \/ Modern \/ Elegant<\/p>\n<\/li>\n<\/ul>","protected":false},"excerpt":{"rendered":"<p>Xhup puffer modern p\u00ebr meshkuj, i realizuar nga eco-l\u00ebkur\u00eb cil\u00ebsore n\u00eb ngjyr\u00eb t\u00eb zez\u00eb, q\u00eb ofron pamje elegante dhe stil urban premium. Dizajni slim fit p\u00ebrshtatet perfekt me trupin, duke theksuar linjat pa humbur rehati. Qepja horizontale puffer siguron izolim t\u00eb mir\u00eb ndaj t\u00eb ftohtit, nd\u00ebrsa zinxhiri metalik dhe xhepat an\u00ebsor\u00eb me zip i shtojn\u00eb [&hellip;]<\/p>","protected":false},"featured_media":10879,"comment_status":"open","ping_status":"closed","template":"","meta":[],"product_brand":[],"product_cat":[25],"product_tag":[520,521,519],"class_list":{"0":"post-10878","1":"product","2":"type-product","3":"status-publish","4":"has-post-thumbnail","6":"product_cat-jackets","7":"product_tag-eco-leather-i-zi","8":"product_tag-slim-fit","9":"product_tag-xhup-puffer-meshkuj","11":"first","12":"instock","13":"taxable","14":"shipping-taxable","15":"purchasable","16":"product-type-variable"},"jetpack_sharing_enabled":true,"_links":{"self":[{"href":"https:\/\/urban-clothingstore.com\/en\/wp-json\/wp\/v2\/product\/10878","targetHints":{"allow":["GET"]}}],"collection":[{"href":"https:\/\/urban-clothingstore.com\/en\/wp-json\/wp\/v2\/product"}],"about":[{"href":"https:\/\/urban-clothingstore.com\/en\/wp-json\/wp\/v2\/types\/product"}],"replies":[{"embeddable":true,"href":"https:\/\/urban-clothingstore.com\/en\/wp-json\/wp\/v2\/comments?post=10878"}],"wp:featuredmedia":[{"embeddable":true,"href":"https:\/\/urban-clothingstore.com\/en\/wp-json\/wp\/v2\/media\/10879"}],"wp:attachment":[{"href":"https:\/\/urban-clothingstore.com\/en\/wp-json\/wp\/v2\/media?parent=10878"}],"wp:term":[{"taxonomy":"product_brand","embeddable":true,"href":"https:\/\/urban-clothingstore.com\/en\/wp-json\/wp\/v2\/product_brand?post=10878"},{"taxonomy":"product_cat","embeddable":true,"href":"https:\/\/urban-clothingstore.com\/en\/wp-json\/wp\/v2\/product_cat?post=10878"},{"taxonomy":"product_tag","embeddable":true,"href":"https:\/\/urban-clothingstore.com\/en\/wp-json\/wp\/v2\/product_tag?post=10878"}],"curies":[{"name":"wp","href":"https:\/\/api.w.org\/{rel}","templated":true}]}}