{"id":10884,"date":"2025-12-29T00:14:01","date_gmt":"2025-12-29T00:14:01","guid":{"rendered":"https:\/\/urban-clothingstore.com\/?post_type=product&#038;p=10884"},"modified":"2025-12-29T00:14:01","modified_gmt":"2025-12-29T00:14:01","slug":"xhinse-meshkuj-slim-fit-denim-i-zi-klasik","status":"publish","type":"product","link":"https:\/\/urban-clothingstore.com\/en\/product\/xhinse-meshkuj-slim-fit-denim-i-zi-klasik\/","title":{"rendered":"Xhinse Meshkuj Slim Fit \u2013 Denim i Zi Klasik"},"content":{"rendered":"<p data-start=\"154\" data-end=\"396\">Xhinse klasike p\u00ebr meshkuj me <strong data-start=\"184\" data-end=\"205\">prerje Slim fit<\/strong>, t\u00eb punuara nga <strong data-start=\"222\" data-end=\"244\">denim cil\u00ebsor i zi<\/strong>, ideale p\u00ebr stil t\u00eb past\u00ebr dhe elegant. Dizajni minimalist pa grisje apo detaje shtes\u00eb i b\u00ebn perfekte p\u00ebr kombinime <strong data-start=\"361\" data-end=\"395\">casual, smart-casual dhe urban<\/strong>.<\/p>\n<p data-start=\"398\" data-end=\"627\">Materiali elastik siguron <strong data-start=\"424\" data-end=\"453\">rehati gjat\u00eb gjith\u00eb dit\u00ebs<\/strong> dhe p\u00ebrshtatje perfekte me trupin, duke theksuar linjat pa kufizuar l\u00ebvizjen. Nj\u00eb model esencial n\u00eb garderob\u00eb, i leht\u00eb p\u00ebr t\u2019u kombinuar me bluza, k\u00ebmisha, xhupa apo pallto.<\/p>\n<p data-start=\"629\" data-end=\"649\"><strong data-start=\"629\" data-end=\"649\">Detaje kryesore:<\/strong><\/p>\n<ul data-start=\"650\" data-end=\"783\">\n<li data-start=\"650\" data-end=\"672\">\n<p data-start=\"652\" data-end=\"672\">Prerje: Slim Fit<\/p>\n<\/li>\n<li data-start=\"673\" data-end=\"691\">\n<p data-start=\"675\" data-end=\"691\">Ngjyr\u00eb: E zez\u00eb<\/p>\n<\/li>\n<li data-start=\"692\" data-end=\"728\">\n<p data-start=\"694\" data-end=\"728\">Material: Denim cil\u00ebsor, elastik<\/p>\n<\/li>\n<li data-start=\"729\" data-end=\"757\">\n<p data-start=\"731\" data-end=\"757\">Dizajn: Minimal \/ Klasik<\/p>\n<\/li>\n<li data-start=\"758\" data-end=\"783\">\n<p data-start=\"760\" data-end=\"783\">Stil: Urban \/ Elegant<\/p>\n<\/li>\n<\/ul>","protected":false},"excerpt":{"rendered":"<p>Xhinse klasike p\u00ebr meshkuj me prerje Slim fit, t\u00eb punuara nga denim cil\u00ebsor i zi, ideale p\u00ebr stil t\u00eb past\u00ebr dhe elegant. Dizajni minimalist pa grisje apo detaje shtes\u00eb i b\u00ebn perfekte p\u00ebr kombinime casual, smart-casual dhe urban. Materiali elastik siguron rehati gjat\u00eb gjith\u00eb dit\u00ebs dhe p\u00ebrshtatje perfekte me trupin, duke theksuar linjat pa kufizuar [&hellip;]<\/p>","protected":false},"featured_media":10885,"comment_status":"open","ping_status":"closed","template":"","meta":[],"product_brand":[],"product_cat":[27],"product_tag":[522,516],"class_list":{"0":"post-10884","1":"product","2":"type-product","3":"status-publish","4":"has-post-thumbnail","6":"product_cat-jeans","7":"product_tag-denim-i-zi-klasik","8":"product_tag-xhinse-meshkuj-slim-fit","10":"first","11":"instock","12":"sale","13":"taxable","14":"shipping-taxable","15":"purchasable","16":"product-type-variable"},"jetpack_sharing_enabled":true,"_links":{"self":[{"href":"https:\/\/urban-clothingstore.com\/en\/wp-json\/wp\/v2\/product\/10884","targetHints":{"allow":["GET"]}}],"collection":[{"href":"https:\/\/urban-clothingstore.com\/en\/wp-json\/wp\/v2\/product"}],"about":[{"href":"https:\/\/urban-clothingstore.com\/en\/wp-json\/wp\/v2\/types\/product"}],"replies":[{"embeddable":true,"href":"https:\/\/urban-clothingstore.com\/en\/wp-json\/wp\/v2\/comments?post=10884"}],"wp:featuredmedia":[{"embeddable":true,"href":"https:\/\/urban-clothingstore.com\/en\/wp-json\/wp\/v2\/media\/10885"}],"wp:attachment":[{"href":"https:\/\/urban-clothingstore.com\/en\/wp-json\/wp\/v2\/media?parent=10884"}],"wp:term":[{"taxonomy":"product_brand","embeddable":true,"href":"https:\/\/urban-clothingstore.com\/en\/wp-json\/wp\/v2\/product_brand?post=10884"},{"taxonomy":"product_cat","embeddable":true,"href":"https:\/\/urban-clothingstore.com\/en\/wp-json\/wp\/v2\/product_cat?post=10884"},{"taxonomy":"product_tag","embeddable":true,"href":"https:\/\/urban-clothingstore.com\/en\/wp-json\/wp\/v2\/product_tag?post=10884"}],"curies":[{"name":"wp","href":"https:\/\/api.w.org\/{rel}","templated":true}]}}