{"id":10926,"date":"2025-12-29T00:44:23","date_gmt":"2025-12-29T00:44:23","guid":{"rendered":"https:\/\/urban-clothingstore.com\/?post_type=product&#038;p=10926"},"modified":"2025-12-29T00:44:23","modified_gmt":"2025-12-29T00:44:23","slug":"xhinse-meshkuj-baggy-fit-denim-blu-i-hapet-light-blue","status":"publish","type":"product","link":"https:\/\/urban-clothingstore.com\/en\/product\/xhinse-meshkuj-baggy-fit-denim-blu-i-hapet-light-blue\/","title":{"rendered":"Xhinse Meshkuj Baggy Fit \u2013 Denim Blu i Hap\u00ebt (Light Blue)"},"content":{"rendered":"<p data-start=\"190\" data-end=\"441\">Xhinse moderne p\u00ebr meshkuj me <strong data-start=\"220\" data-end=\"250\">prerje baggy \/ relaxed fit<\/strong>, t\u00eb realizuara nga <strong data-start=\"270\" data-end=\"299\">denim cil\u00ebsor blu i hap\u00ebt<\/strong>, perfekte p\u00ebr stil casual dhe streetwear. Dizajni i lirsh\u00ebm ofron <strong data-start=\"366\" data-end=\"386\">rehati maksimale<\/strong> dhe nj\u00eb pamje trendy, ideale p\u00ebr veshje t\u00eb p\u00ebrditshme.<\/p>\n<p data-start=\"443\" data-end=\"639\">Ngjyra light blue i jep freski dhe leht\u00ebsi kombinimeve, duke u p\u00ebrshtatur perfekt me bluza oversize, t-shirt basic apo hoodie. Nj\u00eb model shum\u00eb aktual, i frym\u00ebzuar nga stili urban dhe moda moderne.<\/p>\n<p data-start=\"641\" data-end=\"661\"><strong data-start=\"641\" data-end=\"661\">Detaje kryesore:<\/strong><\/p>\n<ul data-start=\"662\" data-end=\"816\">\n<li data-start=\"662\" data-end=\"693\">\n<p data-start=\"664\" data-end=\"693\">Prerje: Baggy \/ Relaxed Fit<\/p>\n<\/li>\n<li data-start=\"694\" data-end=\"730\">\n<p data-start=\"696\" data-end=\"730\">Ngjyr\u00eb: Blu e hap\u00ebt (Light Blue)<\/p>\n<\/li>\n<li data-start=\"731\" data-end=\"758\">\n<p data-start=\"733\" data-end=\"758\">Material: Denim cil\u00ebsor<\/p>\n<\/li>\n<li data-start=\"759\" data-end=\"791\">\n<p data-start=\"761\" data-end=\"791\">Dizajn: Minimal \/ Streetwear<\/p>\n<\/li>\n<li data-start=\"792\" data-end=\"816\">\n<p data-start=\"794\" data-end=\"816\">Stil: Urban \/ Casual<\/p>\n<\/li>\n<\/ul>","protected":false},"excerpt":{"rendered":"<p>Xhinse moderne p\u00ebr meshkuj me prerje baggy \/ relaxed fit, t\u00eb realizuara nga denim cil\u00ebsor blu i hap\u00ebt, perfekte p\u00ebr stil casual dhe streetwear. Dizajni i lirsh\u00ebm ofron rehati maksimale dhe nj\u00eb pamje trendy, ideale p\u00ebr veshje t\u00eb p\u00ebrditshme. Ngjyra light blue i jep freski dhe leht\u00ebsi kombinimeve, duke u p\u00ebrshtatur perfekt me bluza oversize, [&hellip;]<\/p>","protected":false},"featured_media":10928,"comment_status":"open","ping_status":"closed","template":"","meta":[],"product_brand":[],"product_cat":[27],"product_tag":[527,526],"class_list":{"0":"post-10926","1":"product","2":"type-product","3":"status-publish","4":"has-post-thumbnail","6":"product_cat-jeans","7":"product_tag-denim-blu-i-hapet-light-blue","8":"product_tag-xhinse-meshkuj-baggy-fit","10":"first","11":"instock","12":"sale","13":"taxable","14":"shipping-taxable","15":"purchasable","16":"product-type-variable"},"jetpack_sharing_enabled":true,"_links":{"self":[{"href":"https:\/\/urban-clothingstore.com\/en\/wp-json\/wp\/v2\/product\/10926","targetHints":{"allow":["GET"]}}],"collection":[{"href":"https:\/\/urban-clothingstore.com\/en\/wp-json\/wp\/v2\/product"}],"about":[{"href":"https:\/\/urban-clothingstore.com\/en\/wp-json\/wp\/v2\/types\/product"}],"replies":[{"embeddable":true,"href":"https:\/\/urban-clothingstore.com\/en\/wp-json\/wp\/v2\/comments?post=10926"}],"wp:featuredmedia":[{"embeddable":true,"href":"https:\/\/urban-clothingstore.com\/en\/wp-json\/wp\/v2\/media\/10928"}],"wp:attachment":[{"href":"https:\/\/urban-clothingstore.com\/en\/wp-json\/wp\/v2\/media?parent=10926"}],"wp:term":[{"taxonomy":"product_brand","embeddable":true,"href":"https:\/\/urban-clothingstore.com\/en\/wp-json\/wp\/v2\/product_brand?post=10926"},{"taxonomy":"product_cat","embeddable":true,"href":"https:\/\/urban-clothingstore.com\/en\/wp-json\/wp\/v2\/product_cat?post=10926"},{"taxonomy":"product_tag","embeddable":true,"href":"https:\/\/urban-clothingstore.com\/en\/wp-json\/wp\/v2\/product_tag?post=10926"}],"curies":[{"name":"wp","href":"https:\/\/api.w.org\/{rel}","templated":true}]}}