{"id":10956,"date":"2025-12-29T00:56:46","date_gmt":"2025-12-29T00:56:46","guid":{"rendered":"https:\/\/urban-clothingstore.com\/?post_type=product&#038;p=10956"},"modified":"2025-12-29T00:56:46","modified_gmt":"2025-12-29T00:56:46","slug":"xhinse-meshkuj-relaxed-fit-denim-blu-i-mesem-classic-blue","status":"publish","type":"product","link":"https:\/\/urban-clothingstore.com\/en\/product\/xhinse-meshkuj-relaxed-fit-denim-blu-i-mesem-classic-blue\/","title":{"rendered":"Xhinse Meshkuj Relaxed Fit \u2013 Denim Blu i Mes\u00ebm (Classic Blue)"},"content":{"rendered":"<p data-start=\"170\" data-end=\"417\">Xhinse moderne p\u00ebr meshkuj me <strong data-start=\"200\" data-end=\"222\">prerje relaxed fit<\/strong>, t\u00eb punuara nga <strong data-start=\"239\" data-end=\"268\">denim cil\u00ebsor blu i mes\u00ebm<\/strong>, perfekte p\u00ebr stil casual dhe urban. Prerja e lirshme siguron <strong data-start=\"331\" data-end=\"351\">rehati maksimale<\/strong> dhe pamje moderne, duke i b\u00ebr\u00eb ideale p\u00ebr p\u00ebrdorim t\u00eb p\u00ebrditsh\u00ebm.<\/p>\n<p data-start=\"419\" data-end=\"620\">Ngjyra classic blue kombinohet leht\u00ebsisht me bluza basic, t-shirt oversize apo hoodie, duke ofruar fleksibilitet t\u00eb madh n\u00eb stilim. Nj\u00eb model praktik dhe gjithmon\u00eb n\u00eb trend p\u00ebr garderob\u00ebn e p\u00ebrditshme.<\/p>\n<p data-start=\"622\" data-end=\"642\"><strong data-start=\"622\" data-end=\"642\">Detaje kryesore:<\/strong><\/p>\n<ul data-start=\"643\" data-end=\"798\">\n<li data-start=\"643\" data-end=\"677\">\n<p data-start=\"645\" data-end=\"677\">Prerje: Relaxed Fit \/ Straight<\/p>\n<\/li>\n<li data-start=\"678\" data-end=\"716\">\n<p data-start=\"680\" data-end=\"716\">Ngjyr\u00eb: Blu i mes\u00ebm (Classic Blue)<\/p>\n<\/li>\n<li data-start=\"717\" data-end=\"744\">\n<p data-start=\"719\" data-end=\"744\">Material: Denim cil\u00ebsor<\/p>\n<\/li>\n<li data-start=\"745\" data-end=\"773\">\n<p data-start=\"747\" data-end=\"773\">Dizajn: Minimal \/ Klasik<\/p>\n<\/li>\n<li data-start=\"774\" data-end=\"798\">\n<p data-start=\"776\" data-end=\"798\">Stil: Urban \/ Casual<\/p>\n<\/li>\n<\/ul>","protected":false},"excerpt":{"rendered":"<p>Xhinse moderne p\u00ebr meshkuj me prerje relaxed fit, t\u00eb punuara nga denim cil\u00ebsor blu i mes\u00ebm, perfekte p\u00ebr stil casual dhe urban. Prerja e lirshme siguron rehati maksimale dhe pamje moderne, duke i b\u00ebr\u00eb ideale p\u00ebr p\u00ebrdorim t\u00eb p\u00ebrditsh\u00ebm. Ngjyra classic blue kombinohet leht\u00ebsisht me bluza basic, t-shirt oversize apo hoodie, duke ofruar fleksibilitet t\u00eb [&hellip;]<\/p>","protected":false},"featured_media":10957,"comment_status":"open","ping_status":"closed","template":"","meta":[],"product_brand":[],"product_cat":[27],"product_tag":[531,528],"class_list":{"0":"post-10956","1":"product","2":"type-product","3":"status-publish","4":"has-post-thumbnail","6":"product_cat-jeans","7":"product_tag-denim-blu-i-mesem-classic-blue","8":"product_tag-xhinse-meshkuj-relaxed-fit","10":"first","11":"instock","12":"sale","13":"taxable","14":"shipping-taxable","15":"purchasable","16":"product-type-variable"},"jetpack_sharing_enabled":true,"_links":{"self":[{"href":"https:\/\/urban-clothingstore.com\/en\/wp-json\/wp\/v2\/product\/10956","targetHints":{"allow":["GET"]}}],"collection":[{"href":"https:\/\/urban-clothingstore.com\/en\/wp-json\/wp\/v2\/product"}],"about":[{"href":"https:\/\/urban-clothingstore.com\/en\/wp-json\/wp\/v2\/types\/product"}],"replies":[{"embeddable":true,"href":"https:\/\/urban-clothingstore.com\/en\/wp-json\/wp\/v2\/comments?post=10956"}],"wp:featuredmedia":[{"embeddable":true,"href":"https:\/\/urban-clothingstore.com\/en\/wp-json\/wp\/v2\/media\/10957"}],"wp:attachment":[{"href":"https:\/\/urban-clothingstore.com\/en\/wp-json\/wp\/v2\/media?parent=10956"}],"wp:term":[{"taxonomy":"product_brand","embeddable":true,"href":"https:\/\/urban-clothingstore.com\/en\/wp-json\/wp\/v2\/product_brand?post=10956"},{"taxonomy":"product_cat","embeddable":true,"href":"https:\/\/urban-clothingstore.com\/en\/wp-json\/wp\/v2\/product_cat?post=10956"},{"taxonomy":"product_tag","embeddable":true,"href":"https:\/\/urban-clothingstore.com\/en\/wp-json\/wp\/v2\/product_tag?post=10956"}],"curies":[{"name":"wp","href":"https:\/\/api.w.org\/{rel}","templated":true}]}}