{"id":10976,"date":"2025-12-29T01:08:05","date_gmt":"2025-12-29T01:08:05","guid":{"rendered":"https:\/\/urban-clothingstore.com\/?post_type=product&#038;p=10976"},"modified":"2025-12-29T01:08:05","modified_gmt":"2025-12-29T01:08:05","slug":"xhinse-meshkuj-relaxed-fit-denim-blu-i-erret-dark-blue","status":"publish","type":"product","link":"https:\/\/urban-clothingstore.com\/en\/product\/xhinse-meshkuj-relaxed-fit-denim-blu-i-erret-dark-blue\/","title":{"rendered":"Xhinse Meshkuj Relaxed Fit \u2013 Denim Blu i Err\u00ebt (Dark Blue)"},"content":{"rendered":"<p data-start=\"167\" data-end=\"411\">Xhinse p\u00ebr meshkuj me <strong data-start=\"189\" data-end=\"211\">prerje relaxed fit<\/strong>, t\u00eb realizuara nga <strong data-start=\"231\" data-end=\"260\">denim cil\u00ebsor blu i err\u00ebt<\/strong>, perfekte p\u00ebr stil casual dhe streetwear modern. Prerja e lirshme siguron <strong data-start=\"335\" data-end=\"355\">rehati maksimale<\/strong> dhe l\u00ebvizje t\u00eb lir\u00eb, ideale p\u00ebr p\u00ebrdorim t\u00eb p\u00ebrditsh\u00ebm.<\/p>\n<p data-start=\"413\" data-end=\"597\">Ngjyra dark blue \u00ebsht\u00eb shum\u00eb praktike dhe kombinohet leht\u00eb me bluza basic, t-shirt oversize apo hoodie. Dizajni minimalist i jep xhinseve nj\u00eb pamje t\u00eb past\u00ebr dhe aktuale p\u00ebr \u00e7do sezon.<\/p>\n<p data-start=\"599\" data-end=\"619\"><strong data-start=\"599\" data-end=\"619\">Detaje kryesore:<\/strong><\/p>\n<ul data-start=\"620\" data-end=\"772\">\n<li data-start=\"620\" data-end=\"654\">\n<p data-start=\"622\" data-end=\"654\">Prerje: Relaxed Fit \/ Straight<\/p>\n<\/li>\n<li data-start=\"655\" data-end=\"690\">\n<p data-start=\"657\" data-end=\"690\">Ngjyr\u00eb: Blu i err\u00ebt (Dark Blue)<\/p>\n<\/li>\n<li data-start=\"691\" data-end=\"718\">\n<p data-start=\"693\" data-end=\"718\">Material: Denim cil\u00ebsor<\/p>\n<\/li>\n<li data-start=\"719\" data-end=\"747\">\n<p data-start=\"721\" data-end=\"747\">Dizajn: Minimal \/ Klasik<\/p>\n<\/li>\n<li data-start=\"748\" data-end=\"772\">\n<p data-start=\"750\" data-end=\"772\">Stil: Urban \/ Casual<\/p>\n<\/li>\n<\/ul>","protected":false},"excerpt":{"rendered":"<p>Xhinse p\u00ebr meshkuj me prerje relaxed fit, t\u00eb realizuara nga denim cil\u00ebsor blu i err\u00ebt, perfekte p\u00ebr stil casual dhe streetwear modern. Prerja e lirshme siguron rehati maksimale dhe l\u00ebvizje t\u00eb lir\u00eb, ideale p\u00ebr p\u00ebrdorim t\u00eb p\u00ebrditsh\u00ebm. Ngjyra dark blue \u00ebsht\u00eb shum\u00eb praktike dhe kombinohet leht\u00eb me bluza basic, t-shirt oversize apo hoodie. Dizajni minimalist [&hellip;]<\/p>","protected":false},"featured_media":10977,"comment_status":"open","ping_status":"closed","template":"","meta":[],"product_brand":[],"product_cat":[27],"product_tag":[533,528],"class_list":{"0":"post-10976","1":"product","2":"type-product","3":"status-publish","4":"has-post-thumbnail","6":"product_cat-jeans","7":"product_tag-denim-blu-i-erret-dark-blue","8":"product_tag-xhinse-meshkuj-relaxed-fit","10":"first","11":"instock","12":"sale","13":"taxable","14":"shipping-taxable","15":"purchasable","16":"product-type-variable"},"jetpack_sharing_enabled":true,"_links":{"self":[{"href":"https:\/\/urban-clothingstore.com\/en\/wp-json\/wp\/v2\/product\/10976","targetHints":{"allow":["GET"]}}],"collection":[{"href":"https:\/\/urban-clothingstore.com\/en\/wp-json\/wp\/v2\/product"}],"about":[{"href":"https:\/\/urban-clothingstore.com\/en\/wp-json\/wp\/v2\/types\/product"}],"replies":[{"embeddable":true,"href":"https:\/\/urban-clothingstore.com\/en\/wp-json\/wp\/v2\/comments?post=10976"}],"wp:featuredmedia":[{"embeddable":true,"href":"https:\/\/urban-clothingstore.com\/en\/wp-json\/wp\/v2\/media\/10977"}],"wp:attachment":[{"href":"https:\/\/urban-clothingstore.com\/en\/wp-json\/wp\/v2\/media?parent=10976"}],"wp:term":[{"taxonomy":"product_brand","embeddable":true,"href":"https:\/\/urban-clothingstore.com\/en\/wp-json\/wp\/v2\/product_brand?post=10976"},{"taxonomy":"product_cat","embeddable":true,"href":"https:\/\/urban-clothingstore.com\/en\/wp-json\/wp\/v2\/product_cat?post=10976"},{"taxonomy":"product_tag","embeddable":true,"href":"https:\/\/urban-clothingstore.com\/en\/wp-json\/wp\/v2\/product_tag?post=10976"}],"curies":[{"name":"wp","href":"https:\/\/api.w.org\/{rel}","templated":true}]}}