{"id":10986,"date":"2025-12-29T01:11:39","date_gmt":"2025-12-29T01:11:39","guid":{"rendered":"https:\/\/urban-clothingstore.com\/?post_type=product&#038;p=10986"},"modified":"2025-12-29T01:11:39","modified_gmt":"2025-12-29T01:11:39","slug":"xhinse-meshkuj-relaxed-fit-denim-i-zi-klasik","status":"publish","type":"product","link":"https:\/\/urban-clothingstore.com\/en\/product\/xhinse-meshkuj-relaxed-fit-denim-i-zi-klasik\/","title":{"rendered":"Xhinse Meshkuj Relaxed Fit \u2013 Denim i Zi Klasik"},"content":{"rendered":"<p data-start=\"155\" data-end=\"412\">Xhinse p\u00ebr meshkuj me <strong data-start=\"177\" data-end=\"199\">prerje relaxed fit<\/strong>, t\u00eb punuara nga <strong data-start=\"216\" data-end=\"251\">denim cil\u00ebsor n\u00eb ngjyr\u00eb t\u00eb zez\u00eb<\/strong>, perfekte p\u00ebr stil casual dhe streetwear modern. Prerja e lirshme ofron <strong data-start=\"324\" data-end=\"344\">rehati maksimale<\/strong> dhe l\u00ebvizje t\u00eb lir\u00eb, duke i b\u00ebr\u00eb ideale p\u00ebr p\u00ebrdorim t\u00eb p\u00ebrditsh\u00ebm.<\/p>\n<p data-start=\"414\" data-end=\"603\">Ngjyra e zez\u00eb klasike \u00ebsht\u00eb shum\u00eb praktike dhe kombinohet leht\u00eb me bluza basic, t-shirt oversize apo hoodie. Dizajni minimalist i jep xhinseve nj\u00eb pamje t\u00eb past\u00ebr dhe aktuale p\u00ebr \u00e7do sezon.<\/p>\n<p data-start=\"605\" data-end=\"625\"><strong data-start=\"605\" data-end=\"625\">Detaje kryesore:<\/strong><\/p>\n<ul data-start=\"626\" data-end=\"761\">\n<li data-start=\"626\" data-end=\"660\">\n<p data-start=\"628\" data-end=\"660\">Prerje: Relaxed Fit \/ Straight<\/p>\n<\/li>\n<li data-start=\"661\" data-end=\"679\">\n<p data-start=\"663\" data-end=\"679\">Ngjyr\u00eb: E zez\u00eb<\/p>\n<\/li>\n<li data-start=\"680\" data-end=\"707\">\n<p data-start=\"682\" data-end=\"707\">Material: Denim cil\u00ebsor<\/p>\n<\/li>\n<li data-start=\"708\" data-end=\"736\">\n<p data-start=\"710\" data-end=\"736\">Dizajn: Minimal \/ Klasik<\/p>\n<\/li>\n<li data-start=\"737\" data-end=\"761\">\n<p data-start=\"739\" data-end=\"761\">Stil: Urban \/ Casual<\/p>\n<\/li>\n<\/ul>","protected":false},"excerpt":{"rendered":"<p>Xhinse p\u00ebr meshkuj me prerje relaxed fit, t\u00eb punuara nga denim cil\u00ebsor n\u00eb ngjyr\u00eb t\u00eb zez\u00eb, perfekte p\u00ebr stil casual dhe streetwear modern. Prerja e lirshme ofron rehati maksimale dhe l\u00ebvizje t\u00eb lir\u00eb, duke i b\u00ebr\u00eb ideale p\u00ebr p\u00ebrdorim t\u00eb p\u00ebrditsh\u00ebm. Ngjyra e zez\u00eb klasike \u00ebsht\u00eb shum\u00eb praktike dhe kombinohet leht\u00eb me bluza basic, t-shirt [&hellip;]<\/p>","protected":false},"featured_media":10987,"comment_status":"open","ping_status":"closed","template":"","meta":[],"product_brand":[],"product_cat":[27],"product_tag":[522,528],"class_list":{"0":"post-10986","1":"product","2":"type-product","3":"status-publish","4":"has-post-thumbnail","6":"product_cat-jeans","7":"product_tag-denim-i-zi-klasik","8":"product_tag-xhinse-meshkuj-relaxed-fit","10":"first","11":"instock","12":"sale","13":"taxable","14":"shipping-taxable","15":"purchasable","16":"product-type-variable"},"jetpack_sharing_enabled":true,"_links":{"self":[{"href":"https:\/\/urban-clothingstore.com\/en\/wp-json\/wp\/v2\/product\/10986","targetHints":{"allow":["GET"]}}],"collection":[{"href":"https:\/\/urban-clothingstore.com\/en\/wp-json\/wp\/v2\/product"}],"about":[{"href":"https:\/\/urban-clothingstore.com\/en\/wp-json\/wp\/v2\/types\/product"}],"replies":[{"embeddable":true,"href":"https:\/\/urban-clothingstore.com\/en\/wp-json\/wp\/v2\/comments?post=10986"}],"wp:featuredmedia":[{"embeddable":true,"href":"https:\/\/urban-clothingstore.com\/en\/wp-json\/wp\/v2\/media\/10987"}],"wp:attachment":[{"href":"https:\/\/urban-clothingstore.com\/en\/wp-json\/wp\/v2\/media?parent=10986"}],"wp:term":[{"taxonomy":"product_brand","embeddable":true,"href":"https:\/\/urban-clothingstore.com\/en\/wp-json\/wp\/v2\/product_brand?post=10986"},{"taxonomy":"product_cat","embeddable":true,"href":"https:\/\/urban-clothingstore.com\/en\/wp-json\/wp\/v2\/product_cat?post=10986"},{"taxonomy":"product_tag","embeddable":true,"href":"https:\/\/urban-clothingstore.com\/en\/wp-json\/wp\/v2\/product_tag?post=10986"}],"curies":[{"name":"wp","href":"https:\/\/api.w.org\/{rel}","templated":true}]}}