{"id":11143,"date":"2026-01-01T16:01:52","date_gmt":"2026-01-01T16:01:52","guid":{"rendered":"https:\/\/urban-clothingstore.com\/?post_type=product&#038;p=11143"},"modified":"2026-03-09T20:51:23","modified_gmt":"2026-03-09T20:51:23","slug":"xhemper-meshkuj-premium-knit-crew-neck-slim-fit","status":"publish","type":"product","link":"https:\/\/urban-clothingstore.com\/en\/product\/xhemper-meshkuj-premium-knit-crew-neck-slim-fit\/","title":{"rendered":"Xhemper Meshkuj Premium Knit \u2013 Crew Neck Slim Fit"},"content":{"rendered":"<p data-start=\"234\" data-end=\"528\">Xhemper <strong data-start=\"242\" data-end=\"265\">Premium p\u00ebr meshkuj<\/strong>, i punuar me thurje cil\u00ebsore <strong data-start=\"295\" data-end=\"303\">knit<\/strong>, q\u00eb ofron ngroht\u00ebsi, rehati dhe nj\u00eb pamje moderne p\u00ebr sezonin e ftoht\u00eb. Prerja <strong data-start=\"383\" data-end=\"395\">slim fit<\/strong> p\u00ebrshtatet bukur me trupin, nd\u00ebrsa dizajni <strong data-start=\"439\" data-end=\"474\">crew neck (qaf\u00eb e rrumbullak\u00ebt)<\/strong> e b\u00ebn ideal p\u00ebr kombinime t\u00eb p\u00ebrditshme dhe elegante.<\/p>\n<p data-start=\"530\" data-end=\"647\">Ky xhemper \u00ebsht\u00eb zgjedhje perfekte p\u00ebr stil urban\u2013casual, i leht\u00eb p\u00ebr t\u2019u kombinuar me xhinse apo pantallona klasike.<\/p>\n<p data-start=\"649\" data-end=\"676\"><strong data-start=\"649\" data-end=\"676\">Ngjyrat n\u00eb dispozicion:<\/strong><\/p>\n<ul data-start=\"677\" data-end=\"1020\">\n<li data-start=\"677\" data-end=\"714\">\n<p data-start=\"679\" data-end=\"714\"><strong data-start=\"679\" data-end=\"689\">E zez\u00eb<\/strong> \u2013 klasike dhe elegante<\/p>\n<\/li>\n<li data-start=\"715\" data-end=\"766\">\n<p data-start=\"717\" data-end=\"766\"><strong data-start=\"717\" data-end=\"741\">E bardh\u00eb (Off-White)<\/strong> \u2013 e past\u00ebr dhe moderne<\/p>\n<\/li>\n<li data-start=\"767\" data-end=\"800\">\n<p data-start=\"769\" data-end=\"800\"><strong data-start=\"769\" data-end=\"776\">Blu<\/strong> \u2013 urbane dhe praktike<\/p>\n<\/li>\n<li data-start=\"801\" data-end=\"848\">\n<p data-start=\"803\" data-end=\"848\"><strong data-start=\"803\" data-end=\"810\">Gri<\/strong> \u2013 neutrale dhe e leht\u00eb p\u00ebr kombinim<\/p>\n<\/li>\n<li data-start=\"849\" data-end=\"901\">\n<p data-start=\"851\" data-end=\"901\"><strong data-start=\"851\" data-end=\"860\">Bordo<\/strong> \u2013 e kuqe e err\u00ebt, elegante dhe luksoze<\/p>\n<\/li>\n<li data-start=\"902\" data-end=\"957\">\n<p data-start=\"904\" data-end=\"957\"><strong data-start=\"904\" data-end=\"936\">Ulliri i hapur (Olive Light)<\/strong> \u2013 trend dhe modern<\/p>\n<\/li>\n<li data-start=\"958\" data-end=\"1020\">\n<p data-start=\"960\" data-end=\"1020\"><strong data-start=\"960\" data-end=\"991\">Ulliri i err\u00ebt (Olive Dark)<\/strong> \u2013 stil natyral dhe i fort\u00eb<\/p>\n<\/li>\n<\/ul>\n<p data-start=\"1022\" data-end=\"1042\"><strong data-start=\"1022\" data-end=\"1042\">Detaje kryesore:<\/strong><\/p>\n<ul data-start=\"1043\" data-end=\"1242\">\n<li data-start=\"1043\" data-end=\"1085\">\n<p data-start=\"1045\" data-end=\"1085\">Material premium, i but\u00eb dhe i ngroht\u00eb<\/p>\n<\/li>\n<li data-start=\"1086\" data-end=\"1127\">\n<p data-start=\"1088\" data-end=\"1127\">Thurje knit me tekstur\u00eb t\u00eb dallueshme<\/p>\n<\/li>\n<li data-start=\"1128\" data-end=\"1147\">\n<p data-start=\"1130\" data-end=\"1147\">Prerje slim fit<\/p>\n<\/li>\n<li data-start=\"1148\" data-end=\"1183\">\n<p data-start=\"1150\" data-end=\"1183\">Qaf\u00eb e rrumbullak\u00ebt (crew neck)<\/p>\n<\/li>\n<li data-start=\"1184\" data-end=\"1242\">\n<p data-start=\"1186\" data-end=\"1242\">I p\u00ebrshtatsh\u00ebm p\u00ebr p\u00ebrditshm\u00ebri dhe raste smart-casualu<\/p>\n<\/li>\n<\/ul>","protected":false},"excerpt":{"rendered":"<p>Xhemper Premium p\u00ebr meshkuj, i punuar me thurje cil\u00ebsore knit, q\u00eb ofron ngroht\u00ebsi, rehati dhe nj\u00eb pamje moderne p\u00ebr sezonin e ftoht\u00eb. Prerja slim fit p\u00ebrshtatet bukur me trupin, nd\u00ebrsa dizajni crew neck (qaf\u00eb e rrumbullak\u00ebt) e b\u00ebn ideal p\u00ebr kombinime t\u00eb p\u00ebrditshme dhe elegante. Ky xhemper \u00ebsht\u00eb zgjedhje perfekte p\u00ebr stil urban\u2013casual, i leht\u00eb [&hellip;]<\/p>","protected":false},"featured_media":11036,"comment_status":"open","ping_status":"closed","template":"","meta":[],"product_brand":[],"product_cat":[26],"product_tag":[298,57,376],"class_list":{"0":"post-11143","1":"product","2":"type-product","3":"status-publish","4":"has-post-thumbnail","6":"product_cat-sweater","7":"product_tag-klasike","8":"product_tag-slimfit","9":"product_tag-xhemper","11":"first","12":"instock","13":"sale","14":"taxable","15":"shipping-taxable","16":"purchasable","17":"product-type-variable"},"jetpack_sharing_enabled":true,"_links":{"self":[{"href":"https:\/\/urban-clothingstore.com\/en\/wp-json\/wp\/v2\/product\/11143","targetHints":{"allow":["GET"]}}],"collection":[{"href":"https:\/\/urban-clothingstore.com\/en\/wp-json\/wp\/v2\/product"}],"about":[{"href":"https:\/\/urban-clothingstore.com\/en\/wp-json\/wp\/v2\/types\/product"}],"replies":[{"embeddable":true,"href":"https:\/\/urban-clothingstore.com\/en\/wp-json\/wp\/v2\/comments?post=11143"}],"wp:featuredmedia":[{"embeddable":true,"href":"https:\/\/urban-clothingstore.com\/en\/wp-json\/wp\/v2\/media\/11036"}],"wp:attachment":[{"href":"https:\/\/urban-clothingstore.com\/en\/wp-json\/wp\/v2\/media?parent=11143"}],"wp:term":[{"taxonomy":"product_brand","embeddable":true,"href":"https:\/\/urban-clothingstore.com\/en\/wp-json\/wp\/v2\/product_brand?post=11143"},{"taxonomy":"product_cat","embeddable":true,"href":"https:\/\/urban-clothingstore.com\/en\/wp-json\/wp\/v2\/product_cat?post=11143"},{"taxonomy":"product_tag","embeddable":true,"href":"https:\/\/urban-clothingstore.com\/en\/wp-json\/wp\/v2\/product_tag?post=11143"}],"curies":[{"name":"wp","href":"https:\/\/api.w.org\/{rel}","templated":true}]}}