{"id":11229,"date":"2026-01-01T16:52:58","date_gmt":"2026-01-01T16:52:58","guid":{"rendered":"https:\/\/urban-clothingstore.com\/?post_type=product&#038;p=11229"},"modified":"2026-03-09T20:50:06","modified_gmt":"2026-03-09T20:50:06","slug":"xhemper-meshkuj-premium-cable-knit-crew-neck-slim-fit","status":"publish","type":"product","link":"https:\/\/urban-clothingstore.com\/en\/product\/xhemper-meshkuj-premium-cable-knit-crew-neck-slim-fit\/","title":{"rendered":"Xhemper Meshkuj Premium Cable Knit \u2013 Crew Neck Slim Fit"},"content":{"rendered":"<p data-start=\"252\" data-end=\"518\">Xhemper <strong data-start=\"260\" data-end=\"283\">Premium p\u00ebr meshkuj<\/strong>, i punuar me thurje t\u00eb trash\u00eb <strong data-start=\"314\" data-end=\"328\">cable knit<\/strong>, q\u00eb ofron ngroht\u00ebsi, rehati dhe nj\u00eb pamje elegante urbane. Dizajni <strong data-start=\"396\" data-end=\"431\">crew neck (qaf\u00eb e rrumbullak\u00ebt)<\/strong> dhe prerja <strong data-start=\"443\" data-end=\"455\">slim fit<\/strong> e b\u00ebjn\u00eb ideal p\u00ebr kombinime si casual ashtu edhe smart-casual.<\/p>\n<p data-start=\"520\" data-end=\"668\">Materiali cil\u00ebsor me tekstur\u00eb t\u00eb theksuar garanton stil dhe komoditet gjat\u00eb gjith\u00eb sezonit t\u00eb ftoht\u00eb. Nj\u00eb model esencial p\u00ebr garderob\u00ebn mashkullore.<\/p>\n<p data-start=\"1030\" data-end=\"1050\"><strong data-start=\"1030\" data-end=\"1050\">Detaje kryesore:<\/strong><\/p>\n<ul data-start=\"1051\" data-end=\"1249\">\n<li data-start=\"1051\" data-end=\"1100\">\n<p data-start=\"1053\" data-end=\"1100\">Thurje <strong data-start=\"1060\" data-end=\"1074\">cable knit<\/strong> me tekstur\u00eb t\u00eb theksuar<\/p>\n<\/li>\n<li data-start=\"1101\" data-end=\"1124\">\n<p data-start=\"1103\" data-end=\"1124\">Prerje <strong data-start=\"1110\" data-end=\"1122\">slim fit<\/strong><\/p>\n<\/li>\n<li data-start=\"1125\" data-end=\"1160\">\n<p data-start=\"1127\" data-end=\"1160\">Qaf\u00eb e rrumbullak\u00ebt (crew neck)<\/p>\n<\/li>\n<li data-start=\"1161\" data-end=\"1194\">\n<p data-start=\"1163\" data-end=\"1194\">Material i but\u00eb dhe i ngroht\u00eb<\/p>\n<\/li>\n<li data-start=\"1195\" data-end=\"1249\">\n<p data-start=\"1197\" data-end=\"1249\">I p\u00ebrshtatsh\u00ebm p\u00ebr p\u00ebrditshm\u00ebri dhe raste elegante<\/p>\n<\/li>\n<\/ul>","protected":false},"excerpt":{"rendered":"<p>Xhemper Premium p\u00ebr meshkuj, i punuar me thurje t\u00eb trash\u00eb cable knit, q\u00eb ofron ngroht\u00ebsi, rehati dhe nj\u00eb pamje elegante urbane. Dizajni crew neck (qaf\u00eb e rrumbullak\u00ebt) dhe prerja slim fit e b\u00ebjn\u00eb ideal p\u00ebr kombinime si casual ashtu edhe smart-casual. Materiali cil\u00ebsor me tekstur\u00eb t\u00eb theksuar garanton stil dhe komoditet gjat\u00eb gjith\u00eb sezonit t\u00eb [&hellip;]<\/p>","protected":false},"featured_media":11233,"comment_status":"open","ping_status":"closed","template":"","meta":[],"product_brand":[],"product_cat":[26],"product_tag":[298,535,536,57,376],"class_list":{"0":"post-11229","1":"product","2":"type-product","3":"status-publish","4":"has-post-thumbnail","6":"product_cat-sweater","7":"product_tag-klasike","8":"product_tag-me-jake-te-rrumbullaket","9":"product_tag-moderne","10":"product_tag-slimfit","11":"product_tag-xhemper","13":"first","14":"instock","15":"sale","16":"taxable","17":"shipping-taxable","18":"purchasable","19":"product-type-variable","20":"has-default-attributes"},"jetpack_sharing_enabled":true,"_links":{"self":[{"href":"https:\/\/urban-clothingstore.com\/en\/wp-json\/wp\/v2\/product\/11229","targetHints":{"allow":["GET"]}}],"collection":[{"href":"https:\/\/urban-clothingstore.com\/en\/wp-json\/wp\/v2\/product"}],"about":[{"href":"https:\/\/urban-clothingstore.com\/en\/wp-json\/wp\/v2\/types\/product"}],"replies":[{"embeddable":true,"href":"https:\/\/urban-clothingstore.com\/en\/wp-json\/wp\/v2\/comments?post=11229"}],"wp:featuredmedia":[{"embeddable":true,"href":"https:\/\/urban-clothingstore.com\/en\/wp-json\/wp\/v2\/media\/11233"}],"wp:attachment":[{"href":"https:\/\/urban-clothingstore.com\/en\/wp-json\/wp\/v2\/media?parent=11229"}],"wp:term":[{"taxonomy":"product_brand","embeddable":true,"href":"https:\/\/urban-clothingstore.com\/en\/wp-json\/wp\/v2\/product_brand?post=11229"},{"taxonomy":"product_cat","embeddable":true,"href":"https:\/\/urban-clothingstore.com\/en\/wp-json\/wp\/v2\/product_cat?post=11229"},{"taxonomy":"product_tag","embeddable":true,"href":"https:\/\/urban-clothingstore.com\/en\/wp-json\/wp\/v2\/product_tag?post=11229"}],"curies":[{"name":"wp","href":"https:\/\/api.w.org\/{rel}","templated":true}]}}