{"id":11375,"date":"2026-01-03T23:10:05","date_gmt":"2026-01-03T23:10:05","guid":{"rendered":"https:\/\/urban-clothingstore.com\/?post_type=product&#038;p=11375"},"modified":"2026-01-27T11:38:37","modified_gmt":"2026-01-27T11:38:37","slug":"golf-ribbed-premium-per-meshkuj-3","status":"publish","type":"product","link":"https:\/\/urban-clothingstore.com\/en\/product\/golf-ribbed-premium-per-meshkuj-3\/","title":{"rendered":"Golf Ribbed Premium p\u00ebr Meshkuj"},"content":{"rendered":"<p data-start=\"133\" data-end=\"377\">Golf premium p\u00ebr meshkuj me thurje <strong data-start=\"168\" data-end=\"178\">ribbed<\/strong>, i dizajnuar p\u00ebr nj\u00eb stil modern dhe t\u00eb past\u00ebr. Struktura vertikale e thurjes i jep pamje elegante dhe ndihmon n\u00eb nj\u00eb siluet\u00eb m\u00eb t\u00eb rregullt, duke e b\u00ebr\u00eb ideal p\u00ebr kombinime casual apo smart-casual.<\/p>\n<p data-start=\"379\" data-end=\"577\">Materiali cil\u00ebsor ofron ndjesi t\u00eb but\u00eb, rehati dhe ngroht\u00ebsi, nd\u00ebrsa prerja klasike p\u00ebrshtatet bukur n\u00eb trup pa qen\u00eb e ngusht\u00eb. Nj\u00eb zgjedhje perfekte p\u00ebr veshje t\u00eb p\u00ebrditshme, pun\u00eb apo dalje urbane.<\/p>\n<p data-start=\"579\" data-end=\"723\"><strong data-start=\"579\" data-end=\"611\">\u2714 Dizajn modern &amp; minimalist<\/strong><br data-start=\"611\" data-end=\"614\" \/><strong data-start=\"614\" data-end=\"640\">\u2714 Punim ribbed premium<\/strong><br data-start=\"640\" data-end=\"643\" \/><strong data-start=\"643\" data-end=\"674\">\u2714 I rehatsh\u00ebm dhe i ngroht\u00eb<\/strong><br data-start=\"674\" data-end=\"677\" \/><strong data-start=\"677\" data-end=\"723\">\u2714 I p\u00ebrshtatsh\u00ebm p\u00ebr sezonin vjesht\u00eb\u2013dim\u00ebr<\/strong><\/p>","protected":false},"excerpt":{"rendered":"<p>Golf premium p\u00ebr meshkuj me thurje ribbed, i dizajnuar p\u00ebr nj\u00eb stil modern dhe t\u00eb past\u00ebr. Struktura vertikale e thurjes i jep pamje elegante dhe ndihmon n\u00eb nj\u00eb siluet\u00eb m\u00eb t\u00eb rregullt, duke e b\u00ebr\u00eb ideal p\u00ebr kombinime casual apo smart-casual. Materiali cil\u00ebsor ofron ndjesi t\u00eb but\u00eb, rehati dhe ngroht\u00ebsi, nd\u00ebrsa prerja klasike p\u00ebrshtatet bukur [&hellip;]<\/p>","protected":false},"featured_media":11376,"comment_status":"open","ping_status":"closed","template":"","meta":[],"product_brand":[],"product_cat":[61],"product_tag":[539,538],"class_list":{"0":"post-11375","1":"product","2":"type-product","3":"status-publish","4":"has-post-thumbnail","6":"product_cat-shirt","7":"product_tag-golf-ribbed","8":"product_tag-premium-per-meshkuj","10":"first","11":"instock","12":"sale","13":"taxable","14":"shipping-taxable","15":"purchasable","16":"product-type-variable"},"jetpack_sharing_enabled":true,"_links":{"self":[{"href":"https:\/\/urban-clothingstore.com\/en\/wp-json\/wp\/v2\/product\/11375","targetHints":{"allow":["GET"]}}],"collection":[{"href":"https:\/\/urban-clothingstore.com\/en\/wp-json\/wp\/v2\/product"}],"about":[{"href":"https:\/\/urban-clothingstore.com\/en\/wp-json\/wp\/v2\/types\/product"}],"replies":[{"embeddable":true,"href":"https:\/\/urban-clothingstore.com\/en\/wp-json\/wp\/v2\/comments?post=11375"}],"wp:featuredmedia":[{"embeddable":true,"href":"https:\/\/urban-clothingstore.com\/en\/wp-json\/wp\/v2\/media\/11376"}],"wp:attachment":[{"href":"https:\/\/urban-clothingstore.com\/en\/wp-json\/wp\/v2\/media?parent=11375"}],"wp:term":[{"taxonomy":"product_brand","embeddable":true,"href":"https:\/\/urban-clothingstore.com\/en\/wp-json\/wp\/v2\/product_brand?post=11375"},{"taxonomy":"product_cat","embeddable":true,"href":"https:\/\/urban-clothingstore.com\/en\/wp-json\/wp\/v2\/product_cat?post=11375"},{"taxonomy":"product_tag","embeddable":true,"href":"https:\/\/urban-clothingstore.com\/en\/wp-json\/wp\/v2\/product_tag?post=11375"}],"curies":[{"name":"wp","href":"https:\/\/api.w.org\/{rel}","templated":true}]}}