{"id":11389,"date":"2026-01-03T23:15:54","date_gmt":"2026-01-03T23:15:54","guid":{"rendered":"https:\/\/urban-clothingstore.com\/?post_type=product&#038;p=11389"},"modified":"2026-01-27T11:32:35","modified_gmt":"2026-01-27T11:32:35","slug":"golf-ribbed-premium-per-meshkuj-5","status":"publish","type":"product","link":"https:\/\/urban-clothingstore.com\/en\/product\/golf-ribbed-premium-per-meshkuj-5\/","title":{"rendered":"Golf Ribbed Premium p\u00ebr Meshkuj"},"content":{"rendered":"<p data-start=\"133\" data-end=\"411\">Golf premium p\u00ebr meshkuj me thurje <strong data-start=\"168\" data-end=\"178\">ribbed<\/strong>, i dizajnuar p\u00ebr nj\u00eb pamje elegante, t\u00eb past\u00ebr dhe shum\u00eb moderne. Dizajni minimalist e b\u00ebn k\u00ebt\u00eb model jasht\u00ebzakonisht t\u00eb leht\u00eb p\u00ebr kombinim, si me xhinse ashtu edhe me pantallona klasike, duke krijuar nj\u00eb stil urban dhe t\u00eb rafinuar.<\/p>\n<p data-start=\"413\" data-end=\"626\">Materiali cil\u00ebsor ofron ndjesi t\u00eb but\u00eb n\u00eb l\u00ebkur\u00eb, rehati dhe ngroht\u00ebsi gjat\u00eb gjith\u00eb dit\u00ebs. Prerja klasike p\u00ebrshtatet bukur n\u00eb trup pa qen\u00eb e ngusht\u00eb, duke ruajtur form\u00ebn dhe stilin edhe pas p\u00ebrdorimit t\u00eb shpesht\u00eb.<\/p>\n<p data-start=\"628\" data-end=\"773\"><strong data-start=\"628\" data-end=\"661\">\u2714 Dizajn minimalist &amp; premium<\/strong><br data-start=\"661\" data-end=\"664\" \/><strong data-start=\"664\" data-end=\"690\">\u2714 Punim ribbed cil\u00ebsor<\/strong><br data-start=\"690\" data-end=\"693\" \/><strong data-start=\"693\" data-end=\"724\">\u2714 I rehatsh\u00ebm dhe i ngroht\u00eb<\/strong><br data-start=\"724\" data-end=\"727\" \/><strong data-start=\"727\" data-end=\"773\">\u2714 Ideal p\u00ebr veshje casual dhe smart-casual<\/strong><\/p>","protected":false},"excerpt":{"rendered":"<p>Golf premium p\u00ebr meshkuj me thurje ribbed, i dizajnuar p\u00ebr nj\u00eb pamje elegante, t\u00eb past\u00ebr dhe shum\u00eb moderne. Dizajni minimalist e b\u00ebn k\u00ebt\u00eb model jasht\u00ebzakonisht t\u00eb leht\u00eb p\u00ebr kombinim, si me xhinse ashtu edhe me pantallona klasike, duke krijuar nj\u00eb stil urban dhe t\u00eb rafinuar. Materiali cil\u00ebsor ofron ndjesi t\u00eb but\u00eb n\u00eb l\u00ebkur\u00eb, rehati dhe [&hellip;]<\/p>","protected":false},"featured_media":11390,"comment_status":"open","ping_status":"closed","template":"","meta":[],"product_brand":[],"product_cat":[61],"product_tag":[539,538],"class_list":{"0":"post-11389","1":"product","2":"type-product","3":"status-publish","4":"has-post-thumbnail","6":"product_cat-shirt","7":"product_tag-golf-ribbed","8":"product_tag-premium-per-meshkuj","10":"first","11":"instock","12":"sale","13":"taxable","14":"shipping-taxable","15":"purchasable","16":"product-type-variable"},"jetpack_sharing_enabled":true,"_links":{"self":[{"href":"https:\/\/urban-clothingstore.com\/en\/wp-json\/wp\/v2\/product\/11389","targetHints":{"allow":["GET"]}}],"collection":[{"href":"https:\/\/urban-clothingstore.com\/en\/wp-json\/wp\/v2\/product"}],"about":[{"href":"https:\/\/urban-clothingstore.com\/en\/wp-json\/wp\/v2\/types\/product"}],"replies":[{"embeddable":true,"href":"https:\/\/urban-clothingstore.com\/en\/wp-json\/wp\/v2\/comments?post=11389"}],"wp:featuredmedia":[{"embeddable":true,"href":"https:\/\/urban-clothingstore.com\/en\/wp-json\/wp\/v2\/media\/11390"}],"wp:attachment":[{"href":"https:\/\/urban-clothingstore.com\/en\/wp-json\/wp\/v2\/media?parent=11389"}],"wp:term":[{"taxonomy":"product_brand","embeddable":true,"href":"https:\/\/urban-clothingstore.com\/en\/wp-json\/wp\/v2\/product_brand?post=11389"},{"taxonomy":"product_cat","embeddable":true,"href":"https:\/\/urban-clothingstore.com\/en\/wp-json\/wp\/v2\/product_cat?post=11389"},{"taxonomy":"product_tag","embeddable":true,"href":"https:\/\/urban-clothingstore.com\/en\/wp-json\/wp\/v2\/product_tag?post=11389"}],"curies":[{"name":"wp","href":"https:\/\/api.w.org\/{rel}","templated":true}]}}