{"id":1143,"date":"2025-04-02T21:04:43","date_gmt":"2025-04-02T21:04:43","guid":{"rendered":"https:\/\/urban-clothingstore.com\/?post_type=product&#038;p=1143"},"modified":"2025-08-23T13:29:59","modified_gmt":"2025-08-23T13:29:59","slug":"mens-classic-white-t-shirt-premium-fit-comfort","status":"publish","type":"product","link":"https:\/\/urban-clothingstore.com\/en\/product\/mens-classic-white-t-shirt-premium-fit-comfort\/","title":{"rendered":"Maic\u00eb e Bardh\u00eb Klasike \u2013 Rehati Premium"},"content":{"rendered":"<p>Q\u00ebndroni elegant pa mundim me k\u00ebt\u00eb maic\u00eb klasike t\u00eb bardh\u00eb p\u00ebr meshkuj, e projektuar p\u00ebr nj\u00eb ekuilib\u00ebr t\u00eb p\u00ebrsosur midis rehatis\u00eb dhe p\u00ebrshtatjes moderne. E b\u00ebr\u00eb nga nj\u00eb p\u00ebrzierje pambuku me cil\u00ebsi t\u00eb lart\u00eb q\u00eb lejon ajrosjen, kjo bluz\u00eb ofron nj\u00eb ndjesi t\u00eb but\u00eb, q\u00ebndrueshm\u00ebri t\u00eb shk\u00eblqyer dhe nj\u00eb p\u00ebrshtatje t\u00eb ngusht\u00eb t\u00eb p\u00ebrshtatur q\u00eb p\u00ebrmir\u00ebson fizikun tuaj.<\/p>\n<p>Me nj\u00eb jak\u00eb t\u00eb rrumbullak\u00ebt dhe m\u00ebng\u00eb t\u00eb shkurtra, \u00ebsht\u00eb nj\u00eb element thelb\u00ebsor p\u00ebr gard\u00ebrob\u00ebn q\u00eb kombinohet n\u00eb m\u00ebnyr\u00eb t\u00eb p\u00ebrkryer me xhinse, pantallona t\u00eb gjera ose pantallona t\u00eb shkurtra p\u00ebr nj\u00eb pamje t\u00eb past\u00ebr.<\/p>\n<p>Ideale p\u00ebr veshje t\u00eb p\u00ebrditshme, st\u00ebrvitje ose p\u00ebr t&#8217;u veshur n\u00ebn xhaketa &#8211; kjo maic\u00eb e bardh\u00eb \u00ebsht\u00eb nj\u00eb domosdoshm\u00ebri.<\/p>","protected":false},"excerpt":{"rendered":"<p>Q\u00ebndroni elegant pa mundim me k\u00ebt\u00eb maic\u00eb klasike t\u00eb bardh\u00eb p\u00ebr meshkuj, e projektuar p\u00ebr nj\u00eb ekuilib\u00ebr t\u00eb p\u00ebrsosur midis rehatis\u00eb dhe p\u00ebrshtatjes moderne. E b\u00ebr\u00eb nga nj\u00eb p\u00ebrzierje pambuku me cil\u00ebsi t\u00eb lart\u00eb q\u00eb lejon ajrosjen, kjo bluz\u00eb ofron nj\u00eb ndjesi t\u00eb but\u00eb, q\u00ebndrueshm\u00ebri t\u00eb shk\u00eblqyer dhe nj\u00eb p\u00ebrshtatje t\u00eb ngusht\u00eb t\u00eb p\u00ebrshtatur q\u00eb [&hellip;]<\/p>","protected":false},"featured_media":1130,"comment_status":"open","ping_status":"closed","template":"","meta":[],"product_brand":[],"product_cat":[21],"product_tag":[],"class_list":{"0":"post-1143","1":"product","2":"type-product","3":"status-publish","4":"has-post-thumbnail","6":"product_cat-tshirts","8":"first","9":"instock","10":"sale","11":"taxable","12":"shipping-taxable","13":"purchasable","14":"product-type-variable"},"jetpack_sharing_enabled":true,"_links":{"self":[{"href":"https:\/\/urban-clothingstore.com\/en\/wp-json\/wp\/v2\/product\/1143","targetHints":{"allow":["GET"]}}],"collection":[{"href":"https:\/\/urban-clothingstore.com\/en\/wp-json\/wp\/v2\/product"}],"about":[{"href":"https:\/\/urban-clothingstore.com\/en\/wp-json\/wp\/v2\/types\/product"}],"replies":[{"embeddable":true,"href":"https:\/\/urban-clothingstore.com\/en\/wp-json\/wp\/v2\/comments?post=1143"}],"wp:featuredmedia":[{"embeddable":true,"href":"https:\/\/urban-clothingstore.com\/en\/wp-json\/wp\/v2\/media\/1130"}],"wp:attachment":[{"href":"https:\/\/urban-clothingstore.com\/en\/wp-json\/wp\/v2\/media?parent=1143"}],"wp:term":[{"taxonomy":"product_brand","embeddable":true,"href":"https:\/\/urban-clothingstore.com\/en\/wp-json\/wp\/v2\/product_brand?post=1143"},{"taxonomy":"product_cat","embeddable":true,"href":"https:\/\/urban-clothingstore.com\/en\/wp-json\/wp\/v2\/product_cat?post=1143"},{"taxonomy":"product_tag","embeddable":true,"href":"https:\/\/urban-clothingstore.com\/en\/wp-json\/wp\/v2\/product_tag?post=1143"}],"curies":[{"name":"wp","href":"https:\/\/api.w.org\/{rel}","templated":true}]}}