{"id":11523,"date":"2026-01-07T23:24:51","date_gmt":"2026-01-07T23:24:51","guid":{"rendered":"https:\/\/urban-clothingstore.com\/?post_type=product&#038;p=11523"},"modified":"2026-03-23T09:17:32","modified_gmt":"2026-03-23T09:17:32","slug":"xhinse-blu-denim-relax-fit-boyfriend-style","status":"publish","type":"product","link":"https:\/\/urban-clothingstore.com\/en\/product\/xhinse-blu-denim-relax-fit-boyfriend-style\/","title":{"rendered":"Xhinse Blu Denim \u2013 Relax Fit \/ Boyfriend Style"},"content":{"rendered":"<p data-start=\"63\" data-end=\"325\">Xhinse n\u00eb ngjyr\u00eb <strong data-start=\"98\" data-end=\"119\">blu denim klasike<\/strong>, me prerje <strong data-start=\"131\" data-end=\"156\">relax fit \/ boyfriend<\/strong>, t\u00eb dizajnuara p\u00ebr stil urban dhe rehati maksimale. Denimi cil\u00ebsor ofron ndjesi t\u00eb fort\u00eb por komode, duke ruajtur form\u00ebn dhe pamjen edhe pas p\u00ebrdorimit t\u00eb p\u00ebrditsh\u00ebm.<\/p>\n<p data-start=\"327\" data-end=\"533\">Prerja e drejt\u00eb krijon nj\u00eb look modern dhe t\u00eb balancuar, ideal p\u00ebr kombinime casual dhe street style. T\u00eb p\u00ebrshtatshme p\u00ebr t\u2019u veshur me t-shirt, k\u00ebmish\u00eb, hoodie apo xhup, si dhe me atlete ose k\u00ebpuc\u00eb casual.<\/p>\n<p data-start=\"535\" data-end=\"555\"><strong data-start=\"535\" data-end=\"555\">Detaje kryesore:<\/strong><\/p>\n<ul data-start=\"556\" data-end=\"723\">\n<li data-start=\"556\" data-end=\"589\">\n<p data-start=\"558\" data-end=\"589\">Prerje: Relax Fit \/ Boyfriend<\/p>\n<\/li>\n<li data-start=\"590\" data-end=\"622\">\n<p data-start=\"592\" data-end=\"622\">Ngjyra: Blu denim (mid wash)<\/p>\n<\/li>\n<li data-start=\"623\" data-end=\"664\">\n<p data-start=\"625\" data-end=\"664\">Material: Denim cil\u00ebsor dhe rezistent<\/p>\n<\/li>\n<li data-start=\"665\" data-end=\"696\">\n<p data-start=\"667\" data-end=\"696\">Stil: Urban, Casual, Modern<\/p>\n<\/li>\n<li data-start=\"697\" data-end=\"723\">\n<p data-start=\"699\" data-end=\"723\">P\u00ebrdorim: I p\u00ebrditsh\u00ebm<\/p>\n<\/li>\n<\/ul>","protected":false},"excerpt":{"rendered":"<p>Xhinse n\u00eb ngjyr\u00eb blu denim klasike, me prerje relax fit \/ boyfriend, t\u00eb dizajnuara p\u00ebr stil urban dhe rehati maksimale. Denimi cil\u00ebsor ofron ndjesi t\u00eb fort\u00eb por komode, duke ruajtur form\u00ebn dhe pamjen edhe pas p\u00ebrdorimit t\u00eb p\u00ebrditsh\u00ebm. Prerja e drejt\u00eb krijon nj\u00eb look modern dhe t\u00eb balancuar, ideal p\u00ebr kombinime casual dhe street style. [&hellip;]<\/p>","protected":false},"featured_media":11524,"comment_status":"open","ping_status":"closed","template":"","meta":[],"product_brand":[],"product_cat":[27],"product_tag":[541,546],"class_list":{"0":"post-11523","1":"product","2":"type-product","3":"status-publish","4":"has-post-thumbnail","6":"product_cat-jeans","7":"product_tag-relax-fit-boyfriend-style","8":"product_tag-xhinse-blu-denim","10":"first","11":"instock","12":"sale","13":"taxable","14":"shipping-taxable","15":"purchasable","16":"product-type-variable"},"jetpack_sharing_enabled":true,"_links":{"self":[{"href":"https:\/\/urban-clothingstore.com\/en\/wp-json\/wp\/v2\/product\/11523","targetHints":{"allow":["GET"]}}],"collection":[{"href":"https:\/\/urban-clothingstore.com\/en\/wp-json\/wp\/v2\/product"}],"about":[{"href":"https:\/\/urban-clothingstore.com\/en\/wp-json\/wp\/v2\/types\/product"}],"replies":[{"embeddable":true,"href":"https:\/\/urban-clothingstore.com\/en\/wp-json\/wp\/v2\/comments?post=11523"}],"wp:featuredmedia":[{"embeddable":true,"href":"https:\/\/urban-clothingstore.com\/en\/wp-json\/wp\/v2\/media\/11524"}],"wp:attachment":[{"href":"https:\/\/urban-clothingstore.com\/en\/wp-json\/wp\/v2\/media?parent=11523"}],"wp:term":[{"taxonomy":"product_brand","embeddable":true,"href":"https:\/\/urban-clothingstore.com\/en\/wp-json\/wp\/v2\/product_brand?post=11523"},{"taxonomy":"product_cat","embeddable":true,"href":"https:\/\/urban-clothingstore.com\/en\/wp-json\/wp\/v2\/product_cat?post=11523"},{"taxonomy":"product_tag","embeddable":true,"href":"https:\/\/urban-clothingstore.com\/en\/wp-json\/wp\/v2\/product_tag?post=11523"}],"curies":[{"name":"wp","href":"https:\/\/api.w.org\/{rel}","templated":true}]}}