{"id":11532,"date":"2026-01-07T23:28:45","date_gmt":"2026-01-07T23:28:45","guid":{"rendered":"https:\/\/urban-clothingstore.com\/?post_type=product&#038;p=11532"},"modified":"2026-03-23T09:16:36","modified_gmt":"2026-03-23T09:16:36","slug":"xhinse-blu-denim-klasike-relax-fit-boyfriend","status":"publish","type":"product","link":"https:\/\/urban-clothingstore.com\/en\/product\/xhinse-blu-denim-klasike-relax-fit-boyfriend\/","title":{"rendered":"Xhinse Blu Denim Klasike \u2013 Relax Fit \/ Boyfriend"},"content":{"rendered":"<p data-start=\"65\" data-end=\"317\">Xhinse n\u00eb ngjyr\u00eb <strong data-start=\"100\" data-end=\"121\">blu denim klasike<\/strong>, me prerje <strong data-start=\"133\" data-end=\"158\">relax fit \/ boyfriend<\/strong>, t\u00eb dizajnuara p\u00ebr stil urban dhe rehati t\u00eb p\u00ebrditshme. Denimi cil\u00ebsor ofron ndjesi komode, q\u00ebndrueshm\u00ebri dhe nj\u00eb pamje t\u00eb past\u00ebr q\u00eb nuk del kurr\u00eb nga moda.<\/p>\n<p data-start=\"319\" data-end=\"553\">Prerja e drejt\u00eb siguron liri l\u00ebvizjeje dhe nj\u00eb siluet\u00eb moderne, nd\u00ebrsa dizajni klasik me 5 xhepa i b\u00ebn shum\u00eb t\u00eb lehta p\u00ebr kombinim me \u00e7do outfit. Ideale p\u00ebr t-shirt, hoodie, k\u00ebmish\u00eb apo xhup, t\u00eb kombinuara me atlete ose k\u00ebpuc\u00eb casual.<\/p>\n<p data-start=\"555\" data-end=\"575\"><strong data-start=\"555\" data-end=\"575\">Detaje kryesore:<\/strong><\/p>\n<ul data-start=\"576\" data-end=\"760\">\n<li data-start=\"576\" data-end=\"609\">\n<p data-start=\"578\" data-end=\"609\">Prerje: Relax Fit \/ Boyfriend<\/p>\n<\/li>\n<li data-start=\"610\" data-end=\"642\">\n<p data-start=\"612\" data-end=\"642\">Ngjyra: Blu denim (mid wash)<\/p>\n<\/li>\n<li data-start=\"643\" data-end=\"684\">\n<p data-start=\"645\" data-end=\"684\">Material: Denim cil\u00ebsor dhe rezistent<\/p>\n<\/li>\n<li data-start=\"685\" data-end=\"718\">\n<p data-start=\"687\" data-end=\"718\">Stil: Urban, Casual, Timeless<\/p>\n<\/li>\n<li data-start=\"719\" data-end=\"760\">\n<p data-start=\"721\" data-end=\"760\">P\u00ebrdorim: I p\u00ebrditsh\u00ebm \/ Street style<\/p>\n<\/li>\n<\/ul>","protected":false},"excerpt":{"rendered":"<p>Xhinse n\u00eb ngjyr\u00eb blu denim klasike, me prerje relax fit \/ boyfriend, t\u00eb dizajnuara p\u00ebr stil urban dhe rehati t\u00eb p\u00ebrditshme. Denimi cil\u00ebsor ofron ndjesi komode, q\u00ebndrueshm\u00ebri dhe nj\u00eb pamje t\u00eb past\u00ebr q\u00eb nuk del kurr\u00eb nga moda. Prerja e drejt\u00eb siguron liri l\u00ebvizjeje dhe nj\u00eb siluet\u00eb moderne, nd\u00ebrsa dizajni klasik me 5 xhepa i [&hellip;]<\/p>","protected":false},"featured_media":11533,"comment_status":"open","ping_status":"closed","template":"","meta":[],"product_brand":[],"product_cat":[27],"product_tag":[548,547],"class_list":{"0":"post-11532","1":"product","2":"type-product","3":"status-publish","4":"has-post-thumbnail","6":"product_cat-jeans","7":"product_tag-relax-fit-boyfriend","8":"product_tag-xhinse-blu-denim-klasike","10":"first","11":"instock","12":"sale","13":"taxable","14":"shipping-taxable","15":"purchasable","16":"product-type-variable"},"jetpack_sharing_enabled":true,"_links":{"self":[{"href":"https:\/\/urban-clothingstore.com\/en\/wp-json\/wp\/v2\/product\/11532","targetHints":{"allow":["GET"]}}],"collection":[{"href":"https:\/\/urban-clothingstore.com\/en\/wp-json\/wp\/v2\/product"}],"about":[{"href":"https:\/\/urban-clothingstore.com\/en\/wp-json\/wp\/v2\/types\/product"}],"replies":[{"embeddable":true,"href":"https:\/\/urban-clothingstore.com\/en\/wp-json\/wp\/v2\/comments?post=11532"}],"wp:featuredmedia":[{"embeddable":true,"href":"https:\/\/urban-clothingstore.com\/en\/wp-json\/wp\/v2\/media\/11533"}],"wp:attachment":[{"href":"https:\/\/urban-clothingstore.com\/en\/wp-json\/wp\/v2\/media?parent=11532"}],"wp:term":[{"taxonomy":"product_brand","embeddable":true,"href":"https:\/\/urban-clothingstore.com\/en\/wp-json\/wp\/v2\/product_brand?post=11532"},{"taxonomy":"product_cat","embeddable":true,"href":"https:\/\/urban-clothingstore.com\/en\/wp-json\/wp\/v2\/product_cat?post=11532"},{"taxonomy":"product_tag","embeddable":true,"href":"https:\/\/urban-clothingstore.com\/en\/wp-json\/wp\/v2\/product_tag?post=11532"}],"curies":[{"name":"wp","href":"https:\/\/api.w.org\/{rel}","templated":true}]}}