{"id":11542,"date":"2026-01-07T23:42:15","date_gmt":"2026-01-07T23:42:15","guid":{"rendered":"https:\/\/urban-clothingstore.com\/?post_type=product&#038;p=11542"},"modified":"2026-01-07T23:42:15","modified_gmt":"2026-01-07T23:42:15","slug":"pallto-e-zeze-elegante-slim-fit-urban-classic","status":"publish","type":"product","link":"https:\/\/urban-clothingstore.com\/en\/product\/pallto-e-zeze-elegante-slim-fit-urban-classic\/","title":{"rendered":"Pallto e Zez\u00eb Elegante \u2013 Slim Fit | Urban Classic"},"content":{"rendered":"<p data-start=\"66\" data-end=\"371\">Pallto elegante n\u00eb ngjyr\u00eb <strong data-start=\"110\" data-end=\"129\">t\u00eb zez\u00eb klasike<\/strong>, me prerje <strong data-start=\"141\" data-end=\"153\">slim fit<\/strong>, e dizajnuar p\u00ebr nj\u00eb stil modern, minimalist dhe shum\u00eb refined. Linjat e pastra dhe struktura e rregullt krijojn\u00eb nj\u00eb siluet\u00eb t\u00eb fort\u00eb mashkullore, ideale p\u00ebr look <strong data-start=\"318\" data-end=\"327\">urban<\/strong>, <strong data-start=\"329\" data-end=\"348\" data-is-only-node=\"\">business casual<\/strong> apo <strong data-start=\"353\" data-end=\"370\">evening style<\/strong>.<\/p>\n<p data-start=\"373\" data-end=\"620\">Materiali cil\u00ebsor ofron ndjesi premium, rehati dhe q\u00ebndrueshm\u00ebri, nd\u00ebrsa dizajni pa teprime e b\u00ebn k\u00ebt\u00eb pallto nj\u00eb investim timeless p\u00ebr garderob\u00ebn. Perfekte p\u00ebr kombinim me rollk\u00eb, k\u00ebmish\u00eb ose bluz\u00eb bazike, si dhe me pantallona klasike apo xhinse.<\/p>\n<p data-start=\"622\" data-end=\"642\"><strong data-start=\"622\" data-end=\"642\">Detaje kryesore:<\/strong><\/p>\n<ul data-start=\"643\" data-end=\"814\">\n<li data-start=\"643\" data-end=\"663\">\n<p data-start=\"645\" data-end=\"663\">Prerje: Slim Fit<\/p>\n<\/li>\n<li data-start=\"664\" data-end=\"690\">\n<p data-start=\"666\" data-end=\"690\">Ngjyra: E zez\u00eb klasike<\/p>\n<\/li>\n<li data-start=\"691\" data-end=\"724\">\n<p data-start=\"693\" data-end=\"724\">Stil: Elegant, Urban, Minimal<\/p>\n<\/li>\n<li data-start=\"725\" data-end=\"767\">\n<p data-start=\"727\" data-end=\"767\">Dizajn: Linja t\u00eb pastra, pamje premium<\/p>\n<\/li>\n<li data-start=\"768\" data-end=\"814\">\n<p data-start=\"770\" data-end=\"814\">P\u00ebrdorim: Daily elegant, business, evening<\/p>\n<\/li>\n<\/ul>","protected":false},"excerpt":{"rendered":"<p>Pallto elegante n\u00eb ngjyr\u00eb t\u00eb zez\u00eb klasike, me prerje slim fit, e dizajnuar p\u00ebr nj\u00eb stil modern, minimalist dhe shum\u00eb refined. Linjat e pastra dhe struktura e rregullt krijojn\u00eb nj\u00eb siluet\u00eb t\u00eb fort\u00eb mashkullore, ideale p\u00ebr look urban, business casual apo evening style. Materiali cil\u00ebsor ofron ndjesi premium, rehati dhe q\u00ebndrueshm\u00ebri, nd\u00ebrsa dizajni pa teprime [&hellip;]<\/p>","protected":false},"featured_media":11543,"comment_status":"open","ping_status":"closed","template":"","meta":[],"product_brand":[],"product_cat":[293],"product_tag":[549,550],"class_list":{"0":"post-11542","1":"product","2":"type-product","3":"status-publish","4":"has-post-thumbnail","6":"product_cat-coat","7":"product_tag-pallto-e-zeze-elegante","8":"product_tag-slim-fit-urban-classic","10":"first","11":"instock","12":"sale","13":"taxable","14":"shipping-taxable","15":"purchasable","16":"product-type-variable"},"jetpack_sharing_enabled":true,"_links":{"self":[{"href":"https:\/\/urban-clothingstore.com\/en\/wp-json\/wp\/v2\/product\/11542","targetHints":{"allow":["GET"]}}],"collection":[{"href":"https:\/\/urban-clothingstore.com\/en\/wp-json\/wp\/v2\/product"}],"about":[{"href":"https:\/\/urban-clothingstore.com\/en\/wp-json\/wp\/v2\/types\/product"}],"replies":[{"embeddable":true,"href":"https:\/\/urban-clothingstore.com\/en\/wp-json\/wp\/v2\/comments?post=11542"}],"wp:featuredmedia":[{"embeddable":true,"href":"https:\/\/urban-clothingstore.com\/en\/wp-json\/wp\/v2\/media\/11543"}],"wp:attachment":[{"href":"https:\/\/urban-clothingstore.com\/en\/wp-json\/wp\/v2\/media?parent=11542"}],"wp:term":[{"taxonomy":"product_brand","embeddable":true,"href":"https:\/\/urban-clothingstore.com\/en\/wp-json\/wp\/v2\/product_brand?post=11542"},{"taxonomy":"product_cat","embeddable":true,"href":"https:\/\/urban-clothingstore.com\/en\/wp-json\/wp\/v2\/product_cat?post=11542"},{"taxonomy":"product_tag","embeddable":true,"href":"https:\/\/urban-clothingstore.com\/en\/wp-json\/wp\/v2\/product_tag?post=11542"}],"curies":[{"name":"wp","href":"https:\/\/api.w.org\/{rel}","templated":true}]}}