{"id":1167,"date":"2025-04-05T20:28:15","date_gmt":"2025-04-05T20:28:15","guid":{"rendered":"https:\/\/urban-clothingstore.com\/?post_type=product&#038;p=1167"},"modified":"2025-08-23T13:27:21","modified_gmt":"2025-08-23T13:27:21","slug":"oversized-black-graphic-t-shirt-with-dream-inspired-print","status":"publish","type":"product","link":"https:\/\/urban-clothingstore.com\/en\/product\/oversized-black-graphic-t-shirt-with-dream-inspired-print\/","title":{"rendered":"Maic\u00eb me Grafik\u00eb me Printim t\u00eb Frym\u00ebzuar nga \u00ebndrrat"},"content":{"rendered":"<p>Ngritni nivelin tuaj t\u00eb veshjeve t\u00eb rrug\u00ebs me bluz\u00ebn &#8220;Strange Hidden Spirits&#8221;, e cila paraqet nj\u00eb pjes\u00eb t\u00eb p\u00ebrparme t\u00eb past\u00ebr me tekst delikat dhe nj\u00eb printim t\u00eb guximsh\u00ebm artistik n\u00eb pjes\u00ebn e pasme. E projektuar p\u00ebr nj\u00eb prerje t\u00eb relaksuar dhe t\u00eb madhe, kjo bluz\u00eb kombinon rehatin\u00eb me shprehjen krijuese. E punuar nga pambuk i but\u00eb dhe i ajrossh\u00ebm, \u00ebsht\u00eb perfekte p\u00ebr t\u2019u veshur \u00e7do dit\u00eb ose p\u00ebr t\u2019u veshur me shtresa.<\/p>\n<p>L\u00ebreni energjin\u00eb misterioze t\u00eb k\u00ebsaj k\u00ebmishe t\u00eb flas\u00eb vet\u00eb &#8211; minimaliste p\u00ebrpara, e gjitha art n\u00eb pjes\u00ebn e pasme.<\/p>","protected":false},"excerpt":{"rendered":"<p>Ngritni nivelin tuaj t\u00eb veshjeve t\u00eb rrug\u00ebs me bluz\u00ebn &#8220;Strange Hidden Spirits&#8221;, e cila paraqet nj\u00eb pjes\u00eb t\u00eb p\u00ebrparme t\u00eb past\u00ebr me tekst delikat dhe nj\u00eb printim t\u00eb guximsh\u00ebm artistik n\u00eb pjes\u00ebn e pasme. E projektuar p\u00ebr nj\u00eb prerje t\u00eb relaksuar dhe t\u00eb madhe, kjo bluz\u00eb kombinon rehatin\u00eb me shprehjen krijuese. E punuar nga pambuk [&hellip;]<\/p>","protected":false},"featured_media":1163,"comment_status":"open","ping_status":"closed","template":"","meta":[],"product_brand":[],"product_cat":[21],"product_tag":[30,28,29],"class_list":{"0":"post-1167","1":"product","2":"type-product","3":"status-publish","4":"has-post-thumbnail","6":"product_cat-tshirts","7":"product_tag-black","8":"product_tag-t-shirt","9":"product_tag-white","11":"first","12":"instock","13":"taxable","14":"shipping-taxable","15":"purchasable","16":"product-type-variable"},"jetpack_sharing_enabled":true,"_links":{"self":[{"href":"https:\/\/urban-clothingstore.com\/en\/wp-json\/wp\/v2\/product\/1167","targetHints":{"allow":["GET"]}}],"collection":[{"href":"https:\/\/urban-clothingstore.com\/en\/wp-json\/wp\/v2\/product"}],"about":[{"href":"https:\/\/urban-clothingstore.com\/en\/wp-json\/wp\/v2\/types\/product"}],"replies":[{"embeddable":true,"href":"https:\/\/urban-clothingstore.com\/en\/wp-json\/wp\/v2\/comments?post=1167"}],"wp:featuredmedia":[{"embeddable":true,"href":"https:\/\/urban-clothingstore.com\/en\/wp-json\/wp\/v2\/media\/1163"}],"wp:attachment":[{"href":"https:\/\/urban-clothingstore.com\/en\/wp-json\/wp\/v2\/media?parent=1167"}],"wp:term":[{"taxonomy":"product_brand","embeddable":true,"href":"https:\/\/urban-clothingstore.com\/en\/wp-json\/wp\/v2\/product_brand?post=1167"},{"taxonomy":"product_cat","embeddable":true,"href":"https:\/\/urban-clothingstore.com\/en\/wp-json\/wp\/v2\/product_cat?post=1167"},{"taxonomy":"product_tag","embeddable":true,"href":"https:\/\/urban-clothingstore.com\/en\/wp-json\/wp\/v2\/product_tag?post=1167"}],"curies":[{"name":"wp","href":"https:\/\/api.w.org\/{rel}","templated":true}]}}