{"id":11728,"date":"2026-01-15T21:56:36","date_gmt":"2026-01-15T21:56:36","guid":{"rendered":"https:\/\/urban-clothingstore.com\/?post_type=product&#038;p=11728"},"modified":"2026-03-07T18:30:20","modified_gmt":"2026-03-07T18:30:20","slug":"pantallona-premium-chino-kafe-chocolate","status":"publish","type":"product","link":"https:\/\/urban-clothingstore.com\/en\/product\/pantallona-premium-chino-kafe-chocolate\/","title":{"rendered":"Pantallona Premium Chino \u2013 Kafe Chocolate"},"content":{"rendered":"<p data-start=\"58\" data-end=\"496\">Pantallona chino premium n\u00eb ngjyr\u00eb kafe chocolate, perfekte p\u00ebr nj\u00eb stil modern dhe \u201curban luxury\u201d. T\u00eb punuara me material cil\u00ebsor dhe t\u00eb rehatsh\u00ebm, me elasticitet t\u00eb leht\u00eb p\u00ebr l\u00ebvizje t\u00eb lir\u00eb gjat\u00eb gjith\u00eb dit\u00ebs. Prerja slim fit i jep pamje elegante dhe t\u00eb past\u00ebr, nd\u00ebrsa detajet si xhepi me zinxhir e b\u00ebjn\u00eb produktin m\u00eb unik dhe praktik. Kombinohen shum\u00eb leht\u00eb me k\u00ebmisha, bluz\u00eb ose xhaket\u00eb p\u00ebr nj\u00eb look casual-elegant.<\/p>\n<p data-start=\"498\" data-end=\"518\"><strong data-start=\"498\" data-end=\"518\">Detaje kryesore:<\/strong><\/p>\n<ul data-start=\"519\" data-end=\"709\" data-is-last-node=\"\" data-is-only-node=\"\">\n<li data-start=\"519\" data-end=\"539\">\n<p data-start=\"521\" data-end=\"539\">Prerje: Slim Fit<\/p>\n<\/li>\n<li data-start=\"540\" data-end=\"566\">\n<p data-start=\"542\" data-end=\"566\">Ngjyra: Kafe Chocolate<\/p>\n<\/li>\n<li data-start=\"567\" data-end=\"613\">\n<p data-start=\"569\" data-end=\"613\">Material premium, i but\u00eb dhe i q\u00ebndruesh\u00ebm<\/p>\n<\/li>\n<li data-start=\"614\" data-end=\"664\">\n<p data-start=\"616\" data-end=\"664\">Xhepa an\u00ebsor\u00eb + xhep me zinxhir (detaj modern)<\/p>\n<\/li>\n<li data-start=\"665\" data-end=\"709\" data-is-last-node=\"\">\n<p data-start=\"667\" data-end=\"709\" data-is-last-node=\"\">Ideale p\u00ebr p\u00ebrditshm\u00ebri dhe dalje elegante<\/p>\n<\/li>\n<\/ul>","protected":false},"excerpt":{"rendered":"<p>Pantallona chino premium n\u00eb ngjyr\u00eb kafe chocolate, perfekte p\u00ebr nj\u00eb stil modern dhe \u201curban luxury\u201d. T\u00eb punuara me material cil\u00ebsor dhe t\u00eb rehatsh\u00ebm, me elasticitet t\u00eb leht\u00eb p\u00ebr l\u00ebvizje t\u00eb lir\u00eb gjat\u00eb gjith\u00eb dit\u00ebs. Prerja slim fit i jep pamje elegante dhe t\u00eb past\u00ebr, nd\u00ebrsa detajet si xhepi me zinxhir e b\u00ebjn\u00eb produktin m\u00eb unik [&hellip;]<\/p>","protected":false},"featured_media":11729,"comment_status":"open","ping_status":"closed","template":"","meta":[],"product_brand":[],"product_cat":[58],"product_tag":[559,557],"class_list":{"0":"post-11728","1":"product","2":"type-product","3":"status-publish","4":"has-post-thumbnail","6":"product_cat-pants","7":"product_tag-chino-kafe-chocolate","8":"product_tag-pantallona-premium","10":"first","11":"instock","12":"taxable","13":"shipping-taxable","14":"purchasable","15":"product-type-variable"},"jetpack_sharing_enabled":true,"_links":{"self":[{"href":"https:\/\/urban-clothingstore.com\/en\/wp-json\/wp\/v2\/product\/11728","targetHints":{"allow":["GET"]}}],"collection":[{"href":"https:\/\/urban-clothingstore.com\/en\/wp-json\/wp\/v2\/product"}],"about":[{"href":"https:\/\/urban-clothingstore.com\/en\/wp-json\/wp\/v2\/types\/product"}],"replies":[{"embeddable":true,"href":"https:\/\/urban-clothingstore.com\/en\/wp-json\/wp\/v2\/comments?post=11728"}],"wp:featuredmedia":[{"embeddable":true,"href":"https:\/\/urban-clothingstore.com\/en\/wp-json\/wp\/v2\/media\/11729"}],"wp:attachment":[{"href":"https:\/\/urban-clothingstore.com\/en\/wp-json\/wp\/v2\/media?parent=11728"}],"wp:term":[{"taxonomy":"product_brand","embeddable":true,"href":"https:\/\/urban-clothingstore.com\/en\/wp-json\/wp\/v2\/product_brand?post=11728"},{"taxonomy":"product_cat","embeddable":true,"href":"https:\/\/urban-clothingstore.com\/en\/wp-json\/wp\/v2\/product_cat?post=11728"},{"taxonomy":"product_tag","embeddable":true,"href":"https:\/\/urban-clothingstore.com\/en\/wp-json\/wp\/v2\/product_tag?post=11728"}],"curies":[{"name":"wp","href":"https:\/\/api.w.org\/{rel}","templated":true}]}}