{"id":11738,"date":"2026-01-15T22:00:25","date_gmt":"2026-01-15T22:00:25","guid":{"rendered":"https:\/\/urban-clothingstore.com\/?post_type=product&#038;p=11738"},"modified":"2026-03-07T18:29:09","modified_gmt":"2026-03-07T18:29:09","slug":"pantallona-premium-chino-gri-e-hapet-light-grey","status":"publish","type":"product","link":"https:\/\/urban-clothingstore.com\/en\/product\/pantallona-premium-chino-gri-e-hapet-light-grey\/","title":{"rendered":"Pantallona Premium Chino \u2013 Gri e Hap\u00ebt (Light Grey)"},"content":{"rendered":"<div class=\"flex flex-col text-sm pb-25\">\n<article class=\"text-token-text-primary w-full focus:outline-none [--shadow-height:45px] has-data-writing-block:pointer-events-none has-data-writing-block:-mt-(--shadow-height) has-data-writing-block:pt-(--shadow-height) [&amp;:has([data-writing-block])&gt;*]:pointer-events-auto scroll-mt-[calc(var(--header-height)+min(200px,max(70px,20svh)))]\" dir=\"auto\" tabindex=\"-1\" data-turn-id=\"ab604be4-2eb2-4094-95ea-7f0932a3994b\" data-testid=\"conversation-turn-8\" data-scroll-anchor=\"true\" data-turn=\"assistant\">\n<div class=\"text-base my-auto mx-auto pb-10 [--thread-content-margin:--spacing(4)] @w-sm\/main:[--thread-content-margin:--spacing(6)] @w-lg\/main:[--thread-content-margin:--spacing(16)] px-(--thread-content-margin)\">\n<div class=\"[--thread-content-max-width:40rem] @w-lg\/main:[--thread-content-max-width:48rem] mx-auto max-w-(--thread-content-max-width) flex-1 group\/turn-messages focus-visible:outline-hidden relative flex w-full min-w-0 flex-col agent-turn\" tabindex=\"-1\">\n<div class=\"flex max-w-full flex-col grow\">\n<div class=\"min-h-8 text-message relative flex w-full flex-col items-end gap-2 text-start break-words whitespace-normal [.text-message+&amp;]:mt-1\" dir=\"auto\" data-message-author-role=\"assistant\" data-message-id=\"4badece3-1ac2-4d4b-99ac-1117594cc35d\" data-message-model-slug=\"gpt-5-2\">\n<div class=\"flex w-full flex-col gap-1 empty:hidden first:pt-[1px]\">\n<div class=\"markdown prose dark:prose-invert w-full break-words light markdown-new-styling\">\n<p data-start=\"68\" data-end=\"533\">Pantallona chino premium n\u00eb ngjyr\u00eb gri e hap\u00ebt, perfekte p\u00ebr nj\u00eb stil modern, minimalist dhe shum\u00eb elegant. Materiali cil\u00ebsor me elasticitet t\u00eb leht\u00eb ofron rehati maksimale dhe l\u00ebvizje t\u00eb lir\u00eb gjat\u00eb gjith\u00eb dit\u00ebs. Prerja slim fit e b\u00ebn pamjen m\u00eb t\u00eb past\u00ebr dhe elegante, nd\u00ebrsa detaji i xhepit me zinxhir i jep nj\u00eb prekje \u201curban luxury\u201d. Kombinohen shum\u00eb leht\u00eb me t-shirt, k\u00ebmish\u00eb, golf apo xhaket\u00eb \u2013 ideale si p\u00ebr p\u00ebrditshm\u00ebri ashtu edhe p\u00ebr dalje.<\/p>\n<p data-start=\"535\" data-end=\"555\"><strong data-start=\"535\" data-end=\"555\">Detaje kryesore:<\/strong><\/p>\n<ul data-start=\"556\" data-end=\"742\" data-is-last-node=\"\" data-is-only-node=\"\">\n<li data-start=\"556\" data-end=\"576\">\n<p data-start=\"558\" data-end=\"576\">Prerje: Slim Fit<\/p>\n<\/li>\n<li data-start=\"577\" data-end=\"613\">\n<p data-start=\"579\" data-end=\"613\">Ngjyra: Gri e Hap\u00ebt (Light Grey)<\/p>\n<\/li>\n<li data-start=\"614\" data-end=\"654\">\n<p data-start=\"616\" data-end=\"654\">Material premium, i but\u00eb &amp; rezistent<\/p>\n<\/li>\n<li data-start=\"655\" data-end=\"705\">\n<p data-start=\"657\" data-end=\"705\">Xhepa an\u00ebsor\u00eb + xhep me zinxhir (detaj modern)<\/p>\n<\/li>\n<li data-start=\"706\" data-end=\"742\" data-is-last-node=\"\">\n<p data-start=\"708\" data-end=\"742\" data-is-last-node=\"\">Stil casual-elegant \/ urban luxury<\/p>\n<\/li>\n<\/ul>\n<\/div>\n<\/div>\n<\/div>\n<\/div>\n<div class=\"z-0 flex min-h-[46px] justify-start\"><\/div>\n<div class=\"mt-3 w-full empty:hidden\">\n<div class=\"text-center\"><\/div>\n<\/div>\n<\/div>\n<\/div>\n<\/article>\n<\/div>\n<div class=\"pointer-events-none h-px w-px absolute bottom-0\" aria-hidden=\"true\" data-edge=\"true\"><\/div>","protected":false},"excerpt":{"rendered":"<p>Pantallona chino premium n\u00eb ngjyr\u00eb gri e hap\u00ebt, perfekte p\u00ebr nj\u00eb stil modern, minimalist dhe shum\u00eb elegant. Materiali cil\u00ebsor me elasticitet t\u00eb leht\u00eb ofron rehati maksimale dhe l\u00ebvizje t\u00eb lir\u00eb gjat\u00eb gjith\u00eb dit\u00ebs. Prerja slim fit e b\u00ebn pamjen m\u00eb t\u00eb past\u00ebr dhe elegante, nd\u00ebrsa detaji i xhepit me zinxhir i jep nj\u00eb prekje \u201curban [&hellip;]<\/p>","protected":false},"featured_media":11739,"comment_status":"open","ping_status":"closed","template":"","meta":[],"product_brand":[],"product_cat":[58],"product_tag":[560,557],"class_list":{"0":"post-11738","1":"product","2":"type-product","3":"status-publish","4":"has-post-thumbnail","6":"product_cat-pants","7":"product_tag-chino-gri-e-hapet-light-grey","8":"product_tag-pantallona-premium","10":"first","11":"instock","12":"taxable","13":"shipping-taxable","14":"purchasable","15":"product-type-variable"},"jetpack_sharing_enabled":true,"_links":{"self":[{"href":"https:\/\/urban-clothingstore.com\/en\/wp-json\/wp\/v2\/product\/11738","targetHints":{"allow":["GET"]}}],"collection":[{"href":"https:\/\/urban-clothingstore.com\/en\/wp-json\/wp\/v2\/product"}],"about":[{"href":"https:\/\/urban-clothingstore.com\/en\/wp-json\/wp\/v2\/types\/product"}],"replies":[{"embeddable":true,"href":"https:\/\/urban-clothingstore.com\/en\/wp-json\/wp\/v2\/comments?post=11738"}],"wp:featuredmedia":[{"embeddable":true,"href":"https:\/\/urban-clothingstore.com\/en\/wp-json\/wp\/v2\/media\/11739"}],"wp:attachment":[{"href":"https:\/\/urban-clothingstore.com\/en\/wp-json\/wp\/v2\/media?parent=11738"}],"wp:term":[{"taxonomy":"product_brand","embeddable":true,"href":"https:\/\/urban-clothingstore.com\/en\/wp-json\/wp\/v2\/product_brand?post=11738"},{"taxonomy":"product_cat","embeddable":true,"href":"https:\/\/urban-clothingstore.com\/en\/wp-json\/wp\/v2\/product_cat?post=11738"},{"taxonomy":"product_tag","embeddable":true,"href":"https:\/\/urban-clothingstore.com\/en\/wp-json\/wp\/v2\/product_tag?post=11738"}],"curies":[{"name":"wp","href":"https:\/\/api.w.org\/{rel}","templated":true}]}}