{"id":11748,"date":"2026-01-15T22:02:44","date_gmt":"2026-01-15T22:02:44","guid":{"rendered":"https:\/\/urban-clothingstore.com\/?post_type=product&#038;p=11748"},"modified":"2026-03-23T14:46:39","modified_gmt":"2026-03-23T14:46:39","slug":"pantallona-premium-chino-navy-blue","status":"publish","type":"product","link":"https:\/\/urban-clothingstore.com\/en\/product\/pantallona-premium-chino-navy-blue\/","title":{"rendered":"Pantallona Premium Chino \u2013 Navy Blue"},"content":{"rendered":"<article class=\"text-token-text-primary w-full focus:outline-none [--shadow-height:45px] has-data-writing-block:pointer-events-none has-data-writing-block:-mt-(--shadow-height) has-data-writing-block:pt-(--shadow-height) [&amp;:has([data-writing-block])&gt;*]:pointer-events-auto scroll-mt-[calc(var(--header-height)+min(200px,max(70px,20svh)))]\" dir=\"auto\" tabindex=\"-1\" data-turn-id=\"a3c15c61-4678-4d48-97bb-3408d14df2b8\" data-testid=\"conversation-turn-6\" data-scroll-anchor=\"false\" data-turn=\"assistant\">\n<div class=\"text-base my-auto mx-auto [--thread-content-margin:--spacing(4)] @w-sm\/main:[--thread-content-margin:--spacing(6)] @w-lg\/main:[--thread-content-margin:--spacing(16)] px-(--thread-content-margin)\">\n<div class=\"[--thread-content-max-width:40rem] @w-lg\/main:[--thread-content-max-width:48rem] mx-auto max-w-(--thread-content-max-width) flex-1 group\/turn-messages focus-visible:outline-hidden relative flex w-full min-w-0 flex-col agent-turn\" tabindex=\"-1\">\n<div class=\"flex max-w-full flex-col grow\">\n<div class=\"min-h-8 text-message relative flex w-full flex-col items-end gap-2 text-start break-words whitespace-normal [.text-message+&amp;]:mt-1\" dir=\"auto\" data-message-author-role=\"assistant\" data-message-id=\"d7b21631-6882-4695-8789-6b59bc83016e\" data-message-model-slug=\"gpt-5-2\">\n<div class=\"flex w-full flex-col gap-1 empty:hidden first:pt-[1px]\">\n<div class=\"markdown prose dark:prose-invert w-full break-words light markdown-new-styling\">\n<p data-start=\"53\" data-end=\"496\">Pantallona chino premium n\u00eb ngjyr\u00eb navy blue, t\u00eb krijuara p\u00ebr meshkuj q\u00eb duan stil elegant dhe komoditet maksimal. Materiali cil\u00ebsor me elasticitet t\u00eb leht\u00eb siguron rehati gjat\u00eb gjith\u00eb dit\u00ebs, nd\u00ebrsa prerja slim fit i jep pamje moderne dhe t\u00eb past\u00ebr. Detaji me xhep an\u00ebsor me zinxhir e b\u00ebn produktin m\u00eb praktik dhe i shton nj\u00eb \u201ctouch\u201d urban-luksoz. Kombinohen perfekt me k\u00ebmish\u00eb, golf, ose xhaket\u00eb p\u00ebr nj\u00eb look casual-elegant.<\/p>\n<p data-start=\"498\" data-end=\"518\"><strong data-start=\"498\" data-end=\"518\">Detaje kryesore:<\/strong><\/p>\n<ul data-start=\"519\" data-end=\"685\" data-is-last-node=\"\" data-is-only-node=\"\">\n<li data-start=\"519\" data-end=\"539\">\n<p data-start=\"521\" data-end=\"539\">Prerje: Slim Fit<\/p>\n<\/li>\n<li data-start=\"540\" data-end=\"561\">\n<p data-start=\"542\" data-end=\"561\">Ngjyra: Navy Blue<\/p>\n<\/li>\n<li data-start=\"562\" data-end=\"604\">\n<p data-start=\"564\" data-end=\"604\">Material premium, i but\u00eb dhe rezistent<\/p>\n<\/li>\n<li data-start=\"605\" data-end=\"640\">\n<p data-start=\"607\" data-end=\"640\">Xhepa an\u00ebsor\u00eb + xhep me zinxhir<\/p>\n<\/li>\n<li data-start=\"641\" data-end=\"685\" data-is-last-node=\"\">\n<p data-start=\"643\" data-end=\"685\" data-is-last-node=\"\">Ideale p\u00ebr p\u00ebrditshm\u00ebri dhe raste elegante<\/p>\n<\/li>\n<\/ul>\n<\/div>\n<\/div>\n<\/div>\n<\/div>\n<div class=\"z-0 flex min-h-[46px] justify-start\"><\/div>\n<\/div>\n<\/div>\n<\/article>","protected":false},"excerpt":{"rendered":"<p>Pantallona chino premium n\u00eb ngjyr\u00eb navy blue, t\u00eb krijuara p\u00ebr meshkuj q\u00eb duan stil elegant dhe komoditet maksimal. Materiali cil\u00ebsor me elasticitet t\u00eb leht\u00eb siguron rehati gjat\u00eb gjith\u00eb dit\u00ebs, nd\u00ebrsa prerja slim fit i jep pamje moderne dhe t\u00eb past\u00ebr. Detaji me xhep an\u00ebsor me zinxhir e b\u00ebn produktin m\u00eb praktik dhe i shton nj\u00eb [&hellip;]<\/p>","protected":false},"featured_media":11749,"comment_status":"open","ping_status":"closed","template":"","meta":[],"product_brand":[],"product_cat":[58],"product_tag":[561,557],"class_list":{"0":"post-11748","1":"product","2":"type-product","3":"status-publish","4":"has-post-thumbnail","6":"product_cat-pants","7":"product_tag-chino-navy-blue","8":"product_tag-pantallona-premium","10":"first","11":"instock","12":"taxable","13":"shipping-taxable","14":"purchasable","15":"product-type-variable"},"jetpack_sharing_enabled":true,"_links":{"self":[{"href":"https:\/\/urban-clothingstore.com\/en\/wp-json\/wp\/v2\/product\/11748","targetHints":{"allow":["GET"]}}],"collection":[{"href":"https:\/\/urban-clothingstore.com\/en\/wp-json\/wp\/v2\/product"}],"about":[{"href":"https:\/\/urban-clothingstore.com\/en\/wp-json\/wp\/v2\/types\/product"}],"replies":[{"embeddable":true,"href":"https:\/\/urban-clothingstore.com\/en\/wp-json\/wp\/v2\/comments?post=11748"}],"wp:featuredmedia":[{"embeddable":true,"href":"https:\/\/urban-clothingstore.com\/en\/wp-json\/wp\/v2\/media\/11749"}],"wp:attachment":[{"href":"https:\/\/urban-clothingstore.com\/en\/wp-json\/wp\/v2\/media?parent=11748"}],"wp:term":[{"taxonomy":"product_brand","embeddable":true,"href":"https:\/\/urban-clothingstore.com\/en\/wp-json\/wp\/v2\/product_brand?post=11748"},{"taxonomy":"product_cat","embeddable":true,"href":"https:\/\/urban-clothingstore.com\/en\/wp-json\/wp\/v2\/product_cat?post=11748"},{"taxonomy":"product_tag","embeddable":true,"href":"https:\/\/urban-clothingstore.com\/en\/wp-json\/wp\/v2\/product_tag?post=11748"}],"curies":[{"name":"wp","href":"https:\/\/api.w.org\/{rel}","templated":true}]}}