{"id":11758,"date":"2026-01-15T22:06:05","date_gmt":"2026-01-15T22:06:05","guid":{"rendered":"https:\/\/urban-clothingstore.com\/?post_type=product&#038;p=11758"},"modified":"2026-03-07T18:27:28","modified_gmt":"2026-03-07T18:27:28","slug":"pantallona-premium-chino-olive","status":"publish","type":"product","link":"https:\/\/urban-clothingstore.com\/en\/product\/pantallona-premium-chino-olive\/","title":{"rendered":"Pantallona Premium Chino \u2013 Olive"},"content":{"rendered":"<div class=\"flex flex-col text-sm pb-25\">\n<article class=\"text-token-text-primary w-full focus:outline-none [--shadow-height:45px] has-data-writing-block:pointer-events-none has-data-writing-block:-mt-(--shadow-height) has-data-writing-block:pt-(--shadow-height) [&amp;:has([data-writing-block])&gt;*]:pointer-events-auto scroll-mt-[calc(var(--header-height)+min(200px,max(70px,20svh)))]\" dir=\"auto\" tabindex=\"-1\" data-turn-id=\"4687bd7c-d47c-4ffa-a3ae-a72b16024f00\" data-testid=\"conversation-turn-10\" data-scroll-anchor=\"true\" data-turn=\"assistant\">\n<div class=\"text-base my-auto mx-auto pb-10 [--thread-content-margin:--spacing(4)] @w-sm\/main:[--thread-content-margin:--spacing(6)] @w-lg\/main:[--thread-content-margin:--spacing(16)] px-(--thread-content-margin)\">\n<div class=\"[--thread-content-max-width:40rem] @w-lg\/main:[--thread-content-max-width:48rem] mx-auto max-w-(--thread-content-max-width) flex-1 group\/turn-messages focus-visible:outline-hidden relative flex w-full min-w-0 flex-col agent-turn\" tabindex=\"-1\">\n<div class=\"flex max-w-full flex-col grow\">\n<div class=\"min-h-8 text-message relative flex w-full flex-col items-end gap-2 text-start break-words whitespace-normal [.text-message+&amp;]:mt-1\" dir=\"auto\" data-message-author-role=\"assistant\" data-message-id=\"31fa9617-a016-44f3-8a4e-b5ca2ca1348f\" data-message-model-slug=\"gpt-5-2\">\n<div class=\"flex w-full flex-col gap-1 empty:hidden first:pt-[1px]\">\n<div class=\"markdown prose dark:prose-invert w-full break-words light markdown-new-styling\">\n<p data-start=\"49\" data-end=\"502\">Pantallona chino premium n\u00eb ngjyr\u00eb olive, perfekte p\u00ebr nj\u00eb stil modern dhe t\u00eb ve\u00e7ant\u00eb. T\u00eb punuara me material cil\u00ebsor dhe elastik t\u00eb leht\u00eb p\u00ebr rehati maksimale, k\u00ebto pantallona ofrojn\u00eb kombinimin ideal mes eleganc\u00ebs dhe komoditetit. Prerja slim fit i jep pamje t\u00eb past\u00ebr dhe moderne, nd\u00ebrsa detaji me xhep an\u00ebsor me zinxhir shton stil \u201curban luxury\u201d dhe praktikitet. Kombinohen shum\u00eb leht\u00eb me t-shirt, k\u00ebmish\u00eb apo xhaket\u00eb p\u00ebr \u00e7do rast.<\/p>\n<p data-start=\"504\" data-end=\"524\"><strong data-start=\"504\" data-end=\"524\">Detaje kryesore:<\/strong><\/p>\n<ul data-start=\"525\" data-end=\"678\" data-is-last-node=\"\" data-is-only-node=\"\">\n<li data-start=\"525\" data-end=\"545\">\n<p data-start=\"527\" data-end=\"545\">Prerje: Slim Fit<\/p>\n<\/li>\n<li data-start=\"546\" data-end=\"563\">\n<p data-start=\"548\" data-end=\"563\">Ngjyra: Olive<\/p>\n<\/li>\n<li data-start=\"564\" data-end=\"604\">\n<p data-start=\"566\" data-end=\"604\">Material premium, i but\u00eb &amp; rezistent<\/p>\n<\/li>\n<li data-start=\"605\" data-end=\"640\">\n<p data-start=\"607\" data-end=\"640\">Xhepa an\u00ebsor\u00eb + xhep me zinxhir<\/p>\n<\/li>\n<li data-start=\"641\" data-end=\"678\" data-is-last-node=\"\">\n<p data-start=\"643\" data-end=\"678\" data-is-last-node=\"\">Casual-elegant \/ Urban Luxury style<\/p>\n<\/li>\n<\/ul>\n<\/div>\n<\/div>\n<\/div>\n<\/div>\n<div class=\"z-0 flex min-h-[46px] justify-start\"><\/div>\n<div class=\"mt-3 w-full empty:hidden\">\n<div class=\"text-center\"><\/div>\n<\/div>\n<\/div>\n<\/div>\n<\/article>\n<\/div>\n<div class=\"pointer-events-none h-px w-px absolute bottom-0\" aria-hidden=\"true\" data-edge=\"true\"><\/div>","protected":false},"excerpt":{"rendered":"<p>Pantallona chino premium n\u00eb ngjyr\u00eb olive, perfekte p\u00ebr nj\u00eb stil modern dhe t\u00eb ve\u00e7ant\u00eb. T\u00eb punuara me material cil\u00ebsor dhe elastik t\u00eb leht\u00eb p\u00ebr rehati maksimale, k\u00ebto pantallona ofrojn\u00eb kombinimin ideal mes eleganc\u00ebs dhe komoditetit. Prerja slim fit i jep pamje t\u00eb past\u00ebr dhe moderne, nd\u00ebrsa detaji me xhep an\u00ebsor me zinxhir shton stil \u201curban [&hellip;]<\/p>","protected":false},"featured_media":11759,"comment_status":"open","ping_status":"closed","template":"","meta":[],"product_brand":[],"product_cat":[58],"product_tag":[562,557],"class_list":{"0":"post-11758","1":"product","2":"type-product","3":"status-publish","4":"has-post-thumbnail","6":"product_cat-pants","7":"product_tag-chino-olive","8":"product_tag-pantallona-premium","10":"first","11":"instock","12":"taxable","13":"shipping-taxable","14":"purchasable","15":"product-type-variable"},"jetpack_sharing_enabled":true,"_links":{"self":[{"href":"https:\/\/urban-clothingstore.com\/en\/wp-json\/wp\/v2\/product\/11758","targetHints":{"allow":["GET"]}}],"collection":[{"href":"https:\/\/urban-clothingstore.com\/en\/wp-json\/wp\/v2\/product"}],"about":[{"href":"https:\/\/urban-clothingstore.com\/en\/wp-json\/wp\/v2\/types\/product"}],"replies":[{"embeddable":true,"href":"https:\/\/urban-clothingstore.com\/en\/wp-json\/wp\/v2\/comments?post=11758"}],"wp:featuredmedia":[{"embeddable":true,"href":"https:\/\/urban-clothingstore.com\/en\/wp-json\/wp\/v2\/media\/11759"}],"wp:attachment":[{"href":"https:\/\/urban-clothingstore.com\/en\/wp-json\/wp\/v2\/media?parent=11758"}],"wp:term":[{"taxonomy":"product_brand","embeddable":true,"href":"https:\/\/urban-clothingstore.com\/en\/wp-json\/wp\/v2\/product_brand?post=11758"},{"taxonomy":"product_cat","embeddable":true,"href":"https:\/\/urban-clothingstore.com\/en\/wp-json\/wp\/v2\/product_cat?post=11758"},{"taxonomy":"product_tag","embeddable":true,"href":"https:\/\/urban-clothingstore.com\/en\/wp-json\/wp\/v2\/product_tag?post=11758"}],"curies":[{"name":"wp","href":"https:\/\/api.w.org\/{rel}","templated":true}]}}