{"id":11768,"date":"2026-01-15T22:09:52","date_gmt":"2026-01-15T22:09:52","guid":{"rendered":"https:\/\/urban-clothingstore.com\/?post_type=product&#038;p=11768"},"modified":"2026-03-07T18:25:40","modified_gmt":"2026-03-07T18:25:40","slug":"pantallona-premium-chino-gri-e-erret-charcoal-grey","status":"publish","type":"product","link":"https:\/\/urban-clothingstore.com\/en\/product\/pantallona-premium-chino-gri-e-erret-charcoal-grey\/","title":{"rendered":"Pantallona Premium Chino \u2013 Gri e Err\u00ebt (Charcoal Grey)"},"content":{"rendered":"<div class=\"flex flex-col text-sm pb-25\">\n<article class=\"text-token-text-primary w-full focus:outline-none [--shadow-height:45px] has-data-writing-block:pointer-events-none has-data-writing-block:-mt-(--shadow-height) has-data-writing-block:pt-(--shadow-height) [&amp;:has([data-writing-block])&gt;*]:pointer-events-auto scroll-mt-[calc(var(--header-height)+min(200px,max(70px,20svh)))]\" dir=\"auto\" tabindex=\"-1\" data-turn-id=\"47eb0ef9-d72c-4911-9028-88ec1afb8ba9\" data-testid=\"conversation-turn-12\" data-scroll-anchor=\"true\" data-turn=\"assistant\">\n<div class=\"text-base my-auto mx-auto pb-10 [--thread-content-margin:--spacing(4)] @w-sm\/main:[--thread-content-margin:--spacing(6)] @w-lg\/main:[--thread-content-margin:--spacing(16)] px-(--thread-content-margin)\">\n<div class=\"[--thread-content-max-width:40rem] @w-lg\/main:[--thread-content-max-width:48rem] mx-auto max-w-(--thread-content-max-width) flex-1 group\/turn-messages focus-visible:outline-hidden relative flex w-full min-w-0 flex-col agent-turn\" tabindex=\"-1\">\n<div class=\"flex max-w-full flex-col grow\">\n<div class=\"min-h-8 text-message relative flex w-full flex-col items-end gap-2 text-start break-words whitespace-normal [.text-message+&amp;]:mt-1\" dir=\"auto\" data-message-author-role=\"assistant\" data-message-id=\"55334290-b42d-4a34-9395-63885e793cc5\" data-message-model-slug=\"gpt-5-2\">\n<div class=\"flex w-full flex-col gap-1 empty:hidden first:pt-[1px]\">\n<div class=\"markdown prose dark:prose-invert w-full break-words light markdown-new-styling\">\n<p data-start=\"71\" data-end=\"500\">Pantallona chino premium n\u00eb ngjyr\u00eb gri e err\u00ebt (charcoal), zgjedhja perfekte p\u00ebr nj\u00eb look elegant, modern dhe shum\u00eb t\u00eb kombinuar. T\u00eb punuara me material cil\u00ebsor me elasticitet t\u00eb leht\u00eb, ofrojn\u00eb rehati gjat\u00eb gjith\u00eb dit\u00ebs dhe p\u00ebrshtaten perfekt me trupin fal\u00eb prerjes slim fit. Detaji me xhep an\u00ebsor me zinxhir shton stil urban dhe funksionalitet. Ideale p\u00ebr kombinime \u201csmart casual\u201d me k\u00ebmish\u00eb, golf apo xhaket\u00eb.<\/p>\n<p data-start=\"502\" data-end=\"522\"><strong data-start=\"502\" data-end=\"522\">Detaje kryesore:<\/strong><\/p>\n<ul data-start=\"523\" data-end=\"700\" data-is-last-node=\"\" data-is-only-node=\"\">\n<li data-start=\"523\" data-end=\"543\">\n<p data-start=\"525\" data-end=\"543\">Prerje: Slim Fit<\/p>\n<\/li>\n<li data-start=\"544\" data-end=\"578\">\n<p data-start=\"546\" data-end=\"578\">Ngjyra: Gri e Err\u00ebt \/ Charcoal<\/p>\n<\/li>\n<li data-start=\"579\" data-end=\"626\">\n<p data-start=\"581\" data-end=\"626\">Material premium, i rehatsh\u00ebm dhe rezistent<\/p>\n<\/li>\n<li data-start=\"627\" data-end=\"662\">\n<p data-start=\"629\" data-end=\"662\">Xhepa an\u00ebsor\u00eb + xhep me zinxhir<\/p>\n<\/li>\n<li data-start=\"663\" data-end=\"700\" data-is-last-node=\"\">\n<p data-start=\"665\" data-end=\"700\" data-is-last-node=\"\">Stil elegant, modern &amp; urban luxury<\/p>\n<\/li>\n<\/ul>\n<\/div>\n<\/div>\n<\/div>\n<\/div>\n<div class=\"z-0 flex min-h-[46px] justify-start\"><\/div>\n<div class=\"mt-3 w-full empty:hidden\">\n<div class=\"text-center\"><\/div>\n<\/div>\n<\/div>\n<\/div>\n<\/article>\n<\/div>\n<div class=\"pointer-events-none h-px w-px absolute bottom-0\" aria-hidden=\"true\" data-edge=\"true\"><\/div>","protected":false},"excerpt":{"rendered":"<p>Pantallona chino premium n\u00eb ngjyr\u00eb gri e err\u00ebt (charcoal), zgjedhja perfekte p\u00ebr nj\u00eb look elegant, modern dhe shum\u00eb t\u00eb kombinuar. T\u00eb punuara me material cil\u00ebsor me elasticitet t\u00eb leht\u00eb, ofrojn\u00eb rehati gjat\u00eb gjith\u00eb dit\u00ebs dhe p\u00ebrshtaten perfekt me trupin fal\u00eb prerjes slim fit. Detaji me xhep an\u00ebsor me zinxhir shton stil urban dhe funksionalitet. Ideale [&hellip;]<\/p>","protected":false},"featured_media":11769,"comment_status":"open","ping_status":"closed","template":"","meta":[],"product_brand":[],"product_cat":[58],"product_tag":[563,557],"class_list":{"0":"post-11768","1":"product","2":"type-product","3":"status-publish","4":"has-post-thumbnail","6":"product_cat-pants","7":"product_tag-chino-gri-e-erret-charcoal-grey","8":"product_tag-pantallona-premium","10":"first","11":"instock","12":"taxable","13":"shipping-taxable","14":"purchasable","15":"product-type-variable"},"jetpack_sharing_enabled":true,"_links":{"self":[{"href":"https:\/\/urban-clothingstore.com\/en\/wp-json\/wp\/v2\/product\/11768","targetHints":{"allow":["GET"]}}],"collection":[{"href":"https:\/\/urban-clothingstore.com\/en\/wp-json\/wp\/v2\/product"}],"about":[{"href":"https:\/\/urban-clothingstore.com\/en\/wp-json\/wp\/v2\/types\/product"}],"replies":[{"embeddable":true,"href":"https:\/\/urban-clothingstore.com\/en\/wp-json\/wp\/v2\/comments?post=11768"}],"wp:featuredmedia":[{"embeddable":true,"href":"https:\/\/urban-clothingstore.com\/en\/wp-json\/wp\/v2\/media\/11769"}],"wp:attachment":[{"href":"https:\/\/urban-clothingstore.com\/en\/wp-json\/wp\/v2\/media?parent=11768"}],"wp:term":[{"taxonomy":"product_brand","embeddable":true,"href":"https:\/\/urban-clothingstore.com\/en\/wp-json\/wp\/v2\/product_brand?post=11768"},{"taxonomy":"product_cat","embeddable":true,"href":"https:\/\/urban-clothingstore.com\/en\/wp-json\/wp\/v2\/product_cat?post=11768"},{"taxonomy":"product_tag","embeddable":true,"href":"https:\/\/urban-clothingstore.com\/en\/wp-json\/wp\/v2\/product_tag?post=11768"}],"curies":[{"name":"wp","href":"https:\/\/api.w.org\/{rel}","templated":true}]}}