{"id":11778,"date":"2026-01-15T22:13:35","date_gmt":"2026-01-15T22:13:35","guid":{"rendered":"https:\/\/urban-clothingstore.com\/?post_type=product&#038;p=11778"},"modified":"2026-03-07T18:25:16","modified_gmt":"2026-03-07T18:25:16","slug":"pantallona-premium-chino-black","status":"publish","type":"product","link":"https:\/\/urban-clothingstore.com\/en\/product\/pantallona-premium-chino-black\/","title":{"rendered":"Pantallona Premium Chino \u2013 Black"},"content":{"rendered":"<div class=\"flex flex-col text-sm pb-25\">\n<article class=\"text-token-text-primary w-full focus:outline-none [--shadow-height:45px] has-data-writing-block:pointer-events-none has-data-writing-block:-mt-(--shadow-height) has-data-writing-block:pt-(--shadow-height) [&amp;:has([data-writing-block])&gt;*]:pointer-events-auto scroll-mt-[calc(var(--header-height)+min(200px,max(70px,20svh)))]\" dir=\"auto\" tabindex=\"-1\" data-turn-id=\"9d68f313-fc2d-4099-91e4-5a59534e00d3\" data-testid=\"conversation-turn-14\" data-scroll-anchor=\"true\" data-turn=\"assistant\">\n<div class=\"text-base my-auto mx-auto pb-10 [--thread-content-margin:--spacing(4)] @w-sm\/main:[--thread-content-margin:--spacing(6)] @w-lg\/main:[--thread-content-margin:--spacing(16)] px-(--thread-content-margin)\">\n<div class=\"[--thread-content-max-width:40rem] @w-lg\/main:[--thread-content-max-width:48rem] mx-auto max-w-(--thread-content-max-width) flex-1 group\/turn-messages focus-visible:outline-hidden relative flex w-full min-w-0 flex-col agent-turn\" tabindex=\"-1\">\n<div class=\"flex max-w-full flex-col grow\">\n<div class=\"min-h-8 text-message relative flex w-full flex-col items-end gap-2 text-start break-words whitespace-normal [.text-message+&amp;]:mt-1\" dir=\"auto\" data-message-author-role=\"assistant\" data-message-id=\"ec3d1041-982d-46ac-a2e2-6bd5e953851a\" data-message-model-slug=\"gpt-5-2\">\n<div class=\"flex w-full flex-col gap-1 empty:hidden first:pt-[1px]\">\n<div class=\"markdown prose dark:prose-invert w-full break-words light markdown-new-styling\">\n<p data-start=\"49\" data-end=\"471\">Pantallona chino premium n\u00eb ngjyr\u00eb t\u00eb zez\u00eb, zgjedhja ideale p\u00ebr nj\u00eb stil t\u00eb past\u00ebr, elegant dhe shum\u00eb t\u00eb kombinuesh\u00ebm. T\u00eb punuara me material cil\u00ebsor me elasticitet t\u00eb leht\u00eb, ofrojn\u00eb rehati maksimale dhe p\u00ebrshtatje perfekte me trupin fal\u00eb prerjes slim fit. Detaji modern me xhep an\u00ebsor me zinxhir i jep pamje \u201curban luxury\u201d dhe funksionalitet. Kombinohen leht\u00eb me \u00e7do outfit \u2013 nga casual deri te elegant.<\/p>\n<p data-start=\"473\" data-end=\"493\"><strong data-start=\"473\" data-end=\"493\">Detaje kryesore:<\/strong><\/p>\n<ul data-start=\"494\" data-end=\"660\" data-is-last-node=\"\" data-is-only-node=\"\">\n<li data-start=\"494\" data-end=\"514\">\n<p data-start=\"496\" data-end=\"514\">Prerje: Slim Fit<\/p>\n<\/li>\n<li data-start=\"515\" data-end=\"541\">\n<p data-start=\"517\" data-end=\"541\">Ngjyra: E Zez\u00eb (Black)<\/p>\n<\/li>\n<li data-start=\"542\" data-end=\"587\">\n<p data-start=\"544\" data-end=\"587\">Material premium, i rehatsh\u00ebm &amp; rezistent<\/p>\n<\/li>\n<li data-start=\"588\" data-end=\"623\">\n<p data-start=\"590\" data-end=\"623\">Xhepa an\u00ebsor\u00eb + xhep me zinxhir<\/p>\n<\/li>\n<li data-start=\"624\" data-end=\"660\" data-is-last-node=\"\">\n<p data-start=\"626\" data-end=\"660\" data-is-last-node=\"\">P\u00ebrditshm\u00ebri, zyr\u00eb, dalje elegante<\/p>\n<\/li>\n<\/ul>\n<\/div>\n<\/div>\n<\/div>\n<\/div>\n<div class=\"z-0 flex min-h-[46px] justify-start\"><\/div>\n<div class=\"mt-3 w-full empty:hidden\">\n<div class=\"text-center\"><\/div>\n<\/div>\n<\/div>\n<\/div>\n<\/article>\n<\/div>\n<div class=\"pointer-events-none h-px w-px absolute bottom-0\" aria-hidden=\"true\" data-edge=\"true\"><\/div>","protected":false},"excerpt":{"rendered":"<p>Pantallona chino premium n\u00eb ngjyr\u00eb t\u00eb zez\u00eb, zgjedhja ideale p\u00ebr nj\u00eb stil t\u00eb past\u00ebr, elegant dhe shum\u00eb t\u00eb kombinuesh\u00ebm. T\u00eb punuara me material cil\u00ebsor me elasticitet t\u00eb leht\u00eb, ofrojn\u00eb rehati maksimale dhe p\u00ebrshtatje perfekte me trupin fal\u00eb prerjes slim fit. Detaji modern me xhep an\u00ebsor me zinxhir i jep pamje \u201curban luxury\u201d dhe funksionalitet. Kombinohen [&hellip;]<\/p>","protected":false},"featured_media":11787,"comment_status":"open","ping_status":"closed","template":"","meta":[],"product_brand":[],"product_cat":[58],"product_tag":[564,557],"class_list":{"0":"post-11778","1":"product","2":"type-product","3":"status-publish","4":"has-post-thumbnail","6":"product_cat-pants","7":"product_tag-chino-black","8":"product_tag-pantallona-premium","10":"first","11":"instock","12":"taxable","13":"shipping-taxable","14":"purchasable","15":"product-type-variable"},"jetpack_sharing_enabled":true,"_links":{"self":[{"href":"https:\/\/urban-clothingstore.com\/en\/wp-json\/wp\/v2\/product\/11778","targetHints":{"allow":["GET"]}}],"collection":[{"href":"https:\/\/urban-clothingstore.com\/en\/wp-json\/wp\/v2\/product"}],"about":[{"href":"https:\/\/urban-clothingstore.com\/en\/wp-json\/wp\/v2\/types\/product"}],"replies":[{"embeddable":true,"href":"https:\/\/urban-clothingstore.com\/en\/wp-json\/wp\/v2\/comments?post=11778"}],"wp:featuredmedia":[{"embeddable":true,"href":"https:\/\/urban-clothingstore.com\/en\/wp-json\/wp\/v2\/media\/11787"}],"wp:attachment":[{"href":"https:\/\/urban-clothingstore.com\/en\/wp-json\/wp\/v2\/media?parent=11778"}],"wp:term":[{"taxonomy":"product_brand","embeddable":true,"href":"https:\/\/urban-clothingstore.com\/en\/wp-json\/wp\/v2\/product_brand?post=11778"},{"taxonomy":"product_cat","embeddable":true,"href":"https:\/\/urban-clothingstore.com\/en\/wp-json\/wp\/v2\/product_cat?post=11778"},{"taxonomy":"product_tag","embeddable":true,"href":"https:\/\/urban-clothingstore.com\/en\/wp-json\/wp\/v2\/product_tag?post=11778"}],"curies":[{"name":"wp","href":"https:\/\/api.w.org\/{rel}","templated":true}]}}