{"id":11948,"date":"2026-02-09T23:54:38","date_gmt":"2026-02-09T23:54:38","guid":{"rendered":"https:\/\/urban-clothingstore.com\/?post_type=product&#038;p=11948"},"modified":"2026-03-07T18:23:18","modified_gmt":"2026-03-07T18:23:18","slug":"pantallona-pinstripe-gri-elegance-minimaliste-stil-urban","status":"publish","type":"product","link":"https:\/\/urban-clothingstore.com\/en\/product\/pantallona-pinstripe-gri-elegance-minimaliste-stil-urban\/","title":{"rendered":"Pantallona Pinstripe Gri \u2013 Eleganc\u00eb Minimaliste &#038; Stil Urban"},"content":{"rendered":"<p data-start=\"190\" data-end=\"483\">Pantallonat gri me vija vertikale pinstripe sjellin nj\u00eb stil t\u00eb past\u00ebr, modern dhe shum\u00eb t\u00eb rafinuar. Ngjyra gri ofron fleksibilitet maksimal n\u00eb kombinime, nd\u00ebrsa prerja slim-fit krijon nj\u00eb siluet\u00eb elegante dhe bashk\u00ebkohore. Materiali cil\u00ebsor siguron rehati dhe l\u00ebvizshm\u00ebri gjat\u00eb gjith\u00eb dit\u00ebs.<\/p>\n<p data-start=\"485\" data-end=\"680\">Ideale p\u00ebr p\u00ebrdorim ditor, takime biznesi apo dalje urbane, k\u00ebto pantallona kombinohen leht\u00ebsisht<\/p>","protected":false},"excerpt":{"rendered":"<p>Pantallonat gri me vija vertikale pinstripe sjellin nj\u00eb stil t\u00eb past\u00ebr, modern dhe shum\u00eb t\u00eb rafinuar. Ngjyra gri ofron fleksibilitet maksimal n\u00eb kombinime, nd\u00ebrsa prerja slim-fit krijon nj\u00eb siluet\u00eb elegante dhe bashk\u00ebkohore. Materiali cil\u00ebsor siguron rehati dhe l\u00ebvizshm\u00ebri gjat\u00eb gjith\u00eb dit\u00ebs. Ideale p\u00ebr p\u00ebrdorim ditor, takime biznesi apo dalje urbane, k\u00ebto pantallona kombinohen leht\u00ebsisht<\/p>","protected":false},"featured_media":11949,"comment_status":"open","ping_status":"closed","template":"","meta":[],"product_brand":[],"product_cat":[58],"product_tag":[570,569],"class_list":{"0":"post-11948","1":"product","2":"type-product","3":"status-publish","4":"has-post-thumbnail","6":"product_cat-pants","7":"product_tag-elegance-minimaliste-stil-urban","8":"product_tag-pantallona-pinstripe-gri","10":"first","11":"instock","12":"taxable","13":"shipping-taxable","14":"purchasable","15":"product-type-variable"},"jetpack_sharing_enabled":true,"_links":{"self":[{"href":"https:\/\/urban-clothingstore.com\/en\/wp-json\/wp\/v2\/product\/11948","targetHints":{"allow":["GET"]}}],"collection":[{"href":"https:\/\/urban-clothingstore.com\/en\/wp-json\/wp\/v2\/product"}],"about":[{"href":"https:\/\/urban-clothingstore.com\/en\/wp-json\/wp\/v2\/types\/product"}],"replies":[{"embeddable":true,"href":"https:\/\/urban-clothingstore.com\/en\/wp-json\/wp\/v2\/comments?post=11948"}],"wp:featuredmedia":[{"embeddable":true,"href":"https:\/\/urban-clothingstore.com\/en\/wp-json\/wp\/v2\/media\/11949"}],"wp:attachment":[{"href":"https:\/\/urban-clothingstore.com\/en\/wp-json\/wp\/v2\/media?parent=11948"}],"wp:term":[{"taxonomy":"product_brand","embeddable":true,"href":"https:\/\/urban-clothingstore.com\/en\/wp-json\/wp\/v2\/product_brand?post=11948"},{"taxonomy":"product_cat","embeddable":true,"href":"https:\/\/urban-clothingstore.com\/en\/wp-json\/wp\/v2\/product_cat?post=11948"},{"taxonomy":"product_tag","embeddable":true,"href":"https:\/\/urban-clothingstore.com\/en\/wp-json\/wp\/v2\/product_tag?post=11948"}],"curies":[{"name":"wp","href":"https:\/\/api.w.org\/{rel}","templated":true}]}}