{"id":11957,"date":"2026-02-09T23:57:58","date_gmt":"2026-02-09T23:57:58","guid":{"rendered":"https:\/\/urban-clothingstore.com\/?post_type=product&#038;p=11957"},"modified":"2026-03-07T18:22:33","modified_gmt":"2026-03-07T18:22:33","slug":"pantallona-pinstripe-te-zeza-elegance-urbane-pamje-premium","status":"publish","type":"product","link":"https:\/\/urban-clothingstore.com\/en\/product\/pantallona-pinstripe-te-zeza-elegance-urbane-pamje-premium\/","title":{"rendered":"Pantallona Pinstripe t\u00eb Zeza \u2013 Eleganc\u00eb Urbane &#038; Pamje Premium"},"content":{"rendered":"<p data-start=\"204\" data-end=\"515\">Pantallonat e zeza me vija vertikale pinstripe ofrojn\u00eb nj\u00eb stil t\u00eb fort\u00eb, modern dhe gjithmon\u00eb aktual. Dizajni slim-fit krijon nj\u00eb siluet\u00eb elegante, nd\u00ebrsa vijat e holla vertikale shtojn\u00eb thell\u00ebsi dhe karakter n\u00eb pamje. Materiali cil\u00ebsor siguron rehati t\u00eb lart\u00eb dhe q\u00ebndrueshm\u00ebri gjat\u00eb p\u00ebrdorimit t\u00eb p\u00ebrditsh\u00ebm.<\/p>\n<p data-start=\"517\" data-end=\"708\">Ideale p\u00ebr kombinime smart-casual apo formale, k\u00ebto pantallona p\u00ebrshtaten leht\u00ebsisht me k\u00ebmish\u00eb, bluz\u00eb ose sako, si dhe me atlete p\u00ebr nj\u00eb stil urban ose k\u00ebpuc\u00eb klasike p\u00ebr eleganc\u00eb maksimale.<\/p>","protected":false},"excerpt":{"rendered":"<p>Pantallonat e zeza me vija vertikale pinstripe ofrojn\u00eb nj\u00eb stil t\u00eb fort\u00eb, modern dhe gjithmon\u00eb aktual. Dizajni slim-fit krijon nj\u00eb siluet\u00eb elegante, nd\u00ebrsa vijat e holla vertikale shtojn\u00eb thell\u00ebsi dhe karakter n\u00eb pamje. Materiali cil\u00ebsor siguron rehati t\u00eb lart\u00eb dhe q\u00ebndrueshm\u00ebri gjat\u00eb p\u00ebrdorimit t\u00eb p\u00ebrditsh\u00ebm. Ideale p\u00ebr kombinime smart-casual apo formale, k\u00ebto pantallona p\u00ebrshtaten leht\u00ebsisht [&hellip;]<\/p>","protected":false},"featured_media":11959,"comment_status":"open","ping_status":"closed","template":"","meta":[],"product_brand":[],"product_cat":[58],"product_tag":[572,571],"class_list":{"0":"post-11957","1":"product","2":"type-product","3":"status-publish","4":"has-post-thumbnail","6":"product_cat-pants","7":"product_tag-elegance-urbane-pamje-premium","8":"product_tag-pantallona-pinstripe-te-zeza","10":"first","11":"instock","12":"taxable","13":"shipping-taxable","14":"purchasable","15":"product-type-variable"},"jetpack_sharing_enabled":true,"_links":{"self":[{"href":"https:\/\/urban-clothingstore.com\/en\/wp-json\/wp\/v2\/product\/11957","targetHints":{"allow":["GET"]}}],"collection":[{"href":"https:\/\/urban-clothingstore.com\/en\/wp-json\/wp\/v2\/product"}],"about":[{"href":"https:\/\/urban-clothingstore.com\/en\/wp-json\/wp\/v2\/types\/product"}],"replies":[{"embeddable":true,"href":"https:\/\/urban-clothingstore.com\/en\/wp-json\/wp\/v2\/comments?post=11957"}],"wp:featuredmedia":[{"embeddable":true,"href":"https:\/\/urban-clothingstore.com\/en\/wp-json\/wp\/v2\/media\/11959"}],"wp:attachment":[{"href":"https:\/\/urban-clothingstore.com\/en\/wp-json\/wp\/v2\/media?parent=11957"}],"wp:term":[{"taxonomy":"product_brand","embeddable":true,"href":"https:\/\/urban-clothingstore.com\/en\/wp-json\/wp\/v2\/product_brand?post=11957"},{"taxonomy":"product_cat","embeddable":true,"href":"https:\/\/urban-clothingstore.com\/en\/wp-json\/wp\/v2\/product_cat?post=11957"},{"taxonomy":"product_tag","embeddable":true,"href":"https:\/\/urban-clothingstore.com\/en\/wp-json\/wp\/v2\/product_tag?post=11957"}],"curies":[{"name":"wp","href":"https:\/\/api.w.org\/{rel}","templated":true}]}}