{"id":11967,"date":"2026-02-10T00:00:56","date_gmt":"2026-02-10T00:00:56","guid":{"rendered":"https:\/\/urban-clothingstore.com\/?post_type=product&#038;p=11967"},"modified":"2026-03-07T18:22:00","modified_gmt":"2026-03-07T18:22:00","slug":"pantallona-pinstripe-gri-te-erreta-stil-elegant-modern","status":"publish","type":"product","link":"https:\/\/urban-clothingstore.com\/en\/product\/pantallona-pinstripe-gri-te-erreta-stil-elegant-modern\/","title":{"rendered":"Pantallona Pinstripe Gri t\u00eb Err\u00ebta \u2013 Stil Elegant &#038; Modern"},"content":{"rendered":"<p data-start=\"198\" data-end=\"449\">Pantallonat gri t\u00eb err\u00ebta me vija vertikale pinstripe p\u00ebrfaq\u00ebsojn\u00eb eleganc\u00ebn moderne me nj\u00eb prekje klasike. Prerja slim-fit ofron nj\u00eb siluet\u00eb t\u00eb past\u00ebr dhe mashkullore, nd\u00ebrsa ngjyra gri e err\u00ebt i b\u00ebn jasht\u00ebzakonisht t\u00eb lehta p\u00ebr kombinim n\u00eb \u00e7do stil.<\/p>\n<p data-start=\"451\" data-end=\"691\">T\u00eb p\u00ebrshtatshme p\u00ebr p\u00ebrdorim ditor, ambiente biznesi apo dalje urbane, k\u00ebto pantallona kombinohen n\u00eb m\u00ebnyr\u00eb perfekte me bluz\u00eb, k\u00ebmish\u00eb apo sako. Ideale si me atlete p\u00ebr nj\u00eb look modern, ashtu edhe me k\u00ebpuc\u00eb klasike p\u00ebr nj\u00eb pamje m\u00eb formale.<\/p>","protected":false},"excerpt":{"rendered":"<p>Pantallonat gri t\u00eb err\u00ebta me vija vertikale pinstripe p\u00ebrfaq\u00ebsojn\u00eb eleganc\u00ebn moderne me nj\u00eb prekje klasike. Prerja slim-fit ofron nj\u00eb siluet\u00eb t\u00eb past\u00ebr dhe mashkullore, nd\u00ebrsa ngjyra gri e err\u00ebt i b\u00ebn jasht\u00ebzakonisht t\u00eb lehta p\u00ebr kombinim n\u00eb \u00e7do stil. T\u00eb p\u00ebrshtatshme p\u00ebr p\u00ebrdorim ditor, ambiente biznesi apo dalje urbane, k\u00ebto pantallona kombinohen n\u00eb m\u00ebnyr\u00eb perfekte [&hellip;]<\/p>","protected":false},"featured_media":11958,"comment_status":"open","ping_status":"closed","template":"","meta":[],"product_brand":[],"product_cat":[58],"product_tag":[573,574],"class_list":{"0":"post-11967","1":"product","2":"type-product","3":"status-publish","4":"has-post-thumbnail","6":"product_cat-pants","7":"product_tag-pantallona-pinstripe-gri-te-erreta","8":"product_tag-stil-elegant-modern","10":"first","11":"instock","12":"taxable","13":"shipping-taxable","14":"purchasable","15":"product-type-variable"},"jetpack_sharing_enabled":true,"_links":{"self":[{"href":"https:\/\/urban-clothingstore.com\/en\/wp-json\/wp\/v2\/product\/11967","targetHints":{"allow":["GET"]}}],"collection":[{"href":"https:\/\/urban-clothingstore.com\/en\/wp-json\/wp\/v2\/product"}],"about":[{"href":"https:\/\/urban-clothingstore.com\/en\/wp-json\/wp\/v2\/types\/product"}],"replies":[{"embeddable":true,"href":"https:\/\/urban-clothingstore.com\/en\/wp-json\/wp\/v2\/comments?post=11967"}],"wp:featuredmedia":[{"embeddable":true,"href":"https:\/\/urban-clothingstore.com\/en\/wp-json\/wp\/v2\/media\/11958"}],"wp:attachment":[{"href":"https:\/\/urban-clothingstore.com\/en\/wp-json\/wp\/v2\/media?parent=11967"}],"wp:term":[{"taxonomy":"product_brand","embeddable":true,"href":"https:\/\/urban-clothingstore.com\/en\/wp-json\/wp\/v2\/product_brand?post=11967"},{"taxonomy":"product_cat","embeddable":true,"href":"https:\/\/urban-clothingstore.com\/en\/wp-json\/wp\/v2\/product_cat?post=11967"},{"taxonomy":"product_tag","embeddable":true,"href":"https:\/\/urban-clothingstore.com\/en\/wp-json\/wp\/v2\/product_tag?post=11967"}],"curies":[{"name":"wp","href":"https:\/\/api.w.org\/{rel}","templated":true}]}}