{"id":1202,"date":"2025-04-06T14:39:04","date_gmt":"2025-04-06T14:39:04","guid":{"rendered":"https:\/\/urban-clothingstore.com\/?post_type=product&#038;p=1202"},"modified":"2025-09-03T11:41:38","modified_gmt":"2025-09-03T11:41:38","slug":"mens-streetstyle-faux-leather-utility-jacket-urban-edge-look","status":"publish","type":"product","link":"https:\/\/urban-clothingstore.com\/en\/product\/mens-streetstyle-faux-leather-utility-jacket-urban-edge-look\/","title":{"rendered":"Xhaket\u00eb Streetstyle prej L\u00ebkure Artificiale \u2013 Pamje Urbane"},"content":{"rendered":"<p class=\"\" data-start=\"189\" data-end=\"598\"><span class=\"jCAhz ChMk0b\"><span class=\"ryNqvb\">Ngritni nivelin tuaj t\u00eb veshjeve t\u00eb rrug\u00ebs me k\u00ebt\u00eb xhaket\u00eb t\u00eb p\u00ebrdorur prej l\u00ebkure artificiale p\u00ebr meshkuj, t\u00eb nd\u00ebrtuar p\u00ebr nj\u00eb stil t\u00eb guximsh\u00ebm dhe p\u00ebr p\u00ebrdorim t\u00eb p\u00ebrditsh\u00ebm.<\/span><\/span> <span class=\"jCAhz ChMk0b\"><span class=\"ryNqvb\">E projektuar me nj\u00eb prekje moderne, kjo xhaket\u00eb ka dy xhepa me kapak n\u00eb gjoks dhe dy xhepa an\u00ebsor\u00eb elegant\u00eb, duke shtuar si funksionalitet ashtu edhe stil.<\/span><\/span> <span class=\"jCAhz ChMk0b\"><span class=\"ryNqvb\">Pjesa e jashtme e l\u00ebmuar prej l\u00ebkure artificiale sjell nj\u00eb pamje urbane, nd\u00ebrsa beli elastik siguron nj\u00eb p\u00ebrshtatje t\u00eb ngusht\u00eb dhe elegante.<\/span><\/span><\/p>\n<p class=\"\" data-start=\"189\" data-end=\"598\"><span class=\"jCAhz ChMk0b\"><span class=\"ryNqvb\">Visheni mbi nj\u00eb bluz\u00eb baz\u00eb ose nj\u00eb bluz\u00eb me kapel\u00eb p\u00ebr t\u00eb p\u00ebrmir\u00ebsuar menj\u00ebher\u00eb veshjen tuaj me nj\u00eb stil t\u00eb sigurt.<\/span><\/span> <span class=\"jCAhz ChMk0b\"><span class=\"ryNqvb\">Pavar\u00ebsisht n\u00ebse jeni duke udh\u00ebtuar n\u00ebp\u00ebr qytet apo duke kaluar koh\u00eb me shoq\u00ebri, kjo xhaket\u00eb ofron nj\u00eb pamje t\u00eb fresk\u00ebt pa mundim.<\/span><\/span><\/p>","protected":false},"excerpt":{"rendered":"<p>Ngritni nivelin tuaj t\u00eb veshjeve t\u00eb rrug\u00ebs me k\u00ebt\u00eb xhaket\u00eb t\u00eb p\u00ebrdorur prej l\u00ebkure artificiale p\u00ebr meshkuj, t\u00eb nd\u00ebrtuar p\u00ebr nj\u00eb stil t\u00eb guximsh\u00ebm dhe p\u00ebr p\u00ebrdorim t\u00eb p\u00ebrditsh\u00ebm. E projektuar me nj\u00eb prekje moderne, kjo xhaket\u00eb ka dy xhepa me kapak n\u00eb gjoks dhe dy xhepa an\u00ebsor\u00eb elegant\u00eb, duke shtuar si funksionalitet ashtu edhe [&hellip;]<\/p>","protected":false},"featured_media":1212,"comment_status":"open","ping_status":"closed","template":"","meta":[],"product_brand":[],"product_cat":[25],"product_tag":[30,31,32],"class_list":{"0":"post-1202","1":"product","2":"type-product","3":"status-publish","4":"has-post-thumbnail","6":"product_cat-jackets","7":"product_tag-black","8":"product_tag-jacket","9":"product_tag-leather","11":"first","12":"instock","13":"taxable","14":"shipping-taxable","15":"purchasable","16":"product-type-variable"},"jetpack_sharing_enabled":true,"_links":{"self":[{"href":"https:\/\/urban-clothingstore.com\/en\/wp-json\/wp\/v2\/product\/1202","targetHints":{"allow":["GET"]}}],"collection":[{"href":"https:\/\/urban-clothingstore.com\/en\/wp-json\/wp\/v2\/product"}],"about":[{"href":"https:\/\/urban-clothingstore.com\/en\/wp-json\/wp\/v2\/types\/product"}],"replies":[{"embeddable":true,"href":"https:\/\/urban-clothingstore.com\/en\/wp-json\/wp\/v2\/comments?post=1202"}],"wp:featuredmedia":[{"embeddable":true,"href":"https:\/\/urban-clothingstore.com\/en\/wp-json\/wp\/v2\/media\/1212"}],"wp:attachment":[{"href":"https:\/\/urban-clothingstore.com\/en\/wp-json\/wp\/v2\/media?parent=1202"}],"wp:term":[{"taxonomy":"product_brand","embeddable":true,"href":"https:\/\/urban-clothingstore.com\/en\/wp-json\/wp\/v2\/product_brand?post=1202"},{"taxonomy":"product_cat","embeddable":true,"href":"https:\/\/urban-clothingstore.com\/en\/wp-json\/wp\/v2\/product_cat?post=1202"},{"taxonomy":"product_tag","embeddable":true,"href":"https:\/\/urban-clothingstore.com\/en\/wp-json\/wp\/v2\/product_tag?post=1202"}],"curies":[{"name":"wp","href":"https:\/\/api.w.org\/{rel}","templated":true}]}}