{"id":12026,"date":"2026-02-10T00:29:46","date_gmt":"2026-02-10T00:29:46","guid":{"rendered":"https:\/\/urban-clothingstore.com\/?post_type=product&#038;p=12026"},"modified":"2026-03-07T18:16:29","modified_gmt":"2026-03-07T18:16:29","slug":"pantallona-gri-windowpane-elegance-moderne-stil-i-rafinuar","status":"publish","type":"product","link":"https:\/\/urban-clothingstore.com\/en\/product\/pantallona-gri-windowpane-elegance-moderne-stil-i-rafinuar\/","title":{"rendered":"Pantallona Gri Windowpane \u2013 Eleganc\u00eb Moderne &#038; Stil i Rafinuar"},"content":{"rendered":"<p data-start=\"242\" data-end=\"485\">Pantallonat gri me model kuadratash t\u00eb holla (windowpane) ofrojn\u00eb nj\u00eb pamje t\u00eb sofistikuar dhe bashk\u00ebkohore. Dizajni minimalist me linja t\u00eb pastra i jep pantallon\u00ebs eleganc\u00eb diskrete, nd\u00ebrsa prerja slim-fit thekson siluet\u00ebn n\u00eb m\u00ebnyr\u00eb perfekte.<\/p>\n<p data-start=\"487\" data-end=\"746\">Ideale p\u00ebr kombinime formale dhe smart-casual, k\u00ebto pantallona p\u00ebrshtaten shk\u00eblqyesh\u00ebm me k\u00ebmish\u00eb dhe sako p\u00ebr nj\u00eb look biznesi, ose me bluz\u00eb dhe atlete p\u00ebr nj\u00eb stil urban modern. Materiali cil\u00ebsor garanton rehati dhe p\u00ebrdorim t\u00eb rehatsh\u00ebm gjat\u00eb gjith\u00eb dit\u00ebs.<\/p>","protected":false},"excerpt":{"rendered":"<p>Pantallonat gri me model kuadratash t\u00eb holla (windowpane) ofrojn\u00eb nj\u00eb pamje t\u00eb sofistikuar dhe bashk\u00ebkohore. Dizajni minimalist me linja t\u00eb pastra i jep pantallon\u00ebs eleganc\u00eb diskrete, nd\u00ebrsa prerja slim-fit thekson siluet\u00ebn n\u00eb m\u00ebnyr\u00eb perfekte. Ideale p\u00ebr kombinime formale dhe smart-casual, k\u00ebto pantallona p\u00ebrshtaten shk\u00eblqyesh\u00ebm me k\u00ebmish\u00eb dhe sako p\u00ebr nj\u00eb look biznesi, ose me bluz\u00eb [&hellip;]<\/p>","protected":false},"featured_media":12027,"comment_status":"open","ping_status":"closed","template":"","meta":[],"product_brand":[],"product_cat":[58],"product_tag":[585,584],"class_list":{"0":"post-12026","1":"product","2":"type-product","3":"status-publish","4":"has-post-thumbnail","6":"product_cat-pants","7":"product_tag-elegance-moderne-stil-i-rafinuar","8":"product_tag-pantallona-gri-windowpane","10":"first","11":"instock","12":"taxable","13":"shipping-taxable","14":"purchasable","15":"product-type-variable"},"jetpack_sharing_enabled":true,"_links":{"self":[{"href":"https:\/\/urban-clothingstore.com\/en\/wp-json\/wp\/v2\/product\/12026","targetHints":{"allow":["GET"]}}],"collection":[{"href":"https:\/\/urban-clothingstore.com\/en\/wp-json\/wp\/v2\/product"}],"about":[{"href":"https:\/\/urban-clothingstore.com\/en\/wp-json\/wp\/v2\/types\/product"}],"replies":[{"embeddable":true,"href":"https:\/\/urban-clothingstore.com\/en\/wp-json\/wp\/v2\/comments?post=12026"}],"wp:featuredmedia":[{"embeddable":true,"href":"https:\/\/urban-clothingstore.com\/en\/wp-json\/wp\/v2\/media\/12027"}],"wp:attachment":[{"href":"https:\/\/urban-clothingstore.com\/en\/wp-json\/wp\/v2\/media?parent=12026"}],"wp:term":[{"taxonomy":"product_brand","embeddable":true,"href":"https:\/\/urban-clothingstore.com\/en\/wp-json\/wp\/v2\/product_brand?post=12026"},{"taxonomy":"product_cat","embeddable":true,"href":"https:\/\/urban-clothingstore.com\/en\/wp-json\/wp\/v2\/product_cat?post=12026"},{"taxonomy":"product_tag","embeddable":true,"href":"https:\/\/urban-clothingstore.com\/en\/wp-json\/wp\/v2\/product_tag?post=12026"}],"curies":[{"name":"wp","href":"https:\/\/api.w.org\/{rel}","templated":true}]}}