{"id":12055,"date":"2026-02-11T15:11:46","date_gmt":"2026-02-11T15:11:46","guid":{"rendered":"https:\/\/urban-clothingstore.com\/?post_type=product&#038;p=12055"},"modified":"2026-02-11T15:11:46","modified_gmt":"2026-02-11T15:11:46","slug":"pantollona-slim-fit-elegance-urbane-ne-cdo-ngjyre","status":"publish","type":"product","link":"https:\/\/urban-clothingstore.com\/en\/product\/pantollona-slim-fit-elegance-urbane-ne-cdo-ngjyre\/","title":{"rendered":"Pantollona Slim Fit \u2013 Eleganc\u00eb Urbane n\u00eb \u00c7do Ngjyr\u00eb"},"content":{"rendered":"<p data-start=\"140\" data-end=\"371\">Pantollona elegante slim fit, t\u00eb dizajnuara p\u00ebr mashkullin modern q\u00eb k\u00ebrkon stil dhe rehati n\u00eb t\u00eb nj\u00ebjt\u00ebn koh\u00eb. Prerja e past\u00ebr dhe linjat minimaliste i japin nj\u00eb pamje t\u00eb rafinuar, perfekte p\u00ebr kombinime casual dhe smart-casual.<\/p>\n<p data-start=\"373\" data-end=\"616\">Material premium me tekstur\u00eb t\u00eb but\u00eb dhe elastike, q\u00eb p\u00ebrshtatet natyrsh\u00ebm me trupin dhe garanton rehati gjat\u00eb gjith\u00eb dit\u00ebs. Mbyllje klasike me pull\u00eb dhe zinxhir, xhepa an\u00ebsor funksional\u00eb dhe gjat\u00ebsi moderne mbi ky\u00e7 p\u00ebr nj\u00eb look bashk\u00ebkohor.<\/p>\n<p data-start=\"618\" data-end=\"750\">Disponohen n\u00eb disa ngjyra trendi:<br data-start=\"651\" data-end=\"654\" \/>\u2022 Olive (jeshile ushtarake)<br data-start=\"681\" data-end=\"684\" \/>\u2022 Navy Blue<br data-start=\"695\" data-end=\"698\" \/>\u2022 Kafe<br data-start=\"704\" data-end=\"707\" \/>\u2022 Gri e hapur<br data-start=\"720\" data-end=\"723\" \/>\u2022 E zez\u00eb<br data-start=\"731\" data-end=\"734\" data-is-only-node=\"\" \/>\u2022 Bezhe \/ Krem<\/p>\n<p data-start=\"752\" data-end=\"873\">Kombinohen leht\u00ebsisht me t-shirt t\u00eb bardh\u00eb, k\u00ebmish\u00eb elegante apo atlete minimaliste p\u00ebr nj\u00eb stil t\u00eb past\u00ebr dhe premium.<\/p>\n<p data-start=\"875\" data-end=\"995\">\u2714 Prerje Slim Fit<br data-start=\"892\" data-end=\"895\" \/>\u2714 Material cil\u00ebsor dhe elastik<br data-start=\"925\" data-end=\"928\" \/>\u2714 Stil modern urban<br data-start=\"947\" data-end=\"950\" \/>\u2714 Ideale p\u00ebr p\u00ebrditshm\u00ebri dhe evente casual<\/p>","protected":false},"excerpt":{"rendered":"<p>Pantollona elegante slim fit, t\u00eb dizajnuara p\u00ebr mashkullin modern q\u00eb k\u00ebrkon stil dhe rehati n\u00eb t\u00eb nj\u00ebjt\u00ebn koh\u00eb. Prerja e past\u00ebr dhe linjat minimaliste i japin nj\u00eb pamje t\u00eb rafinuar, perfekte p\u00ebr kombinime casual dhe smart-casual. Material premium me tekstur\u00eb t\u00eb but\u00eb dhe elastike, q\u00eb p\u00ebrshtatet natyrsh\u00ebm me trupin dhe garanton rehati gjat\u00eb gjith\u00eb dit\u00ebs. [&hellip;]<\/p>","protected":false},"featured_media":12068,"comment_status":"open","ping_status":"closed","template":"","meta":[],"product_brand":[],"product_cat":[58],"product_tag":[80,395,57],"class_list":{"0":"post-12055","1":"product","2":"type-product","3":"status-publish","4":"has-post-thumbnail","6":"product_cat-pants","7":"product_tag-elegant","8":"product_tag-pantolla","9":"product_tag-slimfit","11":"first","12":"instock","13":"taxable","14":"shipping-taxable","15":"purchasable","16":"product-type-variable"},"jetpack_sharing_enabled":true,"_links":{"self":[{"href":"https:\/\/urban-clothingstore.com\/en\/wp-json\/wp\/v2\/product\/12055","targetHints":{"allow":["GET"]}}],"collection":[{"href":"https:\/\/urban-clothingstore.com\/en\/wp-json\/wp\/v2\/product"}],"about":[{"href":"https:\/\/urban-clothingstore.com\/en\/wp-json\/wp\/v2\/types\/product"}],"replies":[{"embeddable":true,"href":"https:\/\/urban-clothingstore.com\/en\/wp-json\/wp\/v2\/comments?post=12055"}],"wp:featuredmedia":[{"embeddable":true,"href":"https:\/\/urban-clothingstore.com\/en\/wp-json\/wp\/v2\/media\/12068"}],"wp:attachment":[{"href":"https:\/\/urban-clothingstore.com\/en\/wp-json\/wp\/v2\/media?parent=12055"}],"wp:term":[{"taxonomy":"product_brand","embeddable":true,"href":"https:\/\/urban-clothingstore.com\/en\/wp-json\/wp\/v2\/product_brand?post=12055"},{"taxonomy":"product_cat","embeddable":true,"href":"https:\/\/urban-clothingstore.com\/en\/wp-json\/wp\/v2\/product_cat?post=12055"},{"taxonomy":"product_tag","embeddable":true,"href":"https:\/\/urban-clothingstore.com\/en\/wp-json\/wp\/v2\/product_tag?post=12055"}],"curies":[{"name":"wp","href":"https:\/\/api.w.org\/{rel}","templated":true}]}}