{"id":12194,"date":"2026-02-11T18:18:56","date_gmt":"2026-02-11T18:18:56","guid":{"rendered":"https:\/\/urban-clothingstore.com\/?post_type=product&#038;p=12194"},"modified":"2026-03-09T13:37:40","modified_gmt":"2026-03-09T13:37:40","slug":"polo-premium-slim-fit-me-teksture-black-edition","status":"publish","type":"product","link":"https:\/\/urban-clothingstore.com\/en\/product\/polo-premium-slim-fit-me-teksture-black-edition\/","title":{"rendered":"Polo Premium Slim Fit me Tekstur\u00eb \u2013 Black Edition"},"content":{"rendered":"<p data-start=\"160\" data-end=\"364\">E fort\u00eb, elegante dhe me prezenc\u00eb t\u00eb theksuar.<br data-start=\"206\" data-end=\"209\" \/>Kjo polo Premium Slim Fit n\u00eb ngjyr\u00eb t\u00eb zez\u00eb vjen me tekstur\u00eb delikate horizontale q\u00eb i jep thell\u00ebsi dhe nj\u00eb pamje m\u00eb luksoze krahasuar me nj\u00eb polo klasike.<\/p>\n<p data-start=\"366\" data-end=\"563\">Prerja slim fit thekson linjat e trupit n\u00eb m\u00ebnyr\u00eb elegante, duke krijuar nj\u00eb siluet\u00eb t\u00eb past\u00ebr dhe moderne. Materiali premium \u00ebsht\u00eb i but\u00eb, komod dhe i p\u00ebrshtatsh\u00ebm p\u00ebr p\u00ebrdorim gjat\u00eb gjith\u00eb dit\u00ebs.<\/p>\n<p data-start=\"565\" data-end=\"714\">Ngjyra e zez\u00eb e b\u00ebn nj\u00eb zgjedhje perfekte p\u00ebr kombinime versatile \u2013 nga stil casual me xhinse deri tek kombinime smart-casual me pantallona elegante.<\/p>\n<h3 data-start=\"716\" data-end=\"739\">\u2714 Detajet kryesore:<\/h3>\n<ul data-start=\"740\" data-end=\"894\">\n<li data-start=\"740\" data-end=\"765\">\n<p data-start=\"742\" data-end=\"765\">Model Slim Fit modern<\/p>\n<\/li>\n<li data-start=\"766\" data-end=\"795\">\n<p data-start=\"768\" data-end=\"795\">Tekstur\u00eb premium elegante<\/p>\n<\/li>\n<li data-start=\"796\" data-end=\"821\">\n<p data-start=\"798\" data-end=\"821\">Ngjyr\u00eb e zez\u00eb klasike<\/p>\n<\/li>\n<li data-start=\"822\" data-end=\"853\">\n<p data-start=\"824\" data-end=\"853\">Material i but\u00eb dhe elastik<\/p>\n<\/li>\n<li data-start=\"854\" data-end=\"894\">\n<p data-start=\"856\" data-end=\"894\">Stil minimalist me karakter t\u00eb fort\u00eb<\/p>\n<\/li>\n<\/ul>\n<p data-start=\"896\" data-end=\"1007\">Nj\u00eb polo q\u00eb transmeton vet\u00ebbesim dhe stil t\u00eb kuruar.<br data-start=\"948\" data-end=\"951\" \/>E domosdoshme n\u00eb garderob\u00ebn e \u00e7do mashkulli modern. \ud83d\udd25<\/p>","protected":false},"excerpt":{"rendered":"<p>E fort\u00eb, elegante dhe me prezenc\u00eb t\u00eb theksuar.Kjo polo Premium Slim Fit n\u00eb ngjyr\u00eb t\u00eb zez\u00eb vjen me tekstur\u00eb delikate horizontale q\u00eb i jep thell\u00ebsi dhe nj\u00eb pamje m\u00eb luksoze krahasuar me nj\u00eb polo klasike. Prerja slim fit thekson linjat e trupit n\u00eb m\u00ebnyr\u00eb elegante, duke krijuar nj\u00eb siluet\u00eb t\u00eb past\u00ebr dhe moderne. Materiali premium [&hellip;]<\/p>","protected":false},"featured_media":12119,"comment_status":"open","ping_status":"closed","template":"","meta":[],"product_brand":[],"product_cat":[704],"product_tag":[335,313,297,57],"class_list":{"0":"post-12194","1":"product","2":"type-product","3":"status-publish","4":"has-post-thumbnail","6":"product_cat-premium-slim-fit-t-shirt","7":"product_tag-elegante","8":"product_tag-maice","9":"product_tag-me-jake","10":"product_tag-slimfit","12":"first","13":"instock","14":"taxable","15":"shipping-taxable","16":"purchasable","17":"product-type-variable"},"jetpack_sharing_enabled":true,"_links":{"self":[{"href":"https:\/\/urban-clothingstore.com\/en\/wp-json\/wp\/v2\/product\/12194","targetHints":{"allow":["GET"]}}],"collection":[{"href":"https:\/\/urban-clothingstore.com\/en\/wp-json\/wp\/v2\/product"}],"about":[{"href":"https:\/\/urban-clothingstore.com\/en\/wp-json\/wp\/v2\/types\/product"}],"replies":[{"embeddable":true,"href":"https:\/\/urban-clothingstore.com\/en\/wp-json\/wp\/v2\/comments?post=12194"}],"wp:featuredmedia":[{"embeddable":true,"href":"https:\/\/urban-clothingstore.com\/en\/wp-json\/wp\/v2\/media\/12119"}],"wp:attachment":[{"href":"https:\/\/urban-clothingstore.com\/en\/wp-json\/wp\/v2\/media?parent=12194"}],"wp:term":[{"taxonomy":"product_brand","embeddable":true,"href":"https:\/\/urban-clothingstore.com\/en\/wp-json\/wp\/v2\/product_brand?post=12194"},{"taxonomy":"product_cat","embeddable":true,"href":"https:\/\/urban-clothingstore.com\/en\/wp-json\/wp\/v2\/product_cat?post=12194"},{"taxonomy":"product_tag","embeddable":true,"href":"https:\/\/urban-clothingstore.com\/en\/wp-json\/wp\/v2\/product_tag?post=12194"}],"curies":[{"name":"wp","href":"https:\/\/api.w.org\/{rel}","templated":true}]}}