{"id":1221,"date":"2025-04-06T15:05:56","date_gmt":"2025-04-06T15:05:56","guid":{"rendered":"https:\/\/urban-clothingstore.com\/?post_type=product&#038;p=1221"},"modified":"2025-08-23T13:07:45","modified_gmt":"2025-08-23T13:07:45","slug":"mens-graphic-tee-just-fck-it-bold-statement-shirt-vintage-wash","status":"publish","type":"product","link":"https:\/\/urban-clothingstore.com\/en\/product\/mens-graphic-tee-just-fck-it-bold-statement-shirt-vintage-wash\/","title":{"rendered":"Maic\u00eb me Grafik\u00eb me Sllogan t\u00eb Guximsh\u00ebm \u201cJUST F*CK IT\u201d"},"content":{"rendered":"<p>Thyej rregullat dhe b\u00ebje deklarat\u00ebn t\u00ebnde t\u00eb fort\u00eb me k\u00ebt\u00eb bluz\u00eb grafike p\u00ebr meshkuj me sloganin e guximsh\u00ebm &#8220;JUST F*CK IT&#8221;. E projektuar p\u00ebr ata q\u00eb e jetojn\u00eb jet\u00ebn sipas kushteve t\u00eb tyre, kjo bluz\u00eb kombinon q\u00ebndrimin, rehatin\u00eb dhe stilin e rrug\u00ebs n\u00eb nj\u00eb veshje t\u00eb vetme t\u00eb fuqishme.<\/p>\n<p>E punuar nga pambuk i but\u00eb dhe i ajrossh\u00ebm me nj\u00eb p\u00ebrfundim t\u00eb lar\u00eb vintage, kjo bluz\u00eb \u00ebsht\u00eb po aq e rehatshme sa \u00ebsht\u00eb edhe konfrontuese. Perfekte p\u00ebr pamje rruge, takime t\u00eb rast\u00ebsishme ose p\u00ebr t&#8217;u dalluar nga turma.<\/p>\n<p>\ud83d\udd25Karakteristikat kryesore:<\/p>\n<ul>\n<li>Shtypje e theksuar &#8220;JUST F*CK IT&#8221; p\u00ebrpara<\/li>\n<li>P\u00ebrfundim i zi vintage i lar\u00eb p\u00ebr nj\u00eb atmosfer\u00eb t\u00eb konsumuar<\/li>\n<li>P\u00ebrshtatje e relaksuar me qepje shpatullash t\u00eb l\u00ebshuara<\/li>\n<li>P\u00ebrzierje pambuku e but\u00eb<\/li>\n<li>Jak\u00eb e rrumbullak\u00ebt dhe m\u00ebng\u00eb t\u00eb shkurtra<\/li>\n<li>Ideale p\u00ebr veshje t\u00eb rast\u00ebsishme dhe t\u00eb rrug\u00ebs<\/li>\n<\/ul>\n<p>\ud83e\uddfcUdh\u00ebzime p\u00ebr kujdes:<br \/>\nLajeni n\u00eb lavatri\u00e7e me uj\u00eb t\u00eb ftoht\u00eb nga ana tjet\u00ebr. Mos e zbardhni.<\/p>","protected":false},"excerpt":{"rendered":"<p>Thyej rregullat dhe b\u00ebje deklarat\u00ebn t\u00ebnde t\u00eb fort\u00eb me k\u00ebt\u00eb bluz\u00eb grafike p\u00ebr meshkuj me sloganin e guximsh\u00ebm &#8220;JUST F*CK IT&#8221;. E projektuar p\u00ebr ata q\u00eb e jetojn\u00eb jet\u00ebn sipas kushteve t\u00eb tyre, kjo bluz\u00eb kombinon q\u00ebndrimin, rehatin\u00eb dhe stilin e rrug\u00ebs n\u00eb nj\u00eb veshje t\u00eb vetme t\u00eb fuqishme. E punuar nga pambuk i but\u00eb [&hellip;]<\/p>","protected":false},"featured_media":1222,"comment_status":"open","ping_status":"closed","template":"","meta":[],"product_brand":[],"product_cat":[21],"product_tag":[33,28],"class_list":{"0":"post-1221","1":"product","2":"type-product","3":"status-publish","4":"has-post-thumbnail","6":"product_cat-tshirts","7":"product_tag-oversize","8":"product_tag-t-shirt","10":"first","11":"instock","12":"taxable","13":"shipping-taxable","14":"purchasable","15":"product-type-variable"},"jetpack_sharing_enabled":true,"_links":{"self":[{"href":"https:\/\/urban-clothingstore.com\/en\/wp-json\/wp\/v2\/product\/1221","targetHints":{"allow":["GET"]}}],"collection":[{"href":"https:\/\/urban-clothingstore.com\/en\/wp-json\/wp\/v2\/product"}],"about":[{"href":"https:\/\/urban-clothingstore.com\/en\/wp-json\/wp\/v2\/types\/product"}],"replies":[{"embeddable":true,"href":"https:\/\/urban-clothingstore.com\/en\/wp-json\/wp\/v2\/comments?post=1221"}],"wp:featuredmedia":[{"embeddable":true,"href":"https:\/\/urban-clothingstore.com\/en\/wp-json\/wp\/v2\/media\/1222"}],"wp:attachment":[{"href":"https:\/\/urban-clothingstore.com\/en\/wp-json\/wp\/v2\/media?parent=1221"}],"wp:term":[{"taxonomy":"product_brand","embeddable":true,"href":"https:\/\/urban-clothingstore.com\/en\/wp-json\/wp\/v2\/product_brand?post=1221"},{"taxonomy":"product_cat","embeddable":true,"href":"https:\/\/urban-clothingstore.com\/en\/wp-json\/wp\/v2\/product_cat?post=1221"},{"taxonomy":"product_tag","embeddable":true,"href":"https:\/\/urban-clothingstore.com\/en\/wp-json\/wp\/v2\/product_tag?post=1221"}],"curies":[{"name":"wp","href":"https:\/\/api.w.org\/{rel}","templated":true}]}}