{"id":1254,"date":"2025-04-06T15:29:23","date_gmt":"2025-04-06T15:29:23","guid":{"rendered":"https:\/\/urban-clothingstore.com\/?post_type=product&#038;p=1254"},"modified":"2025-08-23T13:01:26","modified_gmt":"2025-08-23T13:01:26","slug":"strange-hidden-spirits-oversized-black-tee-urban-streetwear-edition","status":"publish","type":"product","link":"https:\/\/urban-clothingstore.com\/en\/product\/strange-hidden-spirits-oversized-black-tee-urban-streetwear-edition\/","title":{"rendered":"Maic\u00eb e zez\u00eb e madhe &#8220;Strange Hidden Spirits&#8221; &#8211; Edicioni Urban Streetwear"},"content":{"rendered":"<p>\u00c7liro alter egon t\u00ebnde me bluz\u00ebn \u201cStrange Hidden Spirits\u201d, nj\u00eb element i guximsh\u00ebm nga rrug\u00ebt p\u00ebr at\u00eb q\u00eb \u00ebsht\u00eb krejt\u00ebsisht ndryshe. Kjo bluz\u00eb e zez\u00eb e madhe flet shum\u00eb me tipografi minimaliste n\u00eb stilin gotik q\u00eb kap misterin, rebelimin dhe freskin\u00eb n\u00ebntok\u00ebsore, t\u00eb gjitha n\u00eb nj\u00eb cop\u00eb.<\/p>\n<p>E b\u00ebr\u00eb nga pambuk i r\u00ebnd\u00eb, kjo bluz\u00eb nuk \u00ebsht\u00eb vet\u00ebm mod\u00eb &#8211; \u00ebsht\u00eb q\u00ebndrim. Qoft\u00eb e veshur me shtresa apo vet\u00ebm, \u00ebsht\u00eb nd\u00ebrtuar p\u00ebr t&#8217;u dalluar pa u munduar shum\u00eb.<\/p>\n<ul>\n<li>Dizajni: Teksti \u201cStrange Hidden Spirits\u201d n\u00eb qend\u00ebr me font t\u00eb bardh\u00eb gotik t\u00eb mpreht\u00eb<\/li>\n<li>P\u00ebrshtatja: E relaksuar dhe e madhe p\u00ebr at\u00eb pamje t\u00eb leht\u00eb t\u00eb veshjes n\u00eb rrug\u00eb<\/li>\n<li>Materiali: Pambuk i cil\u00ebsis\u00eb s\u00eb lart\u00eb p\u00ebr q\u00ebndrueshm\u00ebri dhe rehati<\/li>\n<\/ul>","protected":false},"excerpt":{"rendered":"<p>\u00c7liro alter egon t\u00ebnde me bluz\u00ebn \u201cStrange Hidden Spirits\u201d, nj\u00eb element i guximsh\u00ebm nga rrug\u00ebt p\u00ebr at\u00eb q\u00eb \u00ebsht\u00eb krejt\u00ebsisht ndryshe. Kjo bluz\u00eb e zez\u00eb e madhe flet shum\u00eb me tipografi minimaliste n\u00eb stilin gotik q\u00eb kap misterin, rebelimin dhe freskin\u00eb n\u00ebntok\u00ebsore, t\u00eb gjitha n\u00eb nj\u00eb cop\u00eb. E b\u00ebr\u00eb nga pambuk i r\u00ebnd\u00eb, kjo bluz\u00eb [&hellip;]<\/p>","protected":false},"featured_media":1257,"comment_status":"open","ping_status":"closed","template":"","meta":[],"product_brand":[],"product_cat":[21],"product_tag":[30,28],"class_list":{"0":"post-1254","1":"product","2":"type-product","3":"status-publish","4":"has-post-thumbnail","6":"product_cat-tshirts","7":"product_tag-black","8":"product_tag-t-shirt","10":"first","11":"instock","12":"taxable","13":"shipping-taxable","14":"purchasable","15":"product-type-variable"},"jetpack_sharing_enabled":true,"_links":{"self":[{"href":"https:\/\/urban-clothingstore.com\/en\/wp-json\/wp\/v2\/product\/1254","targetHints":{"allow":["GET"]}}],"collection":[{"href":"https:\/\/urban-clothingstore.com\/en\/wp-json\/wp\/v2\/product"}],"about":[{"href":"https:\/\/urban-clothingstore.com\/en\/wp-json\/wp\/v2\/types\/product"}],"replies":[{"embeddable":true,"href":"https:\/\/urban-clothingstore.com\/en\/wp-json\/wp\/v2\/comments?post=1254"}],"wp:featuredmedia":[{"embeddable":true,"href":"https:\/\/urban-clothingstore.com\/en\/wp-json\/wp\/v2\/media\/1257"}],"wp:attachment":[{"href":"https:\/\/urban-clothingstore.com\/en\/wp-json\/wp\/v2\/media?parent=1254"}],"wp:term":[{"taxonomy":"product_brand","embeddable":true,"href":"https:\/\/urban-clothingstore.com\/en\/wp-json\/wp\/v2\/product_brand?post=1254"},{"taxonomy":"product_cat","embeddable":true,"href":"https:\/\/urban-clothingstore.com\/en\/wp-json\/wp\/v2\/product_cat?post=1254"},{"taxonomy":"product_tag","embeddable":true,"href":"https:\/\/urban-clothingstore.com\/en\/wp-json\/wp\/v2\/product_tag?post=1254"}],"curies":[{"name":"wp","href":"https:\/\/api.w.org\/{rel}","templated":true}]}}