{"id":1263,"date":"2025-04-06T15:38:16","date_gmt":"2025-04-06T15:38:16","guid":{"rendered":"https:\/\/urban-clothingstore.com\/?post_type=product&#038;p=1263"},"modified":"2025-08-23T12:57:16","modified_gmt":"2025-08-23T12:57:16","slug":"thug-life-2pac-tribute-tee-provoke-series-edition","status":"publish","type":"product","link":"https:\/\/urban-clothingstore.com\/en\/product\/thug-life-2pac-tribute-tee-provoke-series-edition\/","title":{"rendered":"Maic\u00eb Tribute p\u00ebr Thug Life\u201d 2Pac \u2013 Edicioni i Seris\u00eb Provoke"},"content":{"rendered":"<p>Kanalizoni energjin\u00eb e pap\u00ebrpunuar dhe trash\u00ebgimin\u00eb ikonike t\u00eb Tupac Shakur me bluz\u00ebn \u201cThug Life\u201d t\u00eb seris\u00eb Provoke. Kjo bluz\u00eb e zez\u00eb \u00ebsht\u00eb nj\u00eb veshje e guximshme, q\u00eb paraqet nj\u00eb kolazh fytyrash dhe pranin\u00eb e guximshme t\u00eb vet\u00eb 2Pac. Nuk \u00ebsht\u00eb vet\u00ebm veshje rruge &#8211; \u00ebsht\u00eb kultur\u00eb.<\/p>\n<p>E krijuar p\u00ebr ata q\u00eb l\u00ebvizin pa u penduar, kjo bluz\u00eb q\u00ebndron si nj\u00eb homazh p\u00ebr z\u00ebrin e rebelimit, poezis\u00eb dhe men\u00e7uris\u00eb s\u00eb rrug\u00ebs. Pavar\u00ebsisht n\u00ebse e mbani t\u00eb qet\u00eb apo b\u00ebni zhurm\u00eb, kjo bluz\u00eb ju mb\u00ebshtet me q\u00ebndrim.<\/p>\n<ul>\n<li>Grafika e p\u00ebrparme: Printim i madh \u201cTHUG LIFE\u201d me nj\u00eb kolazh turme dhe portret t\u00eb 2Pac<\/li>\n<li>Aksente Dizajni: Etiket\u00eb e guximshme \u201cPROVOKE\u201d &#8211; flet shum\u00eb pa th\u00ebn\u00eb asnj\u00eb fjal\u00eb<\/li>\n<li>Materiali: P\u00ebrzierje pambuku e r\u00ebnd\u00eb p\u00ebr nj\u00eb ndjesi t\u00eb strukturuar por t\u00eb but\u00eb<\/li>\n<li>K\u00ebshill\u00eb Stilimi: Visheni mbi xhinse t\u00eb grisura, pantallona cargo ose n\u00ebn nj\u00eb flanel\u00eb &#8211; kjo funksionon shum\u00eb n\u00eb \u00e7do kombinim.<\/li>\n<\/ul>","protected":false},"excerpt":{"rendered":"<p>Kanalizoni energjin\u00eb e pap\u00ebrpunuar dhe trash\u00ebgimin\u00eb ikonike t\u00eb Tupac Shakur me bluz\u00ebn \u201cThug Life\u201d t\u00eb seris\u00eb Provoke. Kjo bluz\u00eb e zez\u00eb \u00ebsht\u00eb nj\u00eb veshje e guximshme, q\u00eb paraqet nj\u00eb kolazh fytyrash dhe pranin\u00eb e guximshme t\u00eb vet\u00eb 2Pac. Nuk \u00ebsht\u00eb vet\u00ebm veshje rruge &#8211; \u00ebsht\u00eb kultur\u00eb. E krijuar p\u00ebr ata q\u00eb l\u00ebvizin pa u penduar, [&hellip;]<\/p>","protected":false},"featured_media":1270,"comment_status":"open","ping_status":"closed","template":"","meta":[],"product_brand":[],"product_cat":[21],"product_tag":[30,28],"class_list":{"0":"post-1263","1":"product","2":"type-product","3":"status-publish","4":"has-post-thumbnail","6":"product_cat-tshirts","7":"product_tag-black","8":"product_tag-t-shirt","10":"first","11":"instock","12":"taxable","13":"shipping-taxable","14":"purchasable","15":"product-type-variable"},"jetpack_sharing_enabled":true,"_links":{"self":[{"href":"https:\/\/urban-clothingstore.com\/en\/wp-json\/wp\/v2\/product\/1263","targetHints":{"allow":["GET"]}}],"collection":[{"href":"https:\/\/urban-clothingstore.com\/en\/wp-json\/wp\/v2\/product"}],"about":[{"href":"https:\/\/urban-clothingstore.com\/en\/wp-json\/wp\/v2\/types\/product"}],"replies":[{"embeddable":true,"href":"https:\/\/urban-clothingstore.com\/en\/wp-json\/wp\/v2\/comments?post=1263"}],"wp:featuredmedia":[{"embeddable":true,"href":"https:\/\/urban-clothingstore.com\/en\/wp-json\/wp\/v2\/media\/1270"}],"wp:attachment":[{"href":"https:\/\/urban-clothingstore.com\/en\/wp-json\/wp\/v2\/media?parent=1263"}],"wp:term":[{"taxonomy":"product_brand","embeddable":true,"href":"https:\/\/urban-clothingstore.com\/en\/wp-json\/wp\/v2\/product_brand?post=1263"},{"taxonomy":"product_cat","embeddable":true,"href":"https:\/\/urban-clothingstore.com\/en\/wp-json\/wp\/v2\/product_cat?post=1263"},{"taxonomy":"product_tag","embeddable":true,"href":"https:\/\/urban-clothingstore.com\/en\/wp-json\/wp\/v2\/product_tag?post=1263"}],"curies":[{"name":"wp","href":"https:\/\/api.w.org\/{rel}","templated":true}]}}