{"id":12707,"date":"2026-02-21T14:13:47","date_gmt":"2026-02-21T14:13:47","guid":{"rendered":"https:\/\/urban-clothingstore.com\/?post_type=product&#038;p=12707"},"modified":"2026-03-23T08:50:20","modified_gmt":"2026-03-23T08:50:20","slug":"polo-premium-slim-fit-me-3-pulla-koleksioni-elegant-modern","status":"publish","type":"product","link":"https:\/\/urban-clothingstore.com\/en\/product\/polo-premium-slim-fit-me-3-pulla-koleksioni-elegant-modern\/","title":{"rendered":"Polo Premium Slim Fit me 3 Pulla \u2013 Koleksioni Elegant Modern"},"content":{"rendered":"<p data-start=\"89\" data-end=\"367\">Kjo polo premium me 3 pulla \u00ebsht\u00eb kombinimi perfekt mes eleganc\u00ebs klasike dhe stilit modern minimalist. E dizajnuar me prerje slim fit q\u00eb p\u00ebrshtatet bukur me trupin, ajo thekson siluet\u00ebn mashkullore duke ruajtur rehati maksimale gjat\u00eb gjith\u00eb dit\u00ebs.<\/p>\n<p data-start=\"369\" data-end=\"598\">Materiali cil\u00ebsor dhe elastik ofron ndjesi t\u00eb but\u00eb n\u00eb l\u00ebkur\u00eb, nd\u00ebrsa jaka klasike dhe detaji me 3 pulla i japin nj\u00eb pamje t\u00eb past\u00ebr dhe t\u00eb sofistikuar. Ideale p\u00ebr kombinime smart-casual, p\u00ebr zyr\u00eb, dalje apo evente gjysm\u00eb-formale.<\/p>\n<p data-start=\"600\" data-end=\"649\">Ngjyrat e disponueshme:<br data-start=\"623\" data-end=\"626\" \/>\u2022 E Zez\u00eb<br data-start=\"634\" data-end=\"637\" \/>\u2022 E Bardh\u00eb<\/p>\n<p data-start=\"651\" data-end=\"772\">\u2714 Prerje Slim Fit<br data-start=\"668\" data-end=\"671\" \/>\u2714 Dizajn minimalist elegant<br data-start=\"698\" data-end=\"701\" \/>\u2714 Jaka klasike me 3 pulla<br data-start=\"726\" data-end=\"729\" \/>\u2714 Ideale p\u00ebr kombinime elegante &amp; moderne<\/p>\n<p data-start=\"774\" data-end=\"870\" data-is-last-node=\"\" data-is-only-node=\"\">Nj\u00eb zgjedhje perfekte p\u00ebr meshkujt q\u00eb duan stil t\u00eb past\u00ebr, t\u00eb rregullt dhe premium n\u00eb \u00e7do detaj.<\/p>","protected":false},"excerpt":{"rendered":"<p>Kjo polo premium me 3 pulla \u00ebsht\u00eb kombinimi perfekt mes eleganc\u00ebs klasike dhe stilit modern minimalist. E dizajnuar me prerje slim fit q\u00eb p\u00ebrshtatet bukur me trupin, ajo thekson siluet\u00ebn mashkullore duke ruajtur rehati maksimale gjat\u00eb gjith\u00eb dit\u00ebs. Materiali cil\u00ebsor dhe elastik ofron ndjesi t\u00eb but\u00eb n\u00eb l\u00ebkur\u00eb, nd\u00ebrsa jaka klasike dhe detaji me 3 [&hellip;]<\/p>","protected":false},"featured_media":12708,"comment_status":"open","ping_status":"closed","template":"","meta":[],"product_brand":[],"product_cat":[21],"product_tag":[652,666,665,655,659,656,657,658,663,651,654,653,664,661,660,662],"class_list":{"0":"post-12707","1":"product","2":"type-product","3":"status-publish","4":"has-post-thumbnail","6":"product_cat-tshirts","7":"product_tag-maice-polo","8":"product_tag-polo-e-bardhe","9":"product_tag-polo-e-zeze","10":"product_tag-polo-elegante","11":"product_tag-polo-klasike","12":"product_tag-polo-me-3-pulla","13":"product_tag-polo-me-jake","14":"product_tag-polo-minimaliste","15":"product_tag-polo-per-dalje","16":"product_tag-polo-per-meshkuj","17":"product_tag-polo-premium","18":"product_tag-polo-slim-fit","19":"product_tag-polo-verore","20":"product_tag-stil-smart-casual","21":"product_tag-veshje-elegante-per-meshkuj","22":"product_tag-veshje-per-zyre","24":"first","25":"instock","26":"sale","27":"taxable","28":"shipping-taxable","29":"purchasable","30":"product-type-variable"},"jetpack_sharing_enabled":true,"_links":{"self":[{"href":"https:\/\/urban-clothingstore.com\/en\/wp-json\/wp\/v2\/product\/12707","targetHints":{"allow":["GET"]}}],"collection":[{"href":"https:\/\/urban-clothingstore.com\/en\/wp-json\/wp\/v2\/product"}],"about":[{"href":"https:\/\/urban-clothingstore.com\/en\/wp-json\/wp\/v2\/types\/product"}],"replies":[{"embeddable":true,"href":"https:\/\/urban-clothingstore.com\/en\/wp-json\/wp\/v2\/comments?post=12707"}],"wp:featuredmedia":[{"embeddable":true,"href":"https:\/\/urban-clothingstore.com\/en\/wp-json\/wp\/v2\/media\/12708"}],"wp:attachment":[{"href":"https:\/\/urban-clothingstore.com\/en\/wp-json\/wp\/v2\/media?parent=12707"}],"wp:term":[{"taxonomy":"product_brand","embeddable":true,"href":"https:\/\/urban-clothingstore.com\/en\/wp-json\/wp\/v2\/product_brand?post=12707"},{"taxonomy":"product_cat","embeddable":true,"href":"https:\/\/urban-clothingstore.com\/en\/wp-json\/wp\/v2\/product_cat?post=12707"},{"taxonomy":"product_tag","embeddable":true,"href":"https:\/\/urban-clothingstore.com\/en\/wp-json\/wp\/v2\/product_tag?post=12707"}],"curies":[{"name":"wp","href":"https:\/\/api.w.org\/{rel}","templated":true}]}}