{"id":1271,"date":"2025-04-06T15:45:43","date_gmt":"2025-04-06T15:45:43","guid":{"rendered":"https:\/\/urban-clothingstore.com\/?post_type=product&#038;p=1271"},"modified":"2025-08-23T10:25:47","modified_gmt":"2025-08-23T10:25:47","slug":"washed-una-heavyweight-tee-raw-stitch-edition","status":"publish","type":"product","link":"https:\/\/urban-clothingstore.com\/en\/product\/washed-una-heavyweight-tee-raw-stitch-edition\/","title":{"rendered":"Maic\u00eb &#8220;UNA&#8221; &#8211; Edicion me qepje t\u00eb pap\u00ebrpunuar"},"content":{"rendered":"<p>Minimal n\u00eb fjal\u00eb, i fuqish\u00ebm n\u00eb energji. Bluza e lar\u00eb &#8220;UNA&#8221; me qepje t\u00eb pap\u00ebrpunuara flet me tekstur\u00eb, ton dhe prani. Me shkronja t\u00eb ngritura tonale me q\u00ebndisje t\u00eb pap\u00ebrpunuar t\u00eb skajeve t\u00eb grisura, kjo bluz\u00eb t\u00ebrheq fort me nj\u00eb larje vintage q\u00eb ndihet e jetuar q\u00eb nga dita e par\u00eb.<\/p>\n<p>E krijuar si p\u00ebr ata q\u00eb nuk k\u00ebrkojn\u00eb falje ashtu edhe p\u00ebr ata q\u00eb nuk b\u00ebjn\u00eb shum\u00eb mundim, kjo bluz\u00eb e r\u00ebnd\u00eb \u00ebsht\u00eb nd\u00ebrtuar p\u00ebr t&#8217;u veshur n\u00eb shtresa, stiluar dhe p\u00ebr t\u00eb t\u00ebrhequr v\u00ebmendjen.<\/p>\n<p>Detaje t\u00eb teksturuara p\u00ebrpara: &#8220;UNA&#8221; me tonalitet t\u00eb ngritur me nj\u00eb prekje delikate p\u00ebr nj\u00eb ndjesi t\u00eb pap\u00ebrpunuar dhe rebele.<\/p>\n<ul>\n<li>Zbehja vintage jep at\u00eb pamje t\u00eb konsumuar pa b\u00ebr\u00eb kompromis me cil\u00ebsin\u00eb.<\/li>\n<li>Jaka e rrumbullak\u00ebt dhe e madhe p\u00ebr nj\u00eb siluet\u00eb t\u00eb relaksuar rruge.<\/li>\n<li>Pambuk premium me pesh\u00eb t\u00eb mesme.<\/li>\n<li>K\u00ebshill\u00eb stilimi: Kombinohet n\u00eb m\u00ebnyr\u00eb perfekte me cargo, xhins t\u00eb err\u00ebt ose e veshur n\u00ebn nj\u00eb flanel\u00eb ose bomber.<\/li>\n<\/ul>","protected":false},"excerpt":{"rendered":"<p>Minimal n\u00eb fjal\u00eb, i fuqish\u00ebm n\u00eb energji. Bluza e lar\u00eb &#8220;UNA&#8221; me qepje t\u00eb pap\u00ebrpunuara flet me tekstur\u00eb, ton dhe prani. Me shkronja t\u00eb ngritura tonale me q\u00ebndisje t\u00eb pap\u00ebrpunuar t\u00eb skajeve t\u00eb grisura, kjo bluz\u00eb t\u00ebrheq fort me nj\u00eb larje vintage q\u00eb ndihet e jetuar q\u00eb nga dita e par\u00eb. E krijuar si p\u00ebr [&hellip;]<\/p>","protected":false},"featured_media":1273,"comment_status":"open","ping_status":"closed","template":"","meta":[],"product_brand":[],"product_cat":[21],"product_tag":[30,28],"class_list":{"0":"post-1271","1":"product","2":"type-product","3":"status-publish","4":"has-post-thumbnail","6":"product_cat-tshirts","7":"product_tag-black","8":"product_tag-t-shirt","10":"first","11":"instock","12":"taxable","13":"shipping-taxable","14":"purchasable","15":"product-type-variable"},"jetpack_sharing_enabled":true,"_links":{"self":[{"href":"https:\/\/urban-clothingstore.com\/en\/wp-json\/wp\/v2\/product\/1271","targetHints":{"allow":["GET"]}}],"collection":[{"href":"https:\/\/urban-clothingstore.com\/en\/wp-json\/wp\/v2\/product"}],"about":[{"href":"https:\/\/urban-clothingstore.com\/en\/wp-json\/wp\/v2\/types\/product"}],"replies":[{"embeddable":true,"href":"https:\/\/urban-clothingstore.com\/en\/wp-json\/wp\/v2\/comments?post=1271"}],"wp:featuredmedia":[{"embeddable":true,"href":"https:\/\/urban-clothingstore.com\/en\/wp-json\/wp\/v2\/media\/1273"}],"wp:attachment":[{"href":"https:\/\/urban-clothingstore.com\/en\/wp-json\/wp\/v2\/media?parent=1271"}],"wp:term":[{"taxonomy":"product_brand","embeddable":true,"href":"https:\/\/urban-clothingstore.com\/en\/wp-json\/wp\/v2\/product_brand?post=1271"},{"taxonomy":"product_cat","embeddable":true,"href":"https:\/\/urban-clothingstore.com\/en\/wp-json\/wp\/v2\/product_cat?post=1271"},{"taxonomy":"product_tag","embeddable":true,"href":"https:\/\/urban-clothingstore.com\/en\/wp-json\/wp\/v2\/product_tag?post=1271"}],"curies":[{"name":"wp","href":"https:\/\/api.w.org\/{rel}","templated":true}]}}